
{"id":27149,"date":"2023-07-06T15:46:47","date_gmt":"2023-07-06T15:46:47","guid":{"rendered":"https:\/\/dev.eunitecidos.pt\/?post_type=product&#038;p=27149"},"modified":"2024-09-30T07:06:45","modified_gmt":"2024-09-30T07:06:45","slug":"painel-barras-100-algodao-infantil-2","status":"publish","type":"product","link":"https:\/\/dev.eunitecidos.pt\/es\/loja\/texteis\/painel-barras-100-algodao-infantil-2\/","title":{"rendered":"Panel | Barras | 100% Algod\u00f3n | Ni\u00f1os"},"content":{"rendered":"<p>Panel | Barras | 100% Algod\u00f3n | Ni\u00f1os<\/p>\n<p>Panel de 60cm por 1,5mt, compuesto por cuatro barras diferentes, cada una de 15cm de alto y 1,5mt de ancho.<\/p>\n<p>A menudo se utiliza para hacer barras en pa\u00f1ales, toallas, pa\u00f1os de cocina, etc.<\/p>\n<p>Tejido 100% Algod\u00f3n<\/p>\n<p>1,5 de ancho por 60 cm de alto<\/p>","protected":false},"excerpt":{"rendered":"<p>Panel | Barras | 100% Algod\u00f3n | Ni\u00f1os 60cm por 1.5mt Panel, compuesto de cuatro barras diferentes, cada una de 15cm de alto y 1.5mt de ancho. A menudo se utiliza para hacer barras para pa\u00f1ales, toallas, pa\u00f1os de cocina, etc. Tejido 100% Algod\u00f3n 1,5cm de ancho por 60cm de alto<\/p>","protected":false},"featured_media":27075,"comment_status":"closed","ping_status":"closed","template":"","meta":{"_seopress_robots_primary_cat":"69","_seopress_titles_title":"Painel Infantil 100% Algod\u00e3o | Barras de Tecido","_seopress_titles_desc":"Descubra nosso painel infantil de barras em tecido 100% algod\u00e3o, perfeito para decorar fraldas, toalhas e panos de cozinha. Encomende j\u00e1!","_seopress_robots_index":""},"product_brand":[],"product_cat":[194,196,381,2961,135,69],"product_tag":[315,2782,443,298,2767,2888,319,364,778,321,1321,516,1898,515,1619,302,2887,522,491,2789,90,320,2162,2792,2035,417],"class_list":{"0":"post-27149","1":"product","2":"type-product","3":"status-publish","4":"has-post-thumbnail","6":"product_cat-algodao-organico","7":"product_cat-estampados","8":"product_cat-infantis-tecido-100-algodao","9":"product_cat-painel-de-barras","10":"product_cat-tecido-100-algodao","11":"product_cat-texteis","12":"product_tag-100-algodao","13":"product_tag-algas","14":"product_tag-algodao-organico","15":"product_tag-azul","16":"product_tag-baleia","17":"product_tag-barras","18":"product_tag-bege","19":"product_tag-borboletas","20":"product_tag-bordo","21":"product_tag-branco","22":"product_tag-caranguejo","23":"product_tag-castanho","24":"product_tag-cavalo-marinho","25":"product_tag-coral","26":"product_tag-estampado-infantil","27":"product_tag-estrelas","28":"product_tag-painel","29":"product_tag-peixes","30":"product_tag-preto","31":"product_tag-raia","32":"product_tag-riscas","33":"product_tag-rosa","34":"product_tag-rosas","35":"product_tag-tartaruga","36":"product_tag-unicornio","37":"product_tag-ursos","39":"first","40":"instock","41":"taxable","42":"shipping-taxable","43":"purchasable","44":"product-type-simple"},"_links":{"self":[{"href":"https:\/\/dev.eunitecidos.pt\/es\/wp-json\/wp\/v2\/product\/27149","targetHints":{"allow":["GET"]}}],"collection":[{"href":"https:\/\/dev.eunitecidos.pt\/es\/wp-json\/wp\/v2\/product"}],"about":[{"href":"https:\/\/dev.eunitecidos.pt\/es\/wp-json\/wp\/v2\/types\/product"}],"replies":[{"embeddable":true,"href":"https:\/\/dev.eunitecidos.pt\/es\/wp-json\/wp\/v2\/comments?post=27149"}],"wp:featuredmedia":[{"embeddable":true,"href":"https:\/\/dev.eunitecidos.pt\/es\/wp-json\/wp\/v2\/media\/27075"}],"wp:attachment":[{"href":"https:\/\/dev.eunitecidos.pt\/es\/wp-json\/wp\/v2\/media?parent=27149"}],"wp:term":[{"taxonomy":"product_brand","embeddable":true,"href":"https:\/\/dev.eunitecidos.pt\/es\/wp-json\/wp\/v2\/product_brand?post=27149"},{"taxonomy":"product_cat","embeddable":true,"href":"https:\/\/dev.eunitecidos.pt\/es\/wp-json\/wp\/v2\/product_cat?post=27149"},{"taxonomy":"product_tag","embeddable":true,"href":"https:\/\/dev.eunitecidos.pt\/es\/wp-json\/wp\/v2\/product_tag?post=27149"}],"curies":[{"name":"wp","href":"https:\/\/api.w.org\/{rel}","templated":true}]}}