
{"id":28614,"date":"2023-09-12T12:46:53","date_gmt":"2023-09-12T12:46:53","guid":{"rendered":"https:\/\/dev.eunitecidos.pt\/?post_type=product&#038;p=28614"},"modified":"2024-09-10T12:26:47","modified_gmt":"2024-09-10T12:26:47","slug":"tecido-algodao-100-algodao-natal-floco-de-neve","status":"publish","type":"product","link":"https:\/\/dev.eunitecidos.pt\/es\/loja\/texteis\/tecido-algodao-100-algodao-natal-floco-de-neve\/","title":{"rendered":"Tela de algod\u00f3n | 100% Algod\u00f3n | Navidad | Copo de nieve"},"content":{"rendered":"<p>Tela de algod\u00f3n | 100% Algod\u00f3n | Navidad | Copo de nieve<\/p>\n<p>Tejido 100% Algod\u00f3n org\u00e1nico<\/p>\n<p>Certificado OEKO-TEX<\/p>\n<p>1,50 Anchura<\/p>","protected":false},"excerpt":{"rendered":"<p>Tecido Algod\u00e3o | 100% Algod\u00e3o | Natal | Floco de Neve Tecido 100% Algod\u00e3o Org\u00e2nico Certificado OEKO-TEX 1,50 Largura<\/p>","protected":false},"featured_media":28573,"comment_status":"closed","ping_status":"closed","template":"","meta":{"_seopress_robots_primary_cat":"69","_seopress_titles_title":"Tecido Algod\u00e3o Org\u00e2nico Certificado OEKO-TEX | Natal","_seopress_titles_desc":"Descubra o tecido de algod\u00e3o org\u00e2nico certificado OEKO-TEX perfeito para a sua decora\u00e7\u00e3o de Natal. Dispon\u00edvel em 1,50m de largura.","_seopress_robots_index":""},"product_brand":[],"product_cat":[194,2518,135,199,69],"product_tag":[315,443,896,340,2535,2434,1793,1575,1712,453],"class_list":{"0":"post-28614","1":"product","2":"type-product","3":"status-publish","4":"has-post-thumbnail","6":"product_cat-algodao-organico","7":"product_cat-natal","8":"product_cat-tecido-100-algodao","9":"product_cat-tematicos","10":"product_cat-texteis","11":"product_tag-100-algodao","12":"product_tag-algodao-organico","13":"product_tag-dourado","14":"product_tag-estampado","15":"product_tag-floco-de-neve","16":"product_tag-fundo-verde-escuro","17":"product_tag-lurex","18":"product_tag-natal","19":"product_tag-tecido-algodao","20":"product_tag-vermelho","22":"first","23":"instock","24":"taxable","25":"shipping-taxable","26":"purchasable","27":"product-type-simple"},"_links":{"self":[{"href":"https:\/\/dev.eunitecidos.pt\/es\/wp-json\/wp\/v2\/product\/28614","targetHints":{"allow":["GET"]}}],"collection":[{"href":"https:\/\/dev.eunitecidos.pt\/es\/wp-json\/wp\/v2\/product"}],"about":[{"href":"https:\/\/dev.eunitecidos.pt\/es\/wp-json\/wp\/v2\/types\/product"}],"replies":[{"embeddable":true,"href":"https:\/\/dev.eunitecidos.pt\/es\/wp-json\/wp\/v2\/comments?post=28614"}],"wp:featuredmedia":[{"embeddable":true,"href":"https:\/\/dev.eunitecidos.pt\/es\/wp-json\/wp\/v2\/media\/28573"}],"wp:attachment":[{"href":"https:\/\/dev.eunitecidos.pt\/es\/wp-json\/wp\/v2\/media?parent=28614"}],"wp:term":[{"taxonomy":"product_brand","embeddable":true,"href":"https:\/\/dev.eunitecidos.pt\/es\/wp-json\/wp\/v2\/product_brand?post=28614"},{"taxonomy":"product_cat","embeddable":true,"href":"https:\/\/dev.eunitecidos.pt\/es\/wp-json\/wp\/v2\/product_cat?post=28614"},{"taxonomy":"product_tag","embeddable":true,"href":"https:\/\/dev.eunitecidos.pt\/es\/wp-json\/wp\/v2\/product_tag?post=28614"}],"curies":[{"name":"wp","href":"https:\/\/api.w.org\/{rel}","templated":true}]}}