
{"id":28903,"date":"2023-10-04T07:37:42","date_gmt":"2023-10-04T07:37:42","guid":{"rendered":"https:\/\/dev.eunitecidos.pt\/?post_type=product&#038;p=28903"},"modified":"2024-11-05T13:16:29","modified_gmt":"2024-11-05T13:16:29","slug":"tecido-brushed-checks-estampado-xadrez","status":"publish","type":"product","link":"https:\/\/dev.eunitecidos.pt\/es\/loja\/texteis\/tecido-brushed-checks-estampado-xadrez\/","title":{"rendered":"Tela escocesa | Estampado | Tela escocesa"},"content":{"rendered":"<p>Tela escocesa | Estampado | Tela escocesa<\/p>\n<p>Tejido suave y c\u00e1lido, de tacto muy similar a la franela. Ideal para confeccionar ropa.<\/p>\n<p>Tambi\u00e9n puede utilizarse para la costura creativa para hacer bolsos, maletas y cubiertas de libros, entre otras cosas.<\/p>\n<p>Composici\u00f3n 65% Poli\u00e9ster 35% Algod\u00f3n 150gr\/m2<\/p>\n<p>1,45 metros de ancho<\/p>","protected":false},"excerpt":{"rendered":"<p>Plaid | Estampado | A cuadros Tejido suave y c\u00e1lido, de tacto muy similar a la franela. Ideal para confeccionar ropa. Tambi\u00e9n se puede utilizar para costura creativa para hacer bolsos, maletas, fundas de libros y otros art\u00edculos. Composici\u00f3n 65% Poli\u00e9ster 35% Algod\u00f3n 150gr\/m2 1,45 metros de ancho<\/p>","protected":false},"featured_media":28874,"comment_status":"closed","ping_status":"closed","template":"","meta":{"_seopress_robots_primary_cat":"69","_seopress_titles_title":"Tecido xadrez | Confe\u00e7\u00e3o de vestu\u00e1rio e costura criativa","_seopress_titles_desc":"Tecido macio e quente semelhante \u00e0 flanela. Composi\u00e7\u00e3o de 65% Poli\u00e9ster e 35% Algod\u00e3o. Perfeito para costura criativa em sacos, malas, capas de livros, etc.","_seopress_robots_index":""},"product_brand":[],"product_cat":[146,1695,69,1611,234],"product_tag":[290,563,321,3000,602,3016,1612,340,3020,2185,1613,3040,453,378,444],"class_list":{"0":"post-28903","1":"product","2":"type-product","3":"status-publish","4":"has-post-thumbnail","6":"product_cat-flanelas","7":"product_cat-tecidos-de-vestuario","8":"product_cat-texteis","9":"product_cat-xadres-escoces","10":"product_cat-xadrez","11":"product_tag-algodao","12":"product_tag-azul-escuro","13":"product_tag-branco","14":"product_tag-brushed-checks","15":"product_tag-camel","16":"product_tag-confecao-por-medida","17":"product_tag-escoces","18":"product_tag-estampado","19":"product_tag-outono-inverno","20":"product_tag-poliester","21":"product_tag-tartan","22":"product_tag-tendencias","23":"product_tag-vermelho","24":"product_tag-vestuario","25":"product_tag-xadrez","27":"first","28":"instock","29":"taxable","30":"shipping-taxable","31":"purchasable","32":"product-type-simple"},"_links":{"self":[{"href":"https:\/\/dev.eunitecidos.pt\/es\/wp-json\/wp\/v2\/product\/28903","targetHints":{"allow":["GET"]}}],"collection":[{"href":"https:\/\/dev.eunitecidos.pt\/es\/wp-json\/wp\/v2\/product"}],"about":[{"href":"https:\/\/dev.eunitecidos.pt\/es\/wp-json\/wp\/v2\/types\/product"}],"replies":[{"embeddable":true,"href":"https:\/\/dev.eunitecidos.pt\/es\/wp-json\/wp\/v2\/comments?post=28903"}],"wp:featuredmedia":[{"embeddable":true,"href":"https:\/\/dev.eunitecidos.pt\/es\/wp-json\/wp\/v2\/media\/28874"}],"wp:attachment":[{"href":"https:\/\/dev.eunitecidos.pt\/es\/wp-json\/wp\/v2\/media?parent=28903"}],"wp:term":[{"taxonomy":"product_brand","embeddable":true,"href":"https:\/\/dev.eunitecidos.pt\/es\/wp-json\/wp\/v2\/product_brand?post=28903"},{"taxonomy":"product_cat","embeddable":true,"href":"https:\/\/dev.eunitecidos.pt\/es\/wp-json\/wp\/v2\/product_cat?post=28903"},{"taxonomy":"product_tag","embeddable":true,"href":"https:\/\/dev.eunitecidos.pt\/es\/wp-json\/wp\/v2\/product_tag?post=28903"}],"curies":[{"name":"wp","href":"https:\/\/api.w.org\/{rel}","templated":true}]}}