
{"id":2908,"date":"2021-06-29T13:33:48","date_gmt":"2021-06-29T13:33:48","guid":{"rendered":"https:\/\/dev.eunitecidos.pt\/?post_type=product&#038;p=2908"},"modified":"2026-01-06T11:29:45","modified_gmt":"2026-01-06T11:29:45","slug":"fecho-zipper-malha-5-turquesa-607","status":"publish","type":"product","link":"https:\/\/dev.eunitecidos.pt\/es\/loja\/cores\/fecho-zipper-malha-5-turquesa-607\/","title":{"rendered":"Cierre de cremallera | Malla 5 | Turquesa 607"},"content":{"rendered":"<p>Cierre de cremallera | Malla 5<\/p>\n<p>Cierro el Metro<\/p>\n<p>Cremallera de un metro con cursor independiente.<\/p>\n<p>&nbsp;<\/p>\n<p>&nbsp;<\/p>","protected":false},"excerpt":{"rendered":"<p>Cierre de cremallera | Malla 5<\/p>\n<p>Cierro el Metro<\/p>\n<p>Cremallera de un metro con cursor independiente.<\/p>","protected":false},"featured_media":2937,"comment_status":"open","ping_status":"closed","template":"","meta":{"_seopress_robots_primary_cat":"122","_seopress_titles_title":"Fecho Zipper | Malha 5 Fecho a Metro","_seopress_titles_desc":"Encontre o fecho a metro perfeito para o seu projeto de costura. Malha 5 de qualidade e cursor separado para facilitar a aplica\u00e7\u00e3o. Compre j\u00e1!","_seopress_robots_index":""},"product_brand":[],"product_cat":[124,122,276,278],"product_tag":[862,879,876,875,890,878,320,767,891,874,889],"class_list":{"0":"post-2908","1":"product","2":"type-product","3":"status-publish","4":"has-post-thumbnail","6":"product_cat-azul","7":"product_cat-cores","8":"product_cat-fecho-zipper-metro","9":"product_cat-malha-5","10":"product_tag-bolsas","11":"product_tag-cursores","12":"product_tag-fecho","13":"product_tag-fechos-a-metro","14":"product_tag-malha-5","15":"product_tag-metro","16":"product_tag-rosa","17":"product_tag-sacos","18":"product_tag-turquesa","19":"product_tag-zipper","20":"product_tag-zipper-a-metro","22":"first","23":"instock","24":"taxable","25":"shipping-taxable","26":"purchasable","27":"product-type-simple"},"_links":{"self":[{"href":"https:\/\/dev.eunitecidos.pt\/es\/wp-json\/wp\/v2\/product\/2908","targetHints":{"allow":["GET"]}}],"collection":[{"href":"https:\/\/dev.eunitecidos.pt\/es\/wp-json\/wp\/v2\/product"}],"about":[{"href":"https:\/\/dev.eunitecidos.pt\/es\/wp-json\/wp\/v2\/types\/product"}],"replies":[{"embeddable":true,"href":"https:\/\/dev.eunitecidos.pt\/es\/wp-json\/wp\/v2\/comments?post=2908"}],"wp:featuredmedia":[{"embeddable":true,"href":"https:\/\/dev.eunitecidos.pt\/es\/wp-json\/wp\/v2\/media\/2937"}],"wp:attachment":[{"href":"https:\/\/dev.eunitecidos.pt\/es\/wp-json\/wp\/v2\/media?parent=2908"}],"wp:term":[{"taxonomy":"product_brand","embeddable":true,"href":"https:\/\/dev.eunitecidos.pt\/es\/wp-json\/wp\/v2\/product_brand?post=2908"},{"taxonomy":"product_cat","embeddable":true,"href":"https:\/\/dev.eunitecidos.pt\/es\/wp-json\/wp\/v2\/product_cat?post=2908"},{"taxonomy":"product_tag","embeddable":true,"href":"https:\/\/dev.eunitecidos.pt\/es\/wp-json\/wp\/v2\/product_tag?post=2908"}],"curies":[{"name":"wp","href":"https:\/\/api.w.org\/{rel}","templated":true}]}}