
{"id":2956,"date":"2021-06-29T14:42:36","date_gmt":"2021-06-29T14:42:36","guid":{"rendered":"https:\/\/dev.eunitecidos.pt\/?post_type=product&#038;p=2956"},"modified":"2026-01-06T11:28:31","modified_gmt":"2026-01-06T11:28:31","slug":"fecho-zipper-malha-5-rosa-fuscia-545","status":"publish","type":"product","link":"https:\/\/dev.eunitecidos.pt\/es\/loja\/cores\/fecho-zipper-malha-5-rosa-fuscia-545\/","title":{"rendered":"Cierre de cremallera | Malla 5 | Rosa Fuscia 545"},"content":{"rendered":"<p>Cierre de cremallera | Malla 5<\/p>\n<p>Cierro el Metro<\/p>\n<p>Cremallera de un metro con cursor independiente.<\/p>\n<p>&nbsp;<\/p>\n<p>&nbsp;<\/p>","protected":false},"excerpt":{"rendered":"<p>Cierre de cremallera | Malla 5<\/p>\n<p>Cierro el Metro<\/p>\n<p>Cremallera de un metro con cursor independiente.<\/p>","protected":false},"featured_media":2916,"comment_status":"open","ping_status":"closed","template":"","meta":{"_seopress_robots_primary_cat":"122","_seopress_titles_title":"Fecho Zipper | Malha 5 Fecho a Metro","_seopress_titles_desc":"Descubra o fecho a metro de malha 5 com cursor separado ideal para os seus projetos de costura. Encomende j\u00e1 e d\u00ea vida \u00e0s suas pe\u00e7as de roupa!","_seopress_robots_index":""},"product_brand":[],"product_cat":[122,276,278,132],"product_tag":[862,879,876,875,880,890,878,320,723,767,874,889],"class_list":{"0":"post-2956","1":"product","2":"type-product","3":"status-publish","4":"has-post-thumbnail","6":"product_cat-cores","7":"product_cat-fecho-zipper-metro","8":"product_cat-malha-5","9":"product_cat-rosa","10":"product_tag-bolsas","11":"product_tag-cursores","12":"product_tag-fecho","13":"product_tag-fechos-a-metro","14":"product_tag-fuscia","15":"product_tag-malha-5","16":"product_tag-metro","17":"product_tag-rosa","18":"product_tag-rosa-fuscia","19":"product_tag-sacos","20":"product_tag-zipper","21":"product_tag-zipper-a-metro","23":"first","24":"instock","25":"taxable","26":"shipping-taxable","27":"purchasable","28":"product-type-simple"},"_links":{"self":[{"href":"https:\/\/dev.eunitecidos.pt\/es\/wp-json\/wp\/v2\/product\/2956","targetHints":{"allow":["GET"]}}],"collection":[{"href":"https:\/\/dev.eunitecidos.pt\/es\/wp-json\/wp\/v2\/product"}],"about":[{"href":"https:\/\/dev.eunitecidos.pt\/es\/wp-json\/wp\/v2\/types\/product"}],"replies":[{"embeddable":true,"href":"https:\/\/dev.eunitecidos.pt\/es\/wp-json\/wp\/v2\/comments?post=2956"}],"wp:featuredmedia":[{"embeddable":true,"href":"https:\/\/dev.eunitecidos.pt\/es\/wp-json\/wp\/v2\/media\/2916"}],"wp:attachment":[{"href":"https:\/\/dev.eunitecidos.pt\/es\/wp-json\/wp\/v2\/media?parent=2956"}],"wp:term":[{"taxonomy":"product_brand","embeddable":true,"href":"https:\/\/dev.eunitecidos.pt\/es\/wp-json\/wp\/v2\/product_brand?post=2956"},{"taxonomy":"product_cat","embeddable":true,"href":"https:\/\/dev.eunitecidos.pt\/es\/wp-json\/wp\/v2\/product_cat?post=2956"},{"taxonomy":"product_tag","embeddable":true,"href":"https:\/\/dev.eunitecidos.pt\/es\/wp-json\/wp\/v2\/product_tag?post=2956"}],"curies":[{"name":"wp","href":"https:\/\/api.w.org\/{rel}","templated":true}]}}