
{"id":2962,"date":"2021-06-29T14:53:52","date_gmt":"2021-06-29T14:53:52","guid":{"rendered":"https:\/\/dev.eunitecidos.pt\/?post_type=product&#038;p=2962"},"modified":"2026-01-27T21:17:52","modified_gmt":"2026-01-27T21:17:52","slug":"fecho-zipper-malha-5-preto-prateado","status":"publish","type":"product","link":"https:\/\/dev.eunitecidos.pt\/es\/loja\/cores\/fecho-zipper-malha-5-preto-prateado\/","title":{"rendered":"Cierre de cremallera | Malla 5 | Negro + Plata"},"content":{"rendered":"<p>Fecho Zipper | Malha 5 |<\/p>\n<p>Fecho a metro com cursor vendido em separado.<\/p>\n<p>&nbsp;<\/p>\n<p>&nbsp;<\/p>","protected":false},"excerpt":{"rendered":"<p>Cierre de cremallera | Malla 5<\/p>\n<p>Cierro el Metro<\/p>\n<p>Cremallera de un metro con cursor independiente.<\/p>","protected":false},"featured_media":2924,"comment_status":"open","ping_status":"closed","template":"","meta":{"_seopress_robots_primary_cat":"122","_seopress_titles_title":"Fecho Zipper Malha 5 | Fecho a Metro com Cursor Separado","_seopress_titles_desc":"Descubra o fecho a metro com cursor separado de alta qualidade, ideal para projetos criativos. Compre o seu hoje e d\u00ea um toque \u00fanico \u00e0s suas pe\u00e7as!","_seopress_robots_index":""},"product_brand":[],"product_cat":[122,276,278,127],"product_tag":[862,879,876,875,890,878,897,320,767,874,889],"class_list":{"0":"post-2962","1":"product","2":"type-product","3":"status-publish","4":"has-post-thumbnail","6":"product_cat-cores","7":"product_cat-fecho-zipper-metro","8":"product_cat-malha-5","9":"product_cat-preto","10":"product_tag-bolsas","11":"product_tag-cursores","12":"product_tag-fecho","13":"product_tag-fechos-a-metro","14":"product_tag-malha-5","15":"product_tag-metro","16":"product_tag-prateado","17":"product_tag-rosa","18":"product_tag-sacos","19":"product_tag-zipper","20":"product_tag-zipper-a-metro","22":"first","23":"instock","24":"taxable","25":"shipping-taxable","26":"purchasable","27":"product-type-simple"},"_links":{"self":[{"href":"https:\/\/dev.eunitecidos.pt\/es\/wp-json\/wp\/v2\/product\/2962","targetHints":{"allow":["GET"]}}],"collection":[{"href":"https:\/\/dev.eunitecidos.pt\/es\/wp-json\/wp\/v2\/product"}],"about":[{"href":"https:\/\/dev.eunitecidos.pt\/es\/wp-json\/wp\/v2\/types\/product"}],"replies":[{"embeddable":true,"href":"https:\/\/dev.eunitecidos.pt\/es\/wp-json\/wp\/v2\/comments?post=2962"}],"wp:featuredmedia":[{"embeddable":true,"href":"https:\/\/dev.eunitecidos.pt\/es\/wp-json\/wp\/v2\/media\/2924"}],"wp:attachment":[{"href":"https:\/\/dev.eunitecidos.pt\/es\/wp-json\/wp\/v2\/media?parent=2962"}],"wp:term":[{"taxonomy":"product_brand","embeddable":true,"href":"https:\/\/dev.eunitecidos.pt\/es\/wp-json\/wp\/v2\/product_brand?post=2962"},{"taxonomy":"product_cat","embeddable":true,"href":"https:\/\/dev.eunitecidos.pt\/es\/wp-json\/wp\/v2\/product_cat?post=2962"},{"taxonomy":"product_tag","embeddable":true,"href":"https:\/\/dev.eunitecidos.pt\/es\/wp-json\/wp\/v2\/product_tag?post=2962"}],"curies":[{"name":"wp","href":"https:\/\/api.w.org\/{rel}","templated":true}]}}