
{"id":29969,"date":"2023-10-27T14:50:00","date_gmt":"2023-10-27T14:50:00","guid":{"rendered":"https:\/\/dev.eunitecidos.pt\/?post_type=product&#038;p=29969"},"modified":"2025-01-20T01:30:22","modified_gmt":"2025-01-20T01:30:22","slug":"tecido-100-algodao-estampado-infantil-ursinho-arco-iris-3","status":"publish","type":"product","link":"https:\/\/dev.eunitecidos.pt\/es\/loja\/texteis\/tecido-100-algodao-estampado-infantil-ursinho-arco-iris-3\/","title":{"rendered":"Tela 100% Algod\u00f3n | Estampado Infantil | Oso Arco Iris"},"content":{"rendered":"<p>Tela 100% Algod\u00f3n | Estampado Infantil | Oso Arco Iris<\/p>\n<p>Tejido 100% Algod\u00f3n org\u00e1nico<\/p>\n<p>Certificado OEKO-TEX<\/p>\n<p>1,50 Anchura<\/p>","protected":false},"excerpt":{"rendered":"<p>Tela 100% Algod\u00f3n | Estampado Infantil | Tela Oso Arco Iris 100% Algod\u00f3n Ecol\u00f3gico Certificado OEKO-TEX 1.50 Ancho<\/p>","protected":false},"featured_media":29858,"comment_status":"closed","ping_status":"closed","template":"","meta":{"_seopress_robots_primary_cat":"69","_seopress_titles_title":"Tecido 100% Algod\u00e3o Estampado Infantil Ursinho Arco \u00cdris","_seopress_titles_desc":"Conhe\u00e7a o nosso tecido 100% algod\u00e3o org\u00e2nico estampado com Ursinho Arco \u00cdris. Ideal para projetos infantis. Com 1,50m de largura.","_seopress_robots_index":""},"product_brand":[],"product_cat":[194,196,381,135,69],"product_tag":[315,443,358,298,321,516,1619,302,2001,491,1712,1374],"class_list":{"0":"post-29969","1":"product","2":"type-product","3":"status-publish","4":"has-post-thumbnail","6":"product_cat-algodao-organico","7":"product_cat-estampados","8":"product_cat-infantis-tecido-100-algodao","9":"product_cat-tecido-100-algodao","10":"product_cat-texteis","11":"product_tag-100-algodao","12":"product_tag-algodao-organico","13":"product_tag-arco-iris","14":"product_tag-azul","15":"product_tag-branco","16":"product_tag-castanho","17":"product_tag-estampado-infantil","18":"product_tag-estrelas","19":"product_tag-fundo-bege","20":"product_tag-preto","21":"product_tag-tecido-algodao","22":"product_tag-ursinhos","24":"first","25":"instock","26":"taxable","27":"shipping-taxable","28":"purchasable","29":"product-type-simple"},"_links":{"self":[{"href":"https:\/\/dev.eunitecidos.pt\/es\/wp-json\/wp\/v2\/product\/29969","targetHints":{"allow":["GET"]}}],"collection":[{"href":"https:\/\/dev.eunitecidos.pt\/es\/wp-json\/wp\/v2\/product"}],"about":[{"href":"https:\/\/dev.eunitecidos.pt\/es\/wp-json\/wp\/v2\/types\/product"}],"replies":[{"embeddable":true,"href":"https:\/\/dev.eunitecidos.pt\/es\/wp-json\/wp\/v2\/comments?post=29969"}],"wp:featuredmedia":[{"embeddable":true,"href":"https:\/\/dev.eunitecidos.pt\/es\/wp-json\/wp\/v2\/media\/29858"}],"wp:attachment":[{"href":"https:\/\/dev.eunitecidos.pt\/es\/wp-json\/wp\/v2\/media?parent=29969"}],"wp:term":[{"taxonomy":"product_brand","embeddable":true,"href":"https:\/\/dev.eunitecidos.pt\/es\/wp-json\/wp\/v2\/product_brand?post=29969"},{"taxonomy":"product_cat","embeddable":true,"href":"https:\/\/dev.eunitecidos.pt\/es\/wp-json\/wp\/v2\/product_cat?post=29969"},{"taxonomy":"product_tag","embeddable":true,"href":"https:\/\/dev.eunitecidos.pt\/es\/wp-json\/wp\/v2\/product_tag?post=29969"}],"curies":[{"name":"wp","href":"https:\/\/api.w.org\/{rel}","templated":true}]}}