
{"id":30633,"date":"2023-11-26T20:19:27","date_gmt":"2023-11-26T20:19:27","guid":{"rendered":"https:\/\/dev.eunitecidos.pt\/?post_type=product&#038;p=30633"},"modified":"2025-01-22T12:59:46","modified_gmt":"2025-01-22T12:59:46","slug":"tecido-minimat-100-poliester-liso-laranja-66","status":"publish","type":"product","link":"https:\/\/dev.eunitecidos.pt\/es\/loja\/texteis\/tecido-minimat-100-poliester-liso-laranja-66\/","title":{"rendered":"Tejido Minimat | 100% Poli\u00e9ster | Liso | Naranja 66"},"content":{"rendered":"<p>Tejido Minimat | 100% Poli\u00e9ster | Liso | Naranja 66<\/p>\n<p>Tejido de poli\u00e9ster 100%, de secado r\u00e1pido, antimanchas, no se arruga.<\/p>\n<p>Tejido ligero y fluido, muy vers\u00e1til con muchos usos y un precio bajo.<\/p>\n<p>Tejido ideal para impresi\u00f3n y sublimaci\u00f3n.<\/p>\n<p>Ideal para manteles de catering. Se utiliza para disfraces de carnaval o fiestas tem\u00e1ticas.<\/p>\n<p>1,5 metros de ancho 190gr\/m2<\/p>","protected":false},"excerpt":{"rendered":"<p>Tecido Minimat | 100% Poli\u00e9ster | Liso | Laranja 66 Tecido 100% poli\u00e9ster, de secagem r\u00e1pida, antin\u00f3doa, n\u00e3o amarrota. Tecido de ca\u00edda leve e fluida, bastante vers\u00e1til com variad\u00edssimas utiliza\u00e7\u00f5es e de pre\u00e7o baixo. Tecido ideal para estampagem e sublima\u00e7\u00e3o. Ideal para toalhas de mesa em restaura\u00e7\u00e3o. Utilizado para vestu\u00e1rio de carnaval ou festas tem\u00e1ticas. [&hellip;]<\/p>","protected":false},"featured_media":30530,"comment_status":"closed","ping_status":"closed","template":"","meta":{"_seopress_robots_primary_cat":"69","_seopress_titles_title":"Tecido Minimat Laranja 66 | 100% Poli\u00e9ster Antin\u00f3doa","_seopress_titles_desc":"Descubra o tecido Minimat 100% poli\u00e9ster de alta qualidade em laranja 66. Ideal para diversas utiliza\u00e7\u00f5es, de pre\u00e7o acess\u00edvel e resistente a n\u00f3doas e vincos.","_seopress_robots_index":""},"product_brand":[],"product_cat":[1665,156,69],"product_tag":[707,1810,1885,1992,581,706,424,677,2060,2657,2835,3106],"class_list":{"0":"post-30633","1":"product","2":"type-product","3":"status-publish","4":"has-post-thumbnail","6":"product_cat-atoalhados","7":"product_cat-minimate","8":"product_cat-texteis","9":"product_tag-100-poliester","10":"product_tag-anti-nodoa","11":"product_tag-atoalhado","12":"product_tag-carnaval","13":"product_tag-cortinas","14":"product_tag-decoracao","15":"product_tag-laranja","16":"product_tag-liso","17":"product_tag-marchas","18":"product_tag-minimat","19":"product_tag-secagem-rapida","20":"product_tag-versatil","22":"first","23":"instock","24":"taxable","25":"shipping-taxable","26":"purchasable","27":"product-type-simple"},"_links":{"self":[{"href":"https:\/\/dev.eunitecidos.pt\/es\/wp-json\/wp\/v2\/product\/30633","targetHints":{"allow":["GET"]}}],"collection":[{"href":"https:\/\/dev.eunitecidos.pt\/es\/wp-json\/wp\/v2\/product"}],"about":[{"href":"https:\/\/dev.eunitecidos.pt\/es\/wp-json\/wp\/v2\/types\/product"}],"replies":[{"embeddable":true,"href":"https:\/\/dev.eunitecidos.pt\/es\/wp-json\/wp\/v2\/comments?post=30633"}],"wp:featuredmedia":[{"embeddable":true,"href":"https:\/\/dev.eunitecidos.pt\/es\/wp-json\/wp\/v2\/media\/30530"}],"wp:attachment":[{"href":"https:\/\/dev.eunitecidos.pt\/es\/wp-json\/wp\/v2\/media?parent=30633"}],"wp:term":[{"taxonomy":"product_brand","embeddable":true,"href":"https:\/\/dev.eunitecidos.pt\/es\/wp-json\/wp\/v2\/product_brand?post=30633"},{"taxonomy":"product_cat","embeddable":true,"href":"https:\/\/dev.eunitecidos.pt\/es\/wp-json\/wp\/v2\/product_cat?post=30633"},{"taxonomy":"product_tag","embeddable":true,"href":"https:\/\/dev.eunitecidos.pt\/es\/wp-json\/wp\/v2\/product_tag?post=30633"}],"curies":[{"name":"wp","href":"https:\/\/api.w.org\/{rel}","templated":true}]}}