
{"id":30810,"date":"2023-12-06T21:53:35","date_gmt":"2023-12-06T21:53:35","guid":{"rendered":"https:\/\/dev.eunitecidos.pt\/?post_type=product&#038;p=30810"},"modified":"2026-01-05T18:01:33","modified_gmt":"2026-01-05T18:01:33","slug":"turco-algodao-cru","status":"publish","type":"product","link":"https:\/\/dev.eunitecidos.pt\/es\/loja\/texteis\/turco-algodao-cru\/","title":{"rendered":"Algod\u00f3n turco | Sin blanquear"},"content":{"rendered":"<p>Algod\u00f3n turco | Sin blanquear<\/p>\n<p>100% Algod\u00f3n<\/p>\n<p>400 gramos<\/p>\n<p>Acabado turco en los laterales.<\/p>\n<p>1,50 Anchura<\/p>\n<p>Turco, ideal para toallas de ba\u00f1o y pa\u00f1os de cocina.<\/p>","protected":false},"excerpt":{"rendered":"<p>Turco Algod\u00e3o | Cru 100% Algod\u00e3o 400 Gramas Turco com acabamento nas laterais. 1.50 Largura Turco ideal para Toalhas de Banho, Panos de Cozinha.<\/p>","protected":false},"featured_media":30543,"comment_status":"closed","ping_status":"closed","template":"","meta":{"_seopress_robots_primary_cat":"69","_seopress_titles_title":"Turco Algod\u00e3o 100% Cru | 400g | Ideal para Banho e Cozinha","_seopress_titles_desc":"Descubra o turco de algod\u00e3o cru de alta qualidade, ideal para fazer toalhas de banho e panos de cozinha. Compre agora e sinta a diferen\u00e7a!","_seopress_robots_index":""},"product_brand":[],"product_cat":[69,238,153],"product_tag":[315,885,585,2726],"class_list":{"0":"post-30810","1":"product","2":"type-product","3":"status-publish","4":"has-post-thumbnail","6":"product_cat-texteis","7":"product_cat-turco-algodao","8":"product_cat-turcos","9":"product_tag-100-algodao","10":"product_tag-cru","11":"product_tag-turco","12":"product_tag-turco-algodao","14":"first","15":"instock","16":"taxable","17":"shipping-taxable","18":"purchasable","19":"product-type-simple"},"_links":{"self":[{"href":"https:\/\/dev.eunitecidos.pt\/es\/wp-json\/wp\/v2\/product\/30810","targetHints":{"allow":["GET"]}}],"collection":[{"href":"https:\/\/dev.eunitecidos.pt\/es\/wp-json\/wp\/v2\/product"}],"about":[{"href":"https:\/\/dev.eunitecidos.pt\/es\/wp-json\/wp\/v2\/types\/product"}],"replies":[{"embeddable":true,"href":"https:\/\/dev.eunitecidos.pt\/es\/wp-json\/wp\/v2\/comments?post=30810"}],"wp:featuredmedia":[{"embeddable":true,"href":"https:\/\/dev.eunitecidos.pt\/es\/wp-json\/wp\/v2\/media\/30543"}],"wp:attachment":[{"href":"https:\/\/dev.eunitecidos.pt\/es\/wp-json\/wp\/v2\/media?parent=30810"}],"wp:term":[{"taxonomy":"product_brand","embeddable":true,"href":"https:\/\/dev.eunitecidos.pt\/es\/wp-json\/wp\/v2\/product_brand?post=30810"},{"taxonomy":"product_cat","embeddable":true,"href":"https:\/\/dev.eunitecidos.pt\/es\/wp-json\/wp\/v2\/product_cat?post=30810"},{"taxonomy":"product_tag","embeddable":true,"href":"https:\/\/dev.eunitecidos.pt\/es\/wp-json\/wp\/v2\/product_tag?post=30810"}],"curies":[{"name":"wp","href":"https:\/\/api.w.org\/{rel}","templated":true}]}}