
{"id":31129,"date":"2024-01-03T14:03:21","date_gmt":"2024-01-03T14:03:21","guid":{"rendered":"https:\/\/dev.eunitecidos.pt\/?post_type=product&#038;p=31129"},"modified":"2025-05-26T01:41:13","modified_gmt":"2025-05-26T01:41:13","slug":"lame-liso-elastano-preto","status":"publish","type":"product","link":"https:\/\/dev.eunitecidos.pt\/es\/loja\/texteis\/lame-liso-elastano-preto\/","title":{"rendered":"Lam\u00e9 | Liso | Elastano | Negro"},"content":{"rendered":"<p>Lam\u00e9 | Liso | Elastano | Negro<\/p>\n<p>Punto muy el\u00e1stico, brillante por un lado.<\/p>\n<p>Ideal para polainas y disfraces de carnaval<\/p>\n<p>Composici\u00f3n 95% Poli\u00e9ster 5% Spandex 262gr\/m2<\/p>\n<p>1,50 Anchura<\/p>","protected":false},"excerpt":{"rendered":"<p>Lam\u00e9 | Liso | Elastano | Preto Malha com bastante elasticidade, brilhante numa das faces. Ideal para legins e fantasias de carnaval Composi\u00e7\u00e3o 95% Poli\u00e9ster 5% Spandex 262gr\/m2 1,50 Largura<\/p>","protected":false},"featured_media":31123,"comment_status":"closed","ping_status":"closed","template":"","meta":{"_seopress_robots_primary_cat":"69","_seopress_titles_title":"Tecido Lam\u00e9 Preto Elastano","_seopress_titles_desc":"Malha brilhante com elasticidade, perfeita para criar pe\u00e7as justas e chamativas. Composi\u00e7\u00e3o 95% Poli\u00e9ster 5% Spandex, 262gr\/m2 1,50 Largura.","_seopress_robots_index":""},"product_brand":[],"product_cat":[2016,199,69],"product_tag":[1992,1614,2696,677,2185,491,2647],"class_list":{"0":"post-31129","1":"product","2":"type-product","3":"status-publish","4":"has-post-thumbnail","6":"product_cat-carnaval","7":"product_cat-tematicos","8":"product_cat-texteis","9":"product_tag-carnaval","10":"product_tag-elasticidade","11":"product_tag-lame","12":"product_tag-liso","13":"product_tag-poliester","14":"product_tag-preto","15":"product_tag-spandex","17":"first","18":"instock","19":"taxable","20":"shipping-taxable","21":"purchasable","22":"product-type-simple"},"_links":{"self":[{"href":"https:\/\/dev.eunitecidos.pt\/es\/wp-json\/wp\/v2\/product\/31129","targetHints":{"allow":["GET"]}}],"collection":[{"href":"https:\/\/dev.eunitecidos.pt\/es\/wp-json\/wp\/v2\/product"}],"about":[{"href":"https:\/\/dev.eunitecidos.pt\/es\/wp-json\/wp\/v2\/types\/product"}],"replies":[{"embeddable":true,"href":"https:\/\/dev.eunitecidos.pt\/es\/wp-json\/wp\/v2\/comments?post=31129"}],"wp:featuredmedia":[{"embeddable":true,"href":"https:\/\/dev.eunitecidos.pt\/es\/wp-json\/wp\/v2\/media\/31123"}],"wp:attachment":[{"href":"https:\/\/dev.eunitecidos.pt\/es\/wp-json\/wp\/v2\/media?parent=31129"}],"wp:term":[{"taxonomy":"product_brand","embeddable":true,"href":"https:\/\/dev.eunitecidos.pt\/es\/wp-json\/wp\/v2\/product_brand?post=31129"},{"taxonomy":"product_cat","embeddable":true,"href":"https:\/\/dev.eunitecidos.pt\/es\/wp-json\/wp\/v2\/product_cat?post=31129"},{"taxonomy":"product_tag","embeddable":true,"href":"https:\/\/dev.eunitecidos.pt\/es\/wp-json\/wp\/v2\/product_tag?post=31129"}],"curies":[{"name":"wp","href":"https:\/\/api.w.org\/{rel}","templated":true}]}}