
{"id":31655,"date":"2024-01-31T15:29:21","date_gmt":"2024-01-31T15:29:21","guid":{"rendered":"https:\/\/dev.eunitecidos.pt\/?post_type=product&#038;p=31655"},"modified":"2026-01-08T09:50:53","modified_gmt":"2026-01-08T09:50:53","slug":"tecidos-100-algodao-licencas-disney-mickey-4","status":"publish","type":"product","link":"https:\/\/dev.eunitecidos.pt\/es\/loja\/texteis\/tecidos-100-algodao-licencas-disney-mickey-4\/","title":{"rendered":"Telas 100% Algod\u00f3n | Licencias Disney | Mickey"},"content":{"rendered":"<p>Telas 100% Algod\u00f3n | Licencias Disney | Mickey<\/p>\n<p>100% Algod\u00f3n<\/p>\n<p>1,40 Anchura<\/p>\n<p>Certificado Oeko-Tex<\/p>","protected":false},"excerpt":{"rendered":"<p>Tecidos 100% Algod\u00e3o | Licen\u00e7as Disney | Mickey 100% Algod\u00e3o 1.40 Largura Certificado Oeko-Tex<\/p>","protected":false},"featured_media":31524,"comment_status":"closed","ping_status":"closed","template":"","meta":{"_seopress_robots_primary_cat":"69","_seopress_titles_title":"Tecidos 100% Algod\u00e3o | Licen\u00e7as Disney | Mickey 1.40 Largura Certificado Oeko-Tex","_seopress_titles_desc":"Descubra os tecidos 100% Algod\u00e3o com licen\u00e7as Disney, como o tecido Mickey! Certificado Oeko-Tex e alta qualidade. Aproveite j\u00e1!","_seopress_robots_index":""},"product_brand":[],"product_cat":[194,195,381,135,69],"product_tag":[315,307,319,321,1619,302,2260,451,452,491,1712,756,102,453],"class_list":{"0":"post-31655","1":"product","2":"type-product","3":"status-publish","4":"has-post-thumbnail","6":"product_cat-algodao-organico","7":"product_cat-disney-licencas","8":"product_cat-infantis-tecido-100-algodao","9":"product_cat-tecido-100-algodao","10":"product_cat-texteis","11":"product_tag-100-algodao","12":"product_tag-amarelo","13":"product_tag-bege","14":"product_tag-branco","15":"product_tag-estampado-infantil","16":"product_tag-estrelas","17":"product_tag-fundo-turquesa","18":"product_tag-licencas","19":"product_tag-mickey","20":"product_tag-preto","21":"product_tag-tecido-algodao","22":"product_tag-tecidos-disney","23":"product_tag-verde","24":"product_tag-vermelho","26":"first","27":"instock","28":"taxable","29":"shipping-taxable","30":"purchasable","31":"product-type-simple"},"_links":{"self":[{"href":"https:\/\/dev.eunitecidos.pt\/es\/wp-json\/wp\/v2\/product\/31655","targetHints":{"allow":["GET"]}}],"collection":[{"href":"https:\/\/dev.eunitecidos.pt\/es\/wp-json\/wp\/v2\/product"}],"about":[{"href":"https:\/\/dev.eunitecidos.pt\/es\/wp-json\/wp\/v2\/types\/product"}],"replies":[{"embeddable":true,"href":"https:\/\/dev.eunitecidos.pt\/es\/wp-json\/wp\/v2\/comments?post=31655"}],"wp:featuredmedia":[{"embeddable":true,"href":"https:\/\/dev.eunitecidos.pt\/es\/wp-json\/wp\/v2\/media\/31524"}],"wp:attachment":[{"href":"https:\/\/dev.eunitecidos.pt\/es\/wp-json\/wp\/v2\/media?parent=31655"}],"wp:term":[{"taxonomy":"product_brand","embeddable":true,"href":"https:\/\/dev.eunitecidos.pt\/es\/wp-json\/wp\/v2\/product_brand?post=31655"},{"taxonomy":"product_cat","embeddable":true,"href":"https:\/\/dev.eunitecidos.pt\/es\/wp-json\/wp\/v2\/product_cat?post=31655"},{"taxonomy":"product_tag","embeddable":true,"href":"https:\/\/dev.eunitecidos.pt\/es\/wp-json\/wp\/v2\/product_tag?post=31655"}],"curies":[{"name":"wp","href":"https:\/\/api.w.org\/{rel}","templated":true}]}}