
{"id":31658,"date":"2024-01-31T15:43:22","date_gmt":"2024-01-31T15:43:22","guid":{"rendered":"https:\/\/dev.eunitecidos.pt\/?post_type=product&#038;p=31658"},"modified":"2025-08-18T11:51:44","modified_gmt":"2025-08-18T11:51:44","slug":"tecidos-100-algodao-licencas-sega-sonic","status":"publish","type":"product","link":"https:\/\/dev.eunitecidos.pt\/es\/loja\/texteis\/tecidos-100-algodao-licencas-sega-sonic\/","title":{"rendered":"Tela 100% Algod\u00f3n | Licencias Sega | Sonic"},"content":{"rendered":"<p>Tela 100% Algod\u00f3n | Licencias Sega | Sonic<\/p>\n<p>100% Algod\u00f3n<\/p>\n<p>1,40 Anchura<\/p>\n<p>Certificado Oeko-Tex<\/p>","protected":false},"excerpt":{"rendered":"<p>Tejidos 100% Algod\u00f3n | Licencias Sega | Sonic 100% Algod\u00f3n 1.40 Ancho Certificado Oeko-Tex<\/p>","protected":false},"featured_media":31506,"comment_status":"closed","ping_status":"closed","template":"","meta":{"_seopress_robots_primary_cat":"69","_seopress_titles_title":"Tecidos 100% Algod\u00e3o com Licen\u00e7a Sega | Sonic Certificado Oeko-Tex","_seopress_titles_desc":"Descubra os tecidos Sonic 100% Algod\u00e3o de 1.40 Largura com Certificado Oeko-Tex. Qualidade excepcional para os f\u00e3s da Sega!","_seopress_robots_index":""},"product_brand":[],"product_cat":[194,195,381,135,69],"product_tag":[315,307,884,321,351,1619,2260,424,3137,3139,3138,1712,102,453],"class_list":{"0":"post-31658","1":"product","2":"type-product","3":"status-publish","4":"has-post-thumbnail","6":"product_cat-algodao-organico","7":"product_cat-disney-licencas","8":"product_cat-infantis-tecido-100-algodao","9":"product_cat-tecido-100-algodao","10":"product_cat-texteis","11":"product_tag-100-algodao","12":"product_tag-amarelo","13":"product_tag-azulao","14":"product_tag-branco","15":"product_tag-cinza","16":"product_tag-estampado-infantil","17":"product_tag-fundo-turquesa","18":"product_tag-laranja","19":"product_tag-lecencas","20":"product_tag-sega","21":"product_tag-sonic","22":"product_tag-tecido-algodao","23":"product_tag-verde","24":"product_tag-vermelho","26":"first","27":"instock","28":"taxable","29":"shipping-taxable","30":"purchasable","31":"product-type-simple"},"_links":{"self":[{"href":"https:\/\/dev.eunitecidos.pt\/es\/wp-json\/wp\/v2\/product\/31658","targetHints":{"allow":["GET"]}}],"collection":[{"href":"https:\/\/dev.eunitecidos.pt\/es\/wp-json\/wp\/v2\/product"}],"about":[{"href":"https:\/\/dev.eunitecidos.pt\/es\/wp-json\/wp\/v2\/types\/product"}],"replies":[{"embeddable":true,"href":"https:\/\/dev.eunitecidos.pt\/es\/wp-json\/wp\/v2\/comments?post=31658"}],"wp:featuredmedia":[{"embeddable":true,"href":"https:\/\/dev.eunitecidos.pt\/es\/wp-json\/wp\/v2\/media\/31506"}],"wp:attachment":[{"href":"https:\/\/dev.eunitecidos.pt\/es\/wp-json\/wp\/v2\/media?parent=31658"}],"wp:term":[{"taxonomy":"product_brand","embeddable":true,"href":"https:\/\/dev.eunitecidos.pt\/es\/wp-json\/wp\/v2\/product_brand?post=31658"},{"taxonomy":"product_cat","embeddable":true,"href":"https:\/\/dev.eunitecidos.pt\/es\/wp-json\/wp\/v2\/product_cat?post=31658"},{"taxonomy":"product_tag","embeddable":true,"href":"https:\/\/dev.eunitecidos.pt\/es\/wp-json\/wp\/v2\/product_tag?post=31658"}],"curies":[{"name":"wp","href":"https:\/\/api.w.org\/{rel}","templated":true}]}}