
{"id":3175,"date":"2021-07-01T00:18:14","date_gmt":"2021-07-01T00:18:14","guid":{"rendered":"https:\/\/dev.eunitecidos.pt\/?post_type=product&#038;p=3175"},"modified":"2026-01-23T11:32:15","modified_gmt":"2026-01-23T11:32:15","slug":"entretela-de-tecido-3-gramagens","status":"publish","type":"product","link":"https:\/\/dev.eunitecidos.pt\/es\/loja\/cores\/entretela-de-tecido-3-gramagens\/","title":{"rendered":"Entretela de tela | 85 Gr | 160 Gr | 205 Gr"},"content":{"rendered":"<p>Termosellar la entretela de tela con una plancha.<\/p>\n<p>100% Algod\u00f3n<\/p>\n<p>Grados:<\/p>\n<p>85 gramos<\/p>\n<p>160 gramos<\/p>\n<p>205 gramos<\/p>\n<p>Entretela de tejido r\u00edgido, permite que el tejido se endurezca, evitando que se deshilache.<\/p>","protected":false},"excerpt":{"rendered":"<p>Termosellar la entretela de tela con una plancha.<\/p>\n<p>100% Algod\u00f3n<\/p>\n<p>Grados:<\/p>\n<p>85 gramos<\/p>\n<p>160 gramos<\/p>\n<p>205 gramos<\/p>\n<p>Entretela de tejido r\u00edgido, permite que el tejido se endurezca, evitando que se deshilache.<\/p>","protected":false},"featured_media":4964,"comment_status":"open","ping_status":"closed","template":"","meta":{"_seopress_robots_primary_cat":"122","_seopress_titles_title":"Entretela r\u00edgida de Tecido 100% Algod\u00e3o","_seopress_titles_desc":"Proteja e d\u00ea mais durabilidade aos seus tecidos com nossa entretela termocolante de qualidade 100% algod\u00e3o. Escolha entre 85g, 160g ou 205g. Experimente!","_seopress_robots_index":""},"product_brand":[],"product_cat":[270,271,269,131,122,172,71],"product_tag":[976,971,973,972,974,975],"class_list":{"0":"post-3175","1":"product","2":"type-product","3":"status-publish","4":"has-post-thumbnail","6":"product_cat-160gr","7":"product_cat-205gr","8":"product_cat-85gr","9":"product_cat-branco","10":"product_cat-cores","11":"product_cat-entretela-tecido","12":"product_cat-enchimentos-estruturadores","13":"product_tag-branca","14":"product_tag-enchimentos","15":"product_tag-entretela-de-tecido","16":"product_tag-entrtelas","17":"product_tag-entrtetela-rigida","18":"product_tag-termocolante","19":"pa_cor-160-gramas","20":"pa_cor-205-gramas","21":"pa_cor-85-gramas","23":"first","24":"instock","25":"taxable","26":"shipping-taxable","27":"purchasable","28":"product-type-variable"},"_links":{"self":[{"href":"https:\/\/dev.eunitecidos.pt\/es\/wp-json\/wp\/v2\/product\/3175","targetHints":{"allow":["GET"]}}],"collection":[{"href":"https:\/\/dev.eunitecidos.pt\/es\/wp-json\/wp\/v2\/product"}],"about":[{"href":"https:\/\/dev.eunitecidos.pt\/es\/wp-json\/wp\/v2\/types\/product"}],"replies":[{"embeddable":true,"href":"https:\/\/dev.eunitecidos.pt\/es\/wp-json\/wp\/v2\/comments?post=3175"}],"wp:featuredmedia":[{"embeddable":true,"href":"https:\/\/dev.eunitecidos.pt\/es\/wp-json\/wp\/v2\/media\/4964"}],"wp:attachment":[{"href":"https:\/\/dev.eunitecidos.pt\/es\/wp-json\/wp\/v2\/media?parent=3175"}],"wp:term":[{"taxonomy":"product_brand","embeddable":true,"href":"https:\/\/dev.eunitecidos.pt\/es\/wp-json\/wp\/v2\/product_brand?post=3175"},{"taxonomy":"product_cat","embeddable":true,"href":"https:\/\/dev.eunitecidos.pt\/es\/wp-json\/wp\/v2\/product_cat?post=3175"},{"taxonomy":"product_tag","embeddable":true,"href":"https:\/\/dev.eunitecidos.pt\/es\/wp-json\/wp\/v2\/product_tag?post=3175"}],"curies":[{"name":"wp","href":"https:\/\/api.w.org\/{rel}","templated":true}]}}