
{"id":31932,"date":"2024-02-15T18:10:27","date_gmt":"2024-02-15T18:10:27","guid":{"rendered":"https:\/\/dev.eunitecidos.pt\/?post_type=product&#038;p=31932"},"modified":"2026-01-08T17:44:29","modified_gmt":"2026-01-08T17:44:29","slug":"feltro-liso-verde-bilhar-6001","status":"publish","type":"product","link":"https:\/\/dev.eunitecidos.pt\/es\/loja\/texteis\/feltros\/feltro-liso-verde-bilhar-6001\/","title":{"rendered":"Fieltro | Liso | Billar Verde 6001"},"content":{"rendered":"<p>Fieltro | Liso | Billar Verde 6001<\/p>\n<p>El fieltro es una tela no tejida.<\/p>\n<p>Se fabrica comprimiendo y ligando fibras hasta que se unen para formar un tejido resistente.<\/p>\n<p>Es una de las formas de tejido m\u00e1s antiguas que se conocen.<\/p>\n<p>El fieltro se utiliza para fabricar sombreros, abrigos y es muy usado en artesan\u00eda y disfraces de carnaval.<\/p>\n<p>Lavable y no se deshilacha al cortarla.<\/p>\n<p>Composici\u00f3n: 100% Poli\u00e9ster 180 gr\/m2<\/p>\n<p>90 cm Anchura<\/p>","protected":false},"excerpt":{"rendered":"<p>Feltro | Liso | Verde Bilhar 6001 O feltro \u00e9 um TNT (Tecido n\u00e3o Tecido) \u00c9 feito comprimindo e ligando fibras, at\u00e9 se juntarem para formar um tecido forte. \u00c9 uma das formas de tecido mais antigas conhecidas. O feltro \u00e9 usado no fabrico de chap\u00e9us, casacos, e muito utilizado em trabalhos de artesanato e [&hellip;]<\/p>","protected":false},"featured_media":31821,"comment_status":"closed","ping_status":"closed","template":"","meta":{"_seopress_robots_primary_cat":"150","_seopress_titles_title":"Feltro Verde Bilhar | Tecido N\u00e3o Tecido Resistente","_seopress_titles_desc":"Feltro liso verde bilhar 6001, ideal para chap\u00e9us, casacos e artesanato. Lav\u00e1vel e resistente. Composi\u00e7\u00e3o: 100% Poli\u00e9ster.","_seopress_robots_index":""},"product_brand":[],"product_cat":[2016,150,199,69],"product_tag":[707,2017,677,3143],"class_list":{"0":"post-31932","1":"product","2":"type-product","3":"status-publish","4":"has-post-thumbnail","6":"product_cat-carnaval","7":"product_cat-feltros","8":"product_cat-tematicos","9":"product_cat-texteis","10":"product_tag-100-poliester","11":"product_tag-feltro","12":"product_tag-liso","13":"product_tag-verde-bilhar","15":"first","16":"instock","17":"taxable","18":"shipping-taxable","19":"purchasable","20":"product-type-simple"},"_links":{"self":[{"href":"https:\/\/dev.eunitecidos.pt\/es\/wp-json\/wp\/v2\/product\/31932","targetHints":{"allow":["GET"]}}],"collection":[{"href":"https:\/\/dev.eunitecidos.pt\/es\/wp-json\/wp\/v2\/product"}],"about":[{"href":"https:\/\/dev.eunitecidos.pt\/es\/wp-json\/wp\/v2\/types\/product"}],"replies":[{"embeddable":true,"href":"https:\/\/dev.eunitecidos.pt\/es\/wp-json\/wp\/v2\/comments?post=31932"}],"wp:featuredmedia":[{"embeddable":true,"href":"https:\/\/dev.eunitecidos.pt\/es\/wp-json\/wp\/v2\/media\/31821"}],"wp:attachment":[{"href":"https:\/\/dev.eunitecidos.pt\/es\/wp-json\/wp\/v2\/media?parent=31932"}],"wp:term":[{"taxonomy":"product_brand","embeddable":true,"href":"https:\/\/dev.eunitecidos.pt\/es\/wp-json\/wp\/v2\/product_brand?post=31932"},{"taxonomy":"product_cat","embeddable":true,"href":"https:\/\/dev.eunitecidos.pt\/es\/wp-json\/wp\/v2\/product_cat?post=31932"},{"taxonomy":"product_tag","embeddable":true,"href":"https:\/\/dev.eunitecidos.pt\/es\/wp-json\/wp\/v2\/product_tag?post=31932"}],"curies":[{"name":"wp","href":"https:\/\/api.w.org\/{rel}","templated":true}]}}