
{"id":32283,"date":"2024-03-01T11:44:43","date_gmt":"2024-03-01T11:44:43","guid":{"rendered":"https:\/\/dev.eunitecidos.pt\/?post_type=product&#038;p=32283"},"modified":"2025-02-21T15:55:35","modified_gmt":"2025-02-21T15:55:35","slug":"tecido-confecao-vestuario-algodao-c-lurex-dourado-xadrez","status":"publish","type":"product","link":"https:\/\/dev.eunitecidos.pt\/es\/loja\/texteis\/tecido-confecao-vestuario-algodao-c-lurex-dourado-xadrez\/","title":{"rendered":"Tela | Ropa | Algod\u00f3n Con Lurex Dorado | Plaid"},"content":{"rendered":"<p>Tela | Ropa | Algod\u00f3n Con Lurex Dorado | Plaid<\/p>\n<p>Tejido ligero y fluido, ideal para prendas de vestir<\/p>\n<p>Composici\u00f3n 93% Algod\u00f3n 7% Lurex 75 gr\/m2<\/p>\n<p>Certificado OEKO-TEX<\/p>\n<p>1,44 Anchura<\/p>","protected":false},"excerpt":{"rendered":"<p>Tecido Confe\u00e7\u00e3o | Vestu\u00e1rio | Algod\u00e3o C\/Lurex Dourado | Xadrez Tecido leve e fluido, ideal para vestu\u00e1rio Composi\u00e7\u00e3o 93% Algod\u00e3o\u00a0 7% Lurex 75 gr\/m2 Certificado OEKO-TEX 1,44 Largura<\/p>","protected":false},"featured_media":32284,"comment_status":"closed","ping_status":"closed","template":"","meta":{"_seopress_robots_primary_cat":"69","_seopress_titles_title":"Tecido Confe\u00e7\u00e3o Algod\u00e3o C\/Lurex: Xadrez para vestu\u00e1rio leve","_seopress_titles_desc":"Descubra o tecido leve e fluido de composi\u00e7\u00e3o 93% Algod\u00e3o 7% Lurex, perfeito para vestu\u00e1rio. Certificado OEKO-TEX. Encomende agora!","_seopress_robots_index":""},"product_brand":[],"product_cat":[194,1737,360,135,1695,69],"product_tag":[290,319,778,340,424,1660,893,3041,1693,1889,469,444],"class_list":{"0":"post-32283","1":"product","2":"type-product","3":"status-publish","4":"has-post-thumbnail","6":"product_cat-algodao-organico","7":"product_cat-estampados-tecidos-de-vestuario","8":"product_cat-estampados-tecido-100-algodao","9":"product_cat-tecido-100-algodao","10":"product_cat-tecidos-de-vestuario","11":"product_cat-texteis","12":"product_tag-algodao","13":"product_tag-bege","14":"product_tag-bordo","15":"product_tag-estampado","16":"product_tag-laranja","17":"product_tag-lurex-dourado","18":"product_tag-menta","19":"product_tag-primavera-verao","20":"product_tag-tecido-confecao","21":"product_tag-tecidos-vestuario","22":"product_tag-verde-agua","23":"product_tag-xadrez","25":"first","26":"instock","27":"taxable","28":"shipping-taxable","29":"purchasable","30":"product-type-simple"},"_links":{"self":[{"href":"https:\/\/dev.eunitecidos.pt\/es\/wp-json\/wp\/v2\/product\/32283","targetHints":{"allow":["GET"]}}],"collection":[{"href":"https:\/\/dev.eunitecidos.pt\/es\/wp-json\/wp\/v2\/product"}],"about":[{"href":"https:\/\/dev.eunitecidos.pt\/es\/wp-json\/wp\/v2\/types\/product"}],"replies":[{"embeddable":true,"href":"https:\/\/dev.eunitecidos.pt\/es\/wp-json\/wp\/v2\/comments?post=32283"}],"wp:featuredmedia":[{"embeddable":true,"href":"https:\/\/dev.eunitecidos.pt\/es\/wp-json\/wp\/v2\/media\/32284"}],"wp:attachment":[{"href":"https:\/\/dev.eunitecidos.pt\/es\/wp-json\/wp\/v2\/media?parent=32283"}],"wp:term":[{"taxonomy":"product_brand","embeddable":true,"href":"https:\/\/dev.eunitecidos.pt\/es\/wp-json\/wp\/v2\/product_brand?post=32283"},{"taxonomy":"product_cat","embeddable":true,"href":"https:\/\/dev.eunitecidos.pt\/es\/wp-json\/wp\/v2\/product_cat?post=32283"},{"taxonomy":"product_tag","embeddable":true,"href":"https:\/\/dev.eunitecidos.pt\/es\/wp-json\/wp\/v2\/product_tag?post=32283"}],"curies":[{"name":"wp","href":"https:\/\/api.w.org\/{rel}","templated":true}]}}