
{"id":32476,"date":"2024-03-05T15:30:39","date_gmt":"2024-03-05T15:30:39","guid":{"rendered":"https:\/\/dev.eunitecidos.pt\/?post_type=product&#038;p=32476"},"modified":"2024-03-24T21:50:50","modified_gmt":"2024-03-24T21:50:50","slug":"tecido-confecao-vestuario-viscose-floral-25","status":"publish","type":"product","link":"https:\/\/dev.eunitecidos.pt\/es\/loja\/texteis\/tecido-confecao-vestuario-viscose-floral-25\/","title":{"rendered":"Tejido | Ropa | Viscosa | Floral"},"content":{"rendered":"<p>Tejido | Ropa | Viscosa | Floral<\/p>\n<p>Tejido ligero y fluido, ideal para prendas de vestir<\/p>\n<p>Composici\u00f3n 100% Viscosa 105 gr\/m2<\/p>\n<p>Certificado OEKO-TEX<\/p>\n<p>1,45 Anchura<\/p>","protected":false},"excerpt":{"rendered":"<p>Tecido Confe\u00e7\u00e3o | Vestu\u00e1rio | Viscose | Floral Tecido leve e fluido, ideal para vestu\u00e1rio Composi\u00e7\u00e3o 100% Viscose\u00a0 105 gr\/m2 Certificado OEKO-TEX 1,45 Largura<\/p>","protected":false},"featured_media":32448,"comment_status":"closed","ping_status":"closed","template":"","meta":{"_seopress_robots_primary_cat":"69","_seopress_titles_title":"Tecido leve e fluido de viscose para vestu\u00e1rio floral","_seopress_titles_desc":"Descubra o tecido de viscose floral leve e fluido, ideal para vestu\u00e1rio. Composi\u00e7\u00e3o 100% Viscose, certificado OEKO-TEX e largura de 1,45 metros.","_seopress_robots_index":""},"product_brand":[],"product_cat":[1737,1695,69,157],"product_tag":[563,321,516,340,1798,2044,424,3041,2018,427,1693,1889,882,1472,2801,748],"class_list":{"0":"post-32476","1":"product","2":"type-product","3":"status-publish","4":"has-post-thumbnail","6":"product_cat-estampados-tecidos-de-vestuario","7":"product_cat-tecidos-de-vestuario","8":"product_cat-texteis","9":"product_cat-viscoses","10":"product_tag-azul-escuro","11":"product_tag-branco","12":"product_tag-castanho","13":"product_tag-estampado","14":"product_tag-floral","15":"product_tag-fundo-verde-agua","16":"product_tag-laranja","17":"product_tag-primavera-verao","18":"product_tag-rosa-fucsia","19":"product_tag-roxo","20":"product_tag-tecido-confecao","21":"product_tag-tecidos-vestuario","22":"product_tag-verde-alface","23":"product_tag-verde-escuro","24":"product_tag-viscose","25":"product_tag-viscoses","27":"first","28":"instock","29":"taxable","30":"shipping-taxable","31":"purchasable","32":"product-type-simple"},"_links":{"self":[{"href":"https:\/\/dev.eunitecidos.pt\/es\/wp-json\/wp\/v2\/product\/32476","targetHints":{"allow":["GET"]}}],"collection":[{"href":"https:\/\/dev.eunitecidos.pt\/es\/wp-json\/wp\/v2\/product"}],"about":[{"href":"https:\/\/dev.eunitecidos.pt\/es\/wp-json\/wp\/v2\/types\/product"}],"replies":[{"embeddable":true,"href":"https:\/\/dev.eunitecidos.pt\/es\/wp-json\/wp\/v2\/comments?post=32476"}],"wp:featuredmedia":[{"embeddable":true,"href":"https:\/\/dev.eunitecidos.pt\/es\/wp-json\/wp\/v2\/media\/32448"}],"wp:attachment":[{"href":"https:\/\/dev.eunitecidos.pt\/es\/wp-json\/wp\/v2\/media?parent=32476"}],"wp:term":[{"taxonomy":"product_brand","embeddable":true,"href":"https:\/\/dev.eunitecidos.pt\/es\/wp-json\/wp\/v2\/product_brand?post=32476"},{"taxonomy":"product_cat","embeddable":true,"href":"https:\/\/dev.eunitecidos.pt\/es\/wp-json\/wp\/v2\/product_cat?post=32476"},{"taxonomy":"product_tag","embeddable":true,"href":"https:\/\/dev.eunitecidos.pt\/es\/wp-json\/wp\/v2\/product_tag?post=32476"}],"curies":[{"name":"wp","href":"https:\/\/api.w.org\/{rel}","templated":true}]}}