
{"id":32644,"date":"2024-03-07T17:14:50","date_gmt":"2024-03-07T17:14:50","guid":{"rendered":"https:\/\/dev.eunitecidos.pt\/?post_type=product&#038;p=32644"},"modified":"2026-01-31T16:09:28","modified_gmt":"2026-01-31T16:09:28","slug":"agulha-maquina-de-bordar-domestica-schmetz-75-11","status":"publish","type":"product","link":"https:\/\/dev.eunitecidos.pt\/es\/loja\/retrosaria\/agulha-maquina-de-bordar-domestica-schmetz-75-11\/","title":{"rendered":"Aguja | M\u00e1quina de bordar dom\u00e9stica | Schmetz 75\/11"},"content":{"rendered":"<p>Aguja | M\u00e1quina de bordar dom\u00e9stica | Schmetz<\/p>\n<p>Aguja para m\u00e1quina de bordar dom\u00e9stica.<\/p>\n<p>130\/705 H-E nr 75\/11<\/p>","protected":false},"excerpt":{"rendered":"<p>Aguja | M\u00e1quina de bordar dom\u00e9stica | Schmetz Aguja para m\u00e1quina de bordar dom\u00e9stica. 130\/705 H-E nr 75\/11<\/p>","protected":false},"featured_media":32641,"comment_status":"closed","ping_status":"closed","template":"","meta":{"_seopress_robots_primary_cat":"72","_seopress_titles_title":"Agulha Schmetz 130\/705 H-E nr 75\/11 para M\u00e1quina de Bordar Dom\u00e9stica","_seopress_titles_desc":"Compre a agulha 130\/705 H-E nr 75\/11 da Schmetz para a sua m\u00e1quina de bordar dom\u00e9stica. A qualidade que o seu trabalho merece!","_seopress_robots_index":""},"product_brand":[],"product_cat":[1852,72],"product_tag":[2834,1844,2179,1799,1461],"class_list":{"0":"post-32644","1":"product","2":"type-product","3":"status-publish","4":"has-post-thumbnail","6":"product_cat-agulhas","7":"product_cat-retrosaria","8":"product_tag-75-11","9":"product_tag-agulha","10":"product_tag-bordado","11":"product_tag-maquina-domestica","12":"product_tag-schmetz","14":"first","15":"instock","16":"taxable","17":"shipping-taxable","18":"purchasable","19":"product-type-simple"},"_links":{"self":[{"href":"https:\/\/dev.eunitecidos.pt\/es\/wp-json\/wp\/v2\/product\/32644","targetHints":{"allow":["GET"]}}],"collection":[{"href":"https:\/\/dev.eunitecidos.pt\/es\/wp-json\/wp\/v2\/product"}],"about":[{"href":"https:\/\/dev.eunitecidos.pt\/es\/wp-json\/wp\/v2\/types\/product"}],"replies":[{"embeddable":true,"href":"https:\/\/dev.eunitecidos.pt\/es\/wp-json\/wp\/v2\/comments?post=32644"}],"wp:featuredmedia":[{"embeddable":true,"href":"https:\/\/dev.eunitecidos.pt\/es\/wp-json\/wp\/v2\/media\/32641"}],"wp:attachment":[{"href":"https:\/\/dev.eunitecidos.pt\/es\/wp-json\/wp\/v2\/media?parent=32644"}],"wp:term":[{"taxonomy":"product_brand","embeddable":true,"href":"https:\/\/dev.eunitecidos.pt\/es\/wp-json\/wp\/v2\/product_brand?post=32644"},{"taxonomy":"product_cat","embeddable":true,"href":"https:\/\/dev.eunitecidos.pt\/es\/wp-json\/wp\/v2\/product_cat?post=32644"},{"taxonomy":"product_tag","embeddable":true,"href":"https:\/\/dev.eunitecidos.pt\/es\/wp-json\/wp\/v2\/product_tag?post=32644"}],"curies":[{"name":"wp","href":"https:\/\/api.w.org\/{rel}","templated":true}]}}