
{"id":3272,"date":"2021-07-04T16:24:10","date_gmt":"2021-07-04T16:24:10","guid":{"rendered":"https:\/\/dev.eunitecidos.pt\/?post_type=product&#038;p=3272"},"modified":"2025-11-19T11:18:15","modified_gmt":"2025-11-19T11:18:15","slug":"cetineta-cor-bege","status":"publish","type":"product","link":"https:\/\/dev.eunitecidos.pt\/es\/loja\/texteis\/cetineta-cor-bege\/","title":{"rendered":"Sat\u00e9n | Color beige | Ancho 2,80"},"content":{"rendered":"<p>Raso | 2,80 de ancho<\/p>\n<p>Color beige<\/p>\n<p>2,80 Anchura<\/p>\n<p>50% Algod\u00f3n | 50% Poli\u00e9ster<\/p>\n<p>Tejido ligero, ideal para forrar.<\/p>\n<p>Muy utilizado en art\u00edculos decorativos como cortinas y cojines.<\/p>","protected":false},"excerpt":{"rendered":"<p>Raso | 2,80 de ancho<\/p>\n<p>Color beige<\/p>\n<p>2,80 Anchura<\/p>\n<p>50% Algod\u00f3n | 50% Poli\u00e9ster<\/p>\n<p>Tejido ligero, ideal para forrar.<\/p>\n<p>Muy utilizado en art\u00edculos decorativos como cortinas y cojines.<\/p>","protected":false},"featured_media":4986,"comment_status":"open","ping_status":"closed","template":"","meta":{"_seopress_robots_primary_cat":"69","_seopress_titles_title":"Cetineta Bege| Tecido 2.80 Largura","_seopress_titles_desc":"Descubra a cetineta de 2.80 largura na cor bege, perfeita para forros e artigos de decora\u00e7\u00e3o como cortinados e almofadas. Composi\u00e7\u00e3o: 50% Algod\u00e3o | 50% Poli\u00e9ster.","_seopress_robots_index":""},"product_brand":[],"product_cat":[325,161,122,69],"product_tag":[319,1039,823,1038,1040,716],"class_list":{"0":"post-3272","1":"product","2":"type-product","3":"status-publish","4":"has-post-thumbnail","6":"product_cat-bege","7":"product_cat-cetineta","8":"product_cat-cores","9":"product_cat-texteis","10":"product_tag-bege","11":"product_tag-cetineta","12":"product_tag-cortinados","13":"product_tag-edredons","14":"product_tag-forros","15":"product_tag-mantas","17":"first","18":"instock","19":"taxable","20":"shipping-taxable","21":"purchasable","22":"product-type-simple"},"_links":{"self":[{"href":"https:\/\/dev.eunitecidos.pt\/es\/wp-json\/wp\/v2\/product\/3272","targetHints":{"allow":["GET"]}}],"collection":[{"href":"https:\/\/dev.eunitecidos.pt\/es\/wp-json\/wp\/v2\/product"}],"about":[{"href":"https:\/\/dev.eunitecidos.pt\/es\/wp-json\/wp\/v2\/types\/product"}],"replies":[{"embeddable":true,"href":"https:\/\/dev.eunitecidos.pt\/es\/wp-json\/wp\/v2\/comments?post=3272"}],"wp:featuredmedia":[{"embeddable":true,"href":"https:\/\/dev.eunitecidos.pt\/es\/wp-json\/wp\/v2\/media\/4986"}],"wp:attachment":[{"href":"https:\/\/dev.eunitecidos.pt\/es\/wp-json\/wp\/v2\/media?parent=3272"}],"wp:term":[{"taxonomy":"product_brand","embeddable":true,"href":"https:\/\/dev.eunitecidos.pt\/es\/wp-json\/wp\/v2\/product_brand?post=3272"},{"taxonomy":"product_cat","embeddable":true,"href":"https:\/\/dev.eunitecidos.pt\/es\/wp-json\/wp\/v2\/product_cat?post=3272"},{"taxonomy":"product_tag","embeddable":true,"href":"https:\/\/dev.eunitecidos.pt\/es\/wp-json\/wp\/v2\/product_tag?post=3272"}],"curies":[{"name":"wp","href":"https:\/\/api.w.org\/{rel}","templated":true}]}}