
{"id":33124,"date":"2024-03-22T12:50:06","date_gmt":"2024-03-22T12:50:06","guid":{"rendered":"https:\/\/dev.eunitecidos.pt\/?post_type=product&#038;p=33124"},"modified":"2026-01-29T10:54:26","modified_gmt":"2026-01-29T10:54:26","slug":"tecido-algodao-100-algodao-estampado-floral-10","status":"publish","type":"product","link":"https:\/\/dev.eunitecidos.pt\/es\/loja\/texteis\/tecido-algodao-100-algodao-estampado-floral-10\/","title":{"rendered":"Tejido Algod\u00f3n | 100% Algod\u00f3n | Estampado | Floral"},"content":{"rendered":"<p>Tejido Algod\u00f3n | 100% Algod\u00f3n | Estampado | Floral<\/p>\n<p>Tejido 100% Algod\u00f3n org\u00e1nico<\/p>\n<p>1,50 Anchura<\/p>","protected":false},"excerpt":{"rendered":"<p>Tejido Algod\u00f3n | 100% Algod\u00f3n | Estampado | Tejido Floral 100% Algod\u00f3n Org\u00e1nico 1.50 Ancho<\/p>","protected":false},"featured_media":32845,"comment_status":"closed","ping_status":"closed","template":"","meta":{"_seopress_robots_primary_cat":"69","_seopress_titles_title":"Tecido Algod\u00e3o Estampado Floral Org\u00e2nico 100% 1,50 Largura","_seopress_titles_desc":"Descubra a qualidade do tecido 100% algod\u00e3o org\u00e2nico estampado com motivos florais. Confira agora mesmo a largura de 1,50 metros!","_seopress_robots_index":""},"product_brand":[],"product_cat":[194,360,197,135,69],"product_tag":[315,443,340,1798,86,1938,893,3041,1878,1879,1712],"class_list":{"0":"post-33124","1":"product","2":"type-product","3":"status-publish","4":"has-post-thumbnail","6":"product_cat-algodao-organico","7":"product_cat-estampados-tecido-100-algodao","8":"product_cat-florais-tropicais","9":"product_cat-tecido-100-algodao","10":"product_cat-texteis","11":"product_tag-100-algodao","12":"product_tag-algodao-organico","13":"product_tag-estampado","14":"product_tag-floral","15":"product_tag-flores","16":"product_tag-fundo-verde","17":"product_tag-menta","18":"product_tag-primavera-verao","19":"product_tag-rosa-claro","20":"product_tag-rosa-escuro","21":"product_tag-tecido-algodao","23":"first","24":"instock","25":"taxable","26":"shipping-taxable","27":"purchasable","28":"product-type-simple"},"_links":{"self":[{"href":"https:\/\/dev.eunitecidos.pt\/es\/wp-json\/wp\/v2\/product\/33124","targetHints":{"allow":["GET"]}}],"collection":[{"href":"https:\/\/dev.eunitecidos.pt\/es\/wp-json\/wp\/v2\/product"}],"about":[{"href":"https:\/\/dev.eunitecidos.pt\/es\/wp-json\/wp\/v2\/types\/product"}],"replies":[{"embeddable":true,"href":"https:\/\/dev.eunitecidos.pt\/es\/wp-json\/wp\/v2\/comments?post=33124"}],"wp:featuredmedia":[{"embeddable":true,"href":"https:\/\/dev.eunitecidos.pt\/es\/wp-json\/wp\/v2\/media\/32845"}],"wp:attachment":[{"href":"https:\/\/dev.eunitecidos.pt\/es\/wp-json\/wp\/v2\/media?parent=33124"}],"wp:term":[{"taxonomy":"product_brand","embeddable":true,"href":"https:\/\/dev.eunitecidos.pt\/es\/wp-json\/wp\/v2\/product_brand?post=33124"},{"taxonomy":"product_cat","embeddable":true,"href":"https:\/\/dev.eunitecidos.pt\/es\/wp-json\/wp\/v2\/product_cat?post=33124"},{"taxonomy":"product_tag","embeddable":true,"href":"https:\/\/dev.eunitecidos.pt\/es\/wp-json\/wp\/v2\/product_tag?post=33124"}],"curies":[{"name":"wp","href":"https:\/\/api.w.org\/{rel}","templated":true}]}}