
{"id":3317,"date":"2021-07-05T17:15:20","date_gmt":"2021-07-05T17:15:20","guid":{"rendered":"https:\/\/dev.eunitecidos.pt\/?post_type=product&#038;p=3317"},"modified":"2026-01-09T19:57:06","modified_gmt":"2026-01-09T19:57:06","slug":"vivos-com-petalas-com-folhos-com-pompons-3","status":"publish","type":"product","link":"https:\/\/dev.eunitecidos.pt\/es\/loja\/cores\/vivos-com-petalas-com-folhos-com-pompons-3\/","title":{"rendered":"Vivo | Con p\u00e9talos | Con volantes | Con pompones | Azul beb\u00e9"},"content":{"rendered":"<p>Vivo | Con p\u00e9talos | Con volantes | Con pompones<\/p>\n<p>Cintas vivas con p\u00e9talos - Alrededor de 30mm de alto<\/p>\n<p>Cintas vivas con volantes - Alrededor de 25mm de alto<\/p>\n<p>Cintas vivas con pompones - Alrededor de 20mm de alto<\/p>\n<p>&nbsp;<\/p>","protected":false},"excerpt":{"rendered":"<p>Vivo | Con p\u00e9talos | Con volantes | Con pompones<\/p>\n<p>Cintas vivas con p\u00e9talos - Alrededor de 30mm de alto<\/p>\n<p>Cintas vivas con volantes - Alrededor de 25mm de alto<\/p>\n<p>Cintas vivas con pompones - Alrededor de 20mm de alto<\/p>","protected":false},"featured_media":4867,"comment_status":"open","ping_status":"closed","template":"","meta":{"_seopress_robots_primary_cat":"122","_seopress_titles_title":"Fitas de Vivo | P\u00e9talas, Folhos, Pompons | Altura 20-30mm","_seopress_titles_desc":"Descubra as fitas de vivo com diferentes ornamentos, ideais para dar um toque especial aos seus projetos de costura e artesanato. Compre j\u00e1!","_seopress_robots_index":""},"product_brand":[],"product_cat":[124,122,183,72],"product_tag":[1062,1057,475,1055,1056,1063,612,1060,1059,1061,1058],"class_list":{"0":"post-3317","1":"product","2":"type-product","3":"status-publish","4":"has-post-thumbnail","6":"product_cat-azul","7":"product_cat-cores","8":"product_cat-folhos-petalas","9":"product_cat-retrosaria","10":"product_tag-acabamentos","11":"product_tag-fita-de-vivo","12":"product_tag-folhos","13":"product_tag-petalas","14":"product_tag-pompons","15":"product_tag-pormenores","16":"product_tag-retrosaria","17":"product_tag-vivo-com-folho","18":"product_tag-vivo-com-petalas","19":"product_tag-vivo-com-pompons","20":"product_tag-vivos","21":"pa_padrao-1-vivo-com-folho","22":"pa_padrao-2-vivo-com-petalas","23":"pa_padrao-3-folho-com-pompons","24":"pa_padrao-4-petalas-com-pompons","26":"first","27":"instock","28":"taxable","29":"shipping-taxable","30":"purchasable","31":"product-type-variable"},"_links":{"self":[{"href":"https:\/\/dev.eunitecidos.pt\/es\/wp-json\/wp\/v2\/product\/3317","targetHints":{"allow":["GET"]}}],"collection":[{"href":"https:\/\/dev.eunitecidos.pt\/es\/wp-json\/wp\/v2\/product"}],"about":[{"href":"https:\/\/dev.eunitecidos.pt\/es\/wp-json\/wp\/v2\/types\/product"}],"replies":[{"embeddable":true,"href":"https:\/\/dev.eunitecidos.pt\/es\/wp-json\/wp\/v2\/comments?post=3317"}],"wp:featuredmedia":[{"embeddable":true,"href":"https:\/\/dev.eunitecidos.pt\/es\/wp-json\/wp\/v2\/media\/4867"}],"wp:attachment":[{"href":"https:\/\/dev.eunitecidos.pt\/es\/wp-json\/wp\/v2\/media?parent=3317"}],"wp:term":[{"taxonomy":"product_brand","embeddable":true,"href":"https:\/\/dev.eunitecidos.pt\/es\/wp-json\/wp\/v2\/product_brand?post=3317"},{"taxonomy":"product_cat","embeddable":true,"href":"https:\/\/dev.eunitecidos.pt\/es\/wp-json\/wp\/v2\/product_cat?post=3317"},{"taxonomy":"product_tag","embeddable":true,"href":"https:\/\/dev.eunitecidos.pt\/es\/wp-json\/wp\/v2\/product_tag?post=3317"}],"curies":[{"name":"wp","href":"https:\/\/api.w.org\/{rel}","templated":true}]}}