
{"id":34242,"date":"2024-04-28T20:45:23","date_gmt":"2024-04-28T20:45:23","guid":{"rendered":"https:\/\/dev.eunitecidos.pt\/?post_type=product&#038;p=34242"},"modified":"2026-01-22T19:21:32","modified_gmt":"2026-01-22T19:21:32","slug":"tecido-confecao-cetim-duchese-cetim-de-noiva-liso-petroleo-20","status":"publish","type":"product","link":"https:\/\/dev.eunitecidos.pt\/es\/loja\/texteis\/tecidos-de-vestuario\/lisos-tecidos-de-vestuario\/tecido-confecao-cetim-duchese-cetim-de-noiva-liso-petroleo-20\/","title":{"rendered":"Tejido | Raso Duquesa | Raso Novia | Liso | Petr\u00f3leo 20"},"content":{"rendered":"<p>Sat\u00e9n duquesa | Sat\u00e9n nupcial | Liso | Aceite 20<\/p>\n<p>Tejido cl\u00e1sico para confeccionar vestidos con m\u00e1s cuerpo.<\/p>\n<p>Tiene un tacto sedoso y un brillo sutil, con una ca\u00edda estructurada.<\/p>\n<p>Tambi\u00e9n conocido como sat\u00e9n nupcial, por su rico aspecto y suave tacto, se utiliza a menudo para hacer<\/p>\n<p>vestidos de novia<\/p>\n<p>Composici\u00f3n 100% Poli\u00e9ster<\/p>\n<p>1,50 Anchura<\/p>\n<p>Descubra el sat\u00e9n duchesse, un tejido cl\u00e1sico para vestidos con cuerpo. Tacto sedoso, brillo sutil y corte estructurado. Ideal para vestidos de novia.<\/p>\n<p>&nbsp;<\/p>","protected":false},"excerpt":{"rendered":"<p>Cetim Duchese | Cetim de Noiva | Liso | Petr\u00f3leo 20 Tecido cl\u00e1ssico na confe\u00e7\u00e3o de vestidos mais encorpados. Apresenta um toque sedoso e brilho subtil, com cair estruturado. Tamb\u00e9m conhecido como cetim de noiva, pois o seu aspeto rico e toque suave, \u00e9 muito utilizado na confe\u00e7\u00e3o de vestidos de noiva Composi\u00e7\u00e3o 100% Poli\u00e9ster [&hellip;]<\/p>","protected":false},"featured_media":34241,"comment_status":"closed","ping_status":"closed","template":"","meta":{"_seopress_robots_primary_cat":"none","_seopress_titles_title":"Cetim Duchese Petr\u00f3leo | Tecido cl\u00e1ssico para vestidos luxuosos","_seopress_titles_desc":"Descubra o cetim duchese, um tecido cl\u00e1ssico para vestidos encorpados. Toque sedoso, brilho subtil e caimento estruturado. Ideal para vestidos de noiva.","_seopress_robots_index":""},"product_brand":[],"product_cat":[1696,69],"product_tag":[2204,3198,3197,677,989,3041,1693,3200,3199,378],"class_list":{"0":"post-34242","1":"product","2":"type-product","3":"status-publish","4":"has-post-thumbnail","6":"product_cat-lisos-tecidos-de-vestuario","7":"product_cat-texteis","8":"product_tag-cerimonia","9":"product_tag-cetim-de-noiva","10":"product_tag-cetim-duchese","11":"product_tag-liso","12":"product_tag-petroleo","13":"product_tag-primavera-verao","14":"product_tag-tecido-confecao","15":"product_tag-vestidos-de-festa","16":"product_tag-vestidos-de-noiva","17":"product_tag-vestuario","19":"first","20":"instock","21":"taxable","22":"shipping-taxable","23":"purchasable","24":"product-type-simple"},"_links":{"self":[{"href":"https:\/\/dev.eunitecidos.pt\/es\/wp-json\/wp\/v2\/product\/34242","targetHints":{"allow":["GET"]}}],"collection":[{"href":"https:\/\/dev.eunitecidos.pt\/es\/wp-json\/wp\/v2\/product"}],"about":[{"href":"https:\/\/dev.eunitecidos.pt\/es\/wp-json\/wp\/v2\/types\/product"}],"replies":[{"embeddable":true,"href":"https:\/\/dev.eunitecidos.pt\/es\/wp-json\/wp\/v2\/comments?post=34242"}],"wp:featuredmedia":[{"embeddable":true,"href":"https:\/\/dev.eunitecidos.pt\/es\/wp-json\/wp\/v2\/media\/34241"}],"wp:attachment":[{"href":"https:\/\/dev.eunitecidos.pt\/es\/wp-json\/wp\/v2\/media?parent=34242"}],"wp:term":[{"taxonomy":"product_brand","embeddable":true,"href":"https:\/\/dev.eunitecidos.pt\/es\/wp-json\/wp\/v2\/product_brand?post=34242"},{"taxonomy":"product_cat","embeddable":true,"href":"https:\/\/dev.eunitecidos.pt\/es\/wp-json\/wp\/v2\/product_cat?post=34242"},{"taxonomy":"product_tag","embeddable":true,"href":"https:\/\/dev.eunitecidos.pt\/es\/wp-json\/wp\/v2\/product_tag?post=34242"}],"curies":[{"name":"wp","href":"https:\/\/api.w.org\/{rel}","templated":true}]}}