
{"id":34797,"date":"2024-05-03T16:02:12","date_gmt":"2024-05-03T16:02:12","guid":{"rendered":"https:\/\/dev.eunitecidos.pt\/?post_type=product&#038;p=34797"},"modified":"2026-01-29T17:45:34","modified_gmt":"2026-01-29T17:45:34","slug":"tecido-algodao-100-algodao-basico-liso-rosa-velho","status":"publish","type":"product","link":"https:\/\/dev.eunitecidos.pt\/es\/loja\/texteis\/tecido-100-algodao\/basicos\/tecido-algodao-100-algodao-basico-liso-rosa-velho\/","title":{"rendered":"Tejido Algod\u00f3n | 100% Algod\u00f3n | B\u00e1sico | Liso | Rosa Viejo"},"content":{"rendered":"<p>Tejido Algod\u00f3n | 100% Algod\u00f3n | B\u00e1sico | Liso | Rosa Viejo<\/p>\n<p>Tejido de algod\u00f3n 100%<\/p>\n<p>Tejido ligero y fresco, ideal para confeccionar ropa infantil.<\/p>\n<p>1,50 metros de ancho<\/p>\n<p>Descubra o tecido de algod\u00e3o 100% leve e fresco, ideal para fazer roupa de crian\u00e7a em tons de rosa velho. Compre j\u00e1!<\/p>","protected":false},"excerpt":{"rendered":"<p>Tecido Algod\u00e3o | 100% Algod\u00e3o | B\u00e1sico | Liso | Rosa Velho Tecido em 100% Algod\u00e3o Tecido leve e fresco, \u00f3timo para confe\u00e7\u00e3o de vestu\u00e1rio de crian\u00e7a. 1,50 mt Largura Descubra o tecido de algod\u00e3o 100% leve e fresco, ideal para fazer roupa de crian\u00e7a em tons de rosa velho. Compre j\u00e1!<\/p>","protected":false},"featured_media":34790,"comment_status":"closed","ping_status":"closed","template":"","meta":{"_seopress_robots_primary_cat":"none","_seopress_titles_title":"Tecido Algod\u00e3o 100% | B\u00e1sico | Liso | Rosa Velho","_seopress_titles_desc":"Descubra o tecido de algod\u00e3o 100% leve e fresco, ideal para fazer roupa de crian\u00e7a em tons de rosa velho. Compre j\u00e1!","_seopress_robots_index":""},"product_brand":[],"product_cat":[189,69],"product_tag":[419,677,3041,331,3206,1712],"class_list":{"0":"post-34797","1":"product","2":"type-product","3":"status-publish","4":"has-post-thumbnail","6":"product_cat-basicos","7":"product_cat-texteis","8":"product_tag-basico","9":"product_tag-liso","10":"product_tag-primavera-verao","11":"product_tag-rosa-velho","12":"product_tag-tecido-100-algodao","13":"product_tag-tecido-algodao","15":"first","16":"instock","17":"taxable","18":"shipping-taxable","19":"purchasable","20":"product-type-simple"},"_links":{"self":[{"href":"https:\/\/dev.eunitecidos.pt\/es\/wp-json\/wp\/v2\/product\/34797","targetHints":{"allow":["GET"]}}],"collection":[{"href":"https:\/\/dev.eunitecidos.pt\/es\/wp-json\/wp\/v2\/product"}],"about":[{"href":"https:\/\/dev.eunitecidos.pt\/es\/wp-json\/wp\/v2\/types\/product"}],"replies":[{"embeddable":true,"href":"https:\/\/dev.eunitecidos.pt\/es\/wp-json\/wp\/v2\/comments?post=34797"}],"wp:featuredmedia":[{"embeddable":true,"href":"https:\/\/dev.eunitecidos.pt\/es\/wp-json\/wp\/v2\/media\/34790"}],"wp:attachment":[{"href":"https:\/\/dev.eunitecidos.pt\/es\/wp-json\/wp\/v2\/media?parent=34797"}],"wp:term":[{"taxonomy":"product_brand","embeddable":true,"href":"https:\/\/dev.eunitecidos.pt\/es\/wp-json\/wp\/v2\/product_brand?post=34797"},{"taxonomy":"product_cat","embeddable":true,"href":"https:\/\/dev.eunitecidos.pt\/es\/wp-json\/wp\/v2\/product_cat?post=34797"},{"taxonomy":"product_tag","embeddable":true,"href":"https:\/\/dev.eunitecidos.pt\/es\/wp-json\/wp\/v2\/product_tag?post=34797"}],"curies":[{"name":"wp","href":"https:\/\/api.w.org\/{rel}","templated":true}]}}