
{"id":35209,"date":"2024-05-10T13:10:21","date_gmt":"2024-05-10T13:10:21","guid":{"rendered":"https:\/\/dev.eunitecidos.pt\/?post_type=product&#038;p=35209"},"modified":"2025-09-23T14:43:43","modified_gmt":"2025-09-23T14:43:43","slug":"organza-holografica-iridescente-laranja-4","status":"publish","type":"product","link":"https:\/\/dev.eunitecidos.pt\/es\/loja\/texteis\/tematicos\/carnaval\/organza-holografica-iridescente-laranja-4\/","title":{"rendered":"Organza | Hologr\u00e1fico | Iridiscente | Naranja 4"},"content":{"rendered":"<p>Organza | Hologr\u00e1fico | Iridiscente | Naranja 4<\/p>\n<p>A organza \u00e9 um tecido bastante leve e fluido, com transpar\u00eancia e brilho hologr\u00e1fico com tonalidade iridescente.<\/p>\n<p>Tecido sem elasticidade, ideal para confe\u00e7\u00e3o de vestu\u00e1rio e fantasias. Muito utilizado em fatos de carnaval e marchas populares.<\/p>\n<p>Composici\u00f3n 100% Poli\u00e9ster 30gr\/m2<\/p>\n<p>1,50 metros de ancho<\/p>","protected":false},"excerpt":{"rendered":"<p>Organza | Hologr\u00e1fica | Iridescente | Laranja 4 A organza \u00e9 um tecido bastante leve e fluido, com transpar\u00eancia e brilho hologr\u00e1fico com tonalidade iridescente. Tecido sem elasticidade, ideal para confe\u00e7\u00e3o de vestu\u00e1rio e fantasias. Muito utilizado em fatos de carnaval e marchas populares. Composi\u00e7\u00e3o 100% Poli\u00e9ster 30gr\/m2 1,50 mt Largura<\/p>","protected":false},"featured_media":35201,"comment_status":"closed","ping_status":"closed","template":"","meta":{"_seopress_robots_primary_cat":"none","_seopress_titles_title":"Tecido Organza Hologr\u00e1fico Laranja Iridescente","_seopress_titles_desc":"Descubra a organza laranja, um tecido leve com brilho hologr\u00e1fico e tonalidade iridescente. Perfeito para fatos de carnaval e fantasias. Compre j\u00e1!","_seopress_robots_index":""},"product_brand":[],"product_cat":[2016,199,69],"product_tag":[707,3118,1992,3247,3245,3128,424,2867,3244,2837,3027],"class_list":{"0":"post-35209","1":"product","2":"type-product","3":"status-publish","4":"has-post-thumbnail","6":"product_cat-carnaval","7":"product_cat-tematicos","8":"product_cat-texteis","9":"product_tag-100-poliester","10":"product_tag-brilho","11":"product_tag-carnaval","12":"product_tag-danca","13":"product_tag-holografica","14":"product_tag-iridescente","15":"product_tag-laranja","16":"product_tag-marchas-populares","17":"product_tag-organza","18":"product_tag-santos-populares","19":"product_tag-tematicos","21":"first","22":"instock","23":"taxable","24":"shipping-taxable","25":"purchasable","26":"product-type-simple"},"_links":{"self":[{"href":"https:\/\/dev.eunitecidos.pt\/es\/wp-json\/wp\/v2\/product\/35209","targetHints":{"allow":["GET"]}}],"collection":[{"href":"https:\/\/dev.eunitecidos.pt\/es\/wp-json\/wp\/v2\/product"}],"about":[{"href":"https:\/\/dev.eunitecidos.pt\/es\/wp-json\/wp\/v2\/types\/product"}],"replies":[{"embeddable":true,"href":"https:\/\/dev.eunitecidos.pt\/es\/wp-json\/wp\/v2\/comments?post=35209"}],"wp:featuredmedia":[{"embeddable":true,"href":"https:\/\/dev.eunitecidos.pt\/es\/wp-json\/wp\/v2\/media\/35201"}],"wp:attachment":[{"href":"https:\/\/dev.eunitecidos.pt\/es\/wp-json\/wp\/v2\/media?parent=35209"}],"wp:term":[{"taxonomy":"product_brand","embeddable":true,"href":"https:\/\/dev.eunitecidos.pt\/es\/wp-json\/wp\/v2\/product_brand?post=35209"},{"taxonomy":"product_cat","embeddable":true,"href":"https:\/\/dev.eunitecidos.pt\/es\/wp-json\/wp\/v2\/product_cat?post=35209"},{"taxonomy":"product_tag","embeddable":true,"href":"https:\/\/dev.eunitecidos.pt\/es\/wp-json\/wp\/v2\/product_tag?post=35209"}],"curies":[{"name":"wp","href":"https:\/\/api.w.org\/{rel}","templated":true}]}}