
{"id":35217,"date":"2024-05-10T15:01:09","date_gmt":"2024-05-10T15:01:09","guid":{"rendered":"https:\/\/dev.eunitecidos.pt\/?post_type=product&#038;p=35217"},"modified":"2025-06-06T13:36:53","modified_gmt":"2025-06-06T13:36:53","slug":"spray-lubrificante-concentrado-bordado-odif-lb7","status":"publish","type":"product","link":"https:\/\/dev.eunitecidos.pt\/es\/loja\/retrosaria\/spray\/spray-lubrificante-concentrado-bordado-odif-lb7\/","title":{"rendered":"Lubricante Spray | Concentrado | Bordado | Odif LB7"},"content":{"rendered":"<p>Lubricante Spray | Concentrado | Bordado | Odif LB7<\/p>\n<p>O Spray lubrificante Concentrado LB7 da Odif, permite a lubrifica\u00e7\u00e3o dos mecanismos fr\u00e1geis, de m\u00e1quinas de\u00a0 bordado.<\/p>\n<p>Su sistema de c\u00e1nula permite pulverizar las zonas de m\u00e1s dif\u00edcil acceso.<\/p>\n<p>Modo de empleo: Pulverizar la zona a lubricar. El tubo de extensi\u00f3n facilita el acceso.<\/p>\n<p>Descubra o Spray lubrificante LB7 da Odif, ideal para lubrificar m\u00e1quinas de bordados. F\u00e1cil de usar e com tubo prolongador.<\/p>\n<p>Por razones de seguridad, util\u00edcelo s\u00f3lo para el uso previsto.<\/p>\n<p>Volumen 300 ml<\/p>","protected":false},"excerpt":{"rendered":"<p>Spray Lubrificante | Concentrado | Bordado | Odif LB7 O Spray lubrificante Concentrado LB7 da Odif, permite a lubrifica\u00e7\u00e3o dos mecanismos fr\u00e1geis, de m\u00e1quinas de\u00a0 bordado. O seu sistema, com c\u00e2nula , permite pulverizar as zonas de maior dificuldade de acesso. Modo de utiliza\u00e7\u00e3o: Pulverizar a a zona a lubrificar. O tubo prolongador facilita o [&hellip;]<\/p>","protected":false},"featured_media":34630,"comment_status":"closed","ping_status":"closed","template":"","meta":{"_seopress_robots_primary_cat":"none","_seopress_titles_title":"Spray Lubrificante Concentrado LB7 | M\u00e1quinas de Bordado","_seopress_titles_desc":"Descubra o Spray lubrificante LB7 da Odif, ideal para lubrificar m\u00e1quinas de bordados. F\u00e1cil de usar e com tubo prolongador. Volume 300ml.","_seopress_robots_index":""},"product_brand":[],"product_cat":[72,3259],"product_tag":[2179,3264,3265,3261,3263,1602,1445,3262],"class_list":{"0":"post-35217","1":"product","2":"type-product","3":"status-publish","4":"has-post-thumbnail","6":"product_cat-retrosaria","7":"product_cat-spray","8":"product_tag-bordado","9":"product_tag-concentrado","10":"product_tag-lb7","11":"product_tag-lubrificante","12":"product_tag-maquina-bordado","13":"product_tag-maquina-costura","14":"product_tag-odif","15":"product_tag-spray-lubrificante","17":"first","18":"instock","19":"taxable","20":"shipping-taxable","21":"purchasable","22":"product-type-simple"},"_links":{"self":[{"href":"https:\/\/dev.eunitecidos.pt\/es\/wp-json\/wp\/v2\/product\/35217","targetHints":{"allow":["GET"]}}],"collection":[{"href":"https:\/\/dev.eunitecidos.pt\/es\/wp-json\/wp\/v2\/product"}],"about":[{"href":"https:\/\/dev.eunitecidos.pt\/es\/wp-json\/wp\/v2\/types\/product"}],"replies":[{"embeddable":true,"href":"https:\/\/dev.eunitecidos.pt\/es\/wp-json\/wp\/v2\/comments?post=35217"}],"wp:featuredmedia":[{"embeddable":true,"href":"https:\/\/dev.eunitecidos.pt\/es\/wp-json\/wp\/v2\/media\/34630"}],"wp:attachment":[{"href":"https:\/\/dev.eunitecidos.pt\/es\/wp-json\/wp\/v2\/media?parent=35217"}],"wp:term":[{"taxonomy":"product_brand","embeddable":true,"href":"https:\/\/dev.eunitecidos.pt\/es\/wp-json\/wp\/v2\/product_brand?post=35217"},{"taxonomy":"product_cat","embeddable":true,"href":"https:\/\/dev.eunitecidos.pt\/es\/wp-json\/wp\/v2\/product_cat?post=35217"},{"taxonomy":"product_tag","embeddable":true,"href":"https:\/\/dev.eunitecidos.pt\/es\/wp-json\/wp\/v2\/product_tag?post=35217"}],"curies":[{"name":"wp","href":"https:\/\/api.w.org\/{rel}","templated":true}]}}