
{"id":4018,"date":"2021-07-15T16:57:33","date_gmt":"2021-07-15T16:57:33","guid":{"rendered":"https:\/\/dev.eunitecidos.pt\/?post_type=product&#038;p=4018"},"modified":"2026-01-31T10:35:05","modified_gmt":"2026-01-31T10:35:05","slug":"fecho-zipper-malha-3-branco-501","status":"publish","type":"product","link":"https:\/\/dev.eunitecidos.pt\/es\/loja\/cores\/fecho-zipper-malha-3-branco-501\/","title":{"rendered":"Cierre de cremallera | Malla 3 | Blanco 501"},"content":{"rendered":"<p>Cierre de cremallera | Malla 3<\/p>\n<p>Cierro el Metro<\/p>\n<p>Cremallera de un metro con cursor independiente.<\/p>\n<p>&nbsp;<\/p>","protected":false},"excerpt":{"rendered":"<p>Cierre de cremallera | Malla 3<\/p>\n<p>Cierro el Metro<\/p>\n<p>Cremallera de un metro con cursor independiente.<\/p>","protected":false},"featured_media":4002,"comment_status":"open","ping_status":"closed","template":"","meta":{"_seopress_robots_primary_cat":"122","_seopress_titles_title":"Fecho a Metro com Cursor Separado - Malha 3 Fecho Zipper","_seopress_titles_desc":"Descubra o fecho zipper ideal para as suas malhas de 3 fechos por metro. Com o cursor separado, \u00e9 mais flex\u00edvel e f\u00e1cil de usar. Encomende j\u00e1!","_seopress_robots_index":""},"product_brand":[],"product_cat":[131,122,276,129,277,126],"product_tag":[321,1179,1180,612,874,889],"class_list":{"0":"post-4018","1":"product","2":"type-product","3":"status-publish","4":"has-post-thumbnail","6":"product_cat-branco","7":"product_cat-cores","8":"product_cat-fecho-zipper-metro","9":"product_cat-laranja","10":"product_cat-malha-3","11":"product_cat-vermelho","12":"product_tag-branco","13":"product_tag-fecho-a-metro","14":"product_tag-fechos","15":"product_tag-retrosaria","16":"product_tag-zipper","17":"product_tag-zipper-a-metro","19":"first","20":"instock","21":"taxable","22":"shipping-taxable","23":"purchasable","24":"product-type-simple"},"_links":{"self":[{"href":"https:\/\/dev.eunitecidos.pt\/es\/wp-json\/wp\/v2\/product\/4018","targetHints":{"allow":["GET"]}}],"collection":[{"href":"https:\/\/dev.eunitecidos.pt\/es\/wp-json\/wp\/v2\/product"}],"about":[{"href":"https:\/\/dev.eunitecidos.pt\/es\/wp-json\/wp\/v2\/types\/product"}],"replies":[{"embeddable":true,"href":"https:\/\/dev.eunitecidos.pt\/es\/wp-json\/wp\/v2\/comments?post=4018"}],"wp:featuredmedia":[{"embeddable":true,"href":"https:\/\/dev.eunitecidos.pt\/es\/wp-json\/wp\/v2\/media\/4002"}],"wp:attachment":[{"href":"https:\/\/dev.eunitecidos.pt\/es\/wp-json\/wp\/v2\/media?parent=4018"}],"wp:term":[{"taxonomy":"product_brand","embeddable":true,"href":"https:\/\/dev.eunitecidos.pt\/es\/wp-json\/wp\/v2\/product_brand?post=4018"},{"taxonomy":"product_cat","embeddable":true,"href":"https:\/\/dev.eunitecidos.pt\/es\/wp-json\/wp\/v2\/product_cat?post=4018"},{"taxonomy":"product_tag","embeddable":true,"href":"https:\/\/dev.eunitecidos.pt\/es\/wp-json\/wp\/v2\/product_tag?post=4018"}],"curies":[{"name":"wp","href":"https:\/\/api.w.org\/{rel}","templated":true}]}}