
{"id":4039,"date":"2021-07-16T21:39:58","date_gmt":"2021-07-16T21:39:58","guid":{"rendered":"https:\/\/dev.eunitecidos.pt\/?post_type=product&#038;p=4039"},"modified":"2026-01-18T10:46:39","modified_gmt":"2026-01-18T10:46:39","slug":"cursor-zipper-malha-3-vermelho-548","status":"publish","type":"product","link":"https:\/\/dev.eunitecidos.pt\/es\/loja\/cores\/cursor-zipper-malha-3-vermelho-548\/","title":{"rendered":"Cursor | Malha 3 | Vermelho 548"},"content":{"rendered":"<p>Cursor Cremallera | Malla 3<\/p>\n<p>Cierro el Metro<\/p>\n<p>Cremallera de un metro con cursor independiente.<\/p>\n<p>&nbsp;<\/p>","protected":false},"excerpt":{"rendered":"<p>Cierre de cremallera | Malla 3<\/p>\n<p>Cierro el Metro<\/p>\n<p>Cremallera de un metro con cursor independiente.<\/p>","protected":false},"featured_media":4006,"comment_status":"open","ping_status":"closed","template":"","meta":{"_seopress_robots_primary_cat":"122","_seopress_titles_title":"Compre Malha 3 Fecho e Cursos","_seopress_titles_desc":"Descubra o vers\u00e1til Malha 3 Fecho a Metro com cursor separado para personalizar as suas pe\u00e7as de vestu\u00e1rio. Ideal para costura e reparos!","_seopress_robots_index":""},"product_brand":[],"product_cat":[122,279,280,126],"product_tag":[1232,879,886,1179,1180,612,453,874,889],"class_list":{"0":"post-4039","1":"product","2":"type-product","3":"status-publish","4":"has-post-thumbnail","6":"product_cat-cores","7":"product_cat-cursores","8":"product_cat-malha-3-cursores","9":"product_cat-vermelho","10":"product_tag-cursor","11":"product_tag-cursores","12":"product_tag-cursores-zipper","13":"product_tag-fecho-a-metro","14":"product_tag-fechos","15":"product_tag-retrosaria","16":"product_tag-vermelho","17":"product_tag-zipper","18":"product_tag-zipper-a-metro","20":"first","21":"instock","22":"taxable","23":"shipping-taxable","24":"purchasable","25":"product-type-simple"},"_links":{"self":[{"href":"https:\/\/dev.eunitecidos.pt\/es\/wp-json\/wp\/v2\/product\/4039","targetHints":{"allow":["GET"]}}],"collection":[{"href":"https:\/\/dev.eunitecidos.pt\/es\/wp-json\/wp\/v2\/product"}],"about":[{"href":"https:\/\/dev.eunitecidos.pt\/es\/wp-json\/wp\/v2\/types\/product"}],"replies":[{"embeddable":true,"href":"https:\/\/dev.eunitecidos.pt\/es\/wp-json\/wp\/v2\/comments?post=4039"}],"wp:featuredmedia":[{"embeddable":true,"href":"https:\/\/dev.eunitecidos.pt\/es\/wp-json\/wp\/v2\/media\/4006"}],"wp:attachment":[{"href":"https:\/\/dev.eunitecidos.pt\/es\/wp-json\/wp\/v2\/media?parent=4039"}],"wp:term":[{"taxonomy":"product_brand","embeddable":true,"href":"https:\/\/dev.eunitecidos.pt\/es\/wp-json\/wp\/v2\/product_brand?post=4039"},{"taxonomy":"product_cat","embeddable":true,"href":"https:\/\/dev.eunitecidos.pt\/es\/wp-json\/wp\/v2\/product_cat?post=4039"},{"taxonomy":"product_tag","embeddable":true,"href":"https:\/\/dev.eunitecidos.pt\/es\/wp-json\/wp\/v2\/product_tag?post=4039"}],"curies":[{"name":"wp","href":"https:\/\/api.w.org\/{rel}","templated":true}]}}