
{"id":4090,"date":"2021-07-16T22:56:22","date_gmt":"2021-07-16T22:56:22","guid":{"rendered":"https:\/\/dev.eunitecidos.pt\/?post_type=product&#038;p=4090"},"modified":"2025-04-03T21:23:34","modified_gmt":"2025-04-03T21:23:34","slug":"tecidos-100-algodao-riscas-2","status":"publish","type":"product","link":"https:\/\/dev.eunitecidos.pt\/es\/loja\/cores\/tecidos-100-algodao-riscas-2\/","title":{"rendered":"Tejidos 100% Algod\u00f3n | Rayas"},"content":{"rendered":"<p>Tejidos 100% Algod\u00f3n | Rayas<\/p>\n<p>100% Algod\u00f3n<\/p>\n<p>1,50 Anchura<\/p>","protected":false},"excerpt":{"rendered":"<p>Telas 100% Algod\u00f3n | Flores<\/p>\n<p>100% Algod\u00f3n<\/p>\n<p>1,50 Anchura<\/p>","protected":false},"featured_media":33453,"comment_status":"open","ping_status":"closed","template":"","meta":{"_seopress_robots_primary_cat":"122","_seopress_titles_title":"Tecidos 100% Algod\u00e3o | Riscas 100% Algod\u00e3o 1.50 Largura","_seopress_titles_desc":"Descubra os melhores tecidos 100% algod\u00e3o com riscas. Variedade de padr\u00f5es em 1.50 largura. Excelente qualidade e durabilidade. Aproveite j\u00e1!","_seopress_robots_index":""},"product_brand":[],"product_cat":[124,325,131,128,122,360,197,135,69],"product_tag":[315,290,479,298,604,884,319,321,602,475,90,749,448,102,378],"class_list":{"0":"post-4090","1":"product","2":"type-product","3":"status-publish","4":"has-post-thumbnail","6":"product_cat-azul","7":"product_cat-bege","8":"product_cat-branco","9":"product_cat-cinzento","10":"product_cat-cores","11":"product_cat-estampados-tecido-100-algodao","12":"product_cat-florais-tropicais","13":"product_cat-tecido-100-algodao","14":"product_cat-texteis","15":"product_tag-100-algodao","16":"product_tag-algodao","17":"product_tag-aplicacoes","18":"product_tag-azul","19":"product_tag-azul-petroleo","20":"product_tag-azulao","21":"product_tag-bege","22":"product_tag-branco","23":"product_tag-camel","24":"product_tag-folhos","25":"product_tag-riscas","26":"product_tag-senhora","27":"product_tag-tecidos","28":"product_tag-verde","29":"product_tag-vestuario","31":"first","32":"instock","33":"taxable","34":"shipping-taxable","35":"purchasable","36":"product-type-simple"},"_links":{"self":[{"href":"https:\/\/dev.eunitecidos.pt\/es\/wp-json\/wp\/v2\/product\/4090","targetHints":{"allow":["GET"]}}],"collection":[{"href":"https:\/\/dev.eunitecidos.pt\/es\/wp-json\/wp\/v2\/product"}],"about":[{"href":"https:\/\/dev.eunitecidos.pt\/es\/wp-json\/wp\/v2\/types\/product"}],"replies":[{"embeddable":true,"href":"https:\/\/dev.eunitecidos.pt\/es\/wp-json\/wp\/v2\/comments?post=4090"}],"wp:featuredmedia":[{"embeddable":true,"href":"https:\/\/dev.eunitecidos.pt\/es\/wp-json\/wp\/v2\/media\/33453"}],"wp:attachment":[{"href":"https:\/\/dev.eunitecidos.pt\/es\/wp-json\/wp\/v2\/media?parent=4090"}],"wp:term":[{"taxonomy":"product_brand","embeddable":true,"href":"https:\/\/dev.eunitecidos.pt\/es\/wp-json\/wp\/v2\/product_brand?post=4090"},{"taxonomy":"product_cat","embeddable":true,"href":"https:\/\/dev.eunitecidos.pt\/es\/wp-json\/wp\/v2\/product_cat?post=4090"},{"taxonomy":"product_tag","embeddable":true,"href":"https:\/\/dev.eunitecidos.pt\/es\/wp-json\/wp\/v2\/product_tag?post=4090"}],"curies":[{"name":"wp","href":"https:\/\/api.w.org\/{rel}","templated":true}]}}