
{"id":4531,"date":"2021-07-22T16:04:56","date_gmt":"2021-07-22T16:04:56","guid":{"rendered":"https:\/\/dev.eunitecidos.pt\/?post_type=product&#038;p=4531"},"modified":"2025-08-28T17:29:12","modified_gmt":"2025-08-28T17:29:12","slug":"vies-de-algodao-18mm-estampados-pintas","status":"publish","type":"product","link":"https:\/\/dev.eunitecidos.pt\/es\/loja\/cores\/vies-de-algodao-18mm-estampados-pintas\/","title":{"rendered":"Algod\u00f3n Bies | 18mm | Impreso | Manchado"},"content":{"rendered":"<p>Algod\u00f3n Bies | 18mm | Impreso | Manchado<\/p>\n<p>Algod\u00f3n Bias<\/p>\n<p>18 mm<\/p>\n<p>&nbsp;<\/p>\n<p>&nbsp;<\/p>","protected":false},"excerpt":{"rendered":"<p>Algod\u00f3n Bies | 18mm | Varios Colores<\/p>\n<p>Algod\u00f3n Bias<\/p>\n<p>18 mm<\/p>","protected":false},"featured_media":4422,"comment_status":"open","ping_status":"closed","template":"","meta":{"_seopress_robots_primary_cat":"122","_seopress_titles_title":"Vi\u00e9s De Algod\u00e3o Estampados | 18mm Pintas","_seopress_titles_desc":"Descubra os melhores vi\u00e9s de algod\u00e3o de 18mm com estampados de pintas. Adicione um toque de estilo aos seus projetos de costura com estes acess\u00f3rios de qualidade!","_seopress_robots_index":""},"product_brand":[],"product_cat":[284,123,124,130,128,122,1486,129,127,72,132,323,133,125,126,283],"product_tag":[1123,601,895,884,516,332,1118,1121,424,428,893,405,339,491,722,1286,891,936,1285,453,1120,1119],"class_list":{"0":"post-4531","1":"product","2":"type-product","3":"status-publish","4":"has-post-thumbnail","6":"product_cat-18-mm","7":"product_cat-amarelo","8":"product_cat-azul","9":"product_cat-castanho","10":"product_cat-cinzento","11":"product_cat-cores","12":"product_cat-vies-estampados","13":"product_cat-laranja","14":"product_cat-preto","15":"product_cat-retrosaria","16":"product_cat-rosa","17":"product_cat-rosa-velhol","18":"product_cat-roxo","19":"product_cat-verde","20":"product_cat-vermelho","21":"product_cat-vies","22":"product_tag-18mm","23":"product_tag-azul-bebe","24":"product_tag-azul-ganga","25":"product_tag-azulao","26":"product_tag-castanho","27":"product_tag-estampados","28":"product_tag-fita-de-vies","29":"product_tag-fita-debroar","30":"product_tag-laranja","31":"product_tag-lilas","32":"product_tag-menta","33":"product_tag-mostarda","34":"product_tag-pintas","35":"product_tag-preto","36":"product_tag-rosa-bebe","37":"product_tag-rosa-velho-rosa-fuscia","38":"product_tag-turquesa","39":"product_tag-verde-bandeira","40":"product_tag-verdealface","41":"product_tag-vermelho","42":"product_tag-vies","43":"product_tag-vies-de-algodao","44":"pa_cor-azul-bebe-267","45":"pa_cor-azul-medio-252","46":"pa_cor-azulao-250","47":"pa_cor-castanho-escuro-272","48":"pa_cor-laranja-269","49":"pa_cor-menta-243","50":"pa_cor-mostarda-216","51":"pa_cor-preto-299","52":"pa_cor-rosa-bebe-263","53":"pa_cor-rosa-fuscia-fu","54":"pa_cor-rosa-velho-275","55":"pa_cor-turquesa-249","56":"pa_cor-verde-alface-234","57":"pa_cor-verde-bandeira-238","58":"pa_cor-vermelho-222","60":"first","61":"instock","62":"taxable","63":"shipping-taxable","64":"purchasable","65":"product-type-variable"},"_links":{"self":[{"href":"https:\/\/dev.eunitecidos.pt\/es\/wp-json\/wp\/v2\/product\/4531","targetHints":{"allow":["GET"]}}],"collection":[{"href":"https:\/\/dev.eunitecidos.pt\/es\/wp-json\/wp\/v2\/product"}],"about":[{"href":"https:\/\/dev.eunitecidos.pt\/es\/wp-json\/wp\/v2\/types\/product"}],"replies":[{"embeddable":true,"href":"https:\/\/dev.eunitecidos.pt\/es\/wp-json\/wp\/v2\/comments?post=4531"}],"wp:featuredmedia":[{"embeddable":true,"href":"https:\/\/dev.eunitecidos.pt\/es\/wp-json\/wp\/v2\/media\/4422"}],"wp:attachment":[{"href":"https:\/\/dev.eunitecidos.pt\/es\/wp-json\/wp\/v2\/media?parent=4531"}],"wp:term":[{"taxonomy":"product_brand","embeddable":true,"href":"https:\/\/dev.eunitecidos.pt\/es\/wp-json\/wp\/v2\/product_brand?post=4531"},{"taxonomy":"product_cat","embeddable":true,"href":"https:\/\/dev.eunitecidos.pt\/es\/wp-json\/wp\/v2\/product_cat?post=4531"},{"taxonomy":"product_tag","embeddable":true,"href":"https:\/\/dev.eunitecidos.pt\/es\/wp-json\/wp\/v2\/product_tag?post=4531"}],"curies":[{"name":"wp","href":"https:\/\/api.w.org\/{rel}","templated":true}]}}