
{"id":4596,"date":"2021-07-23T14:49:37","date_gmt":"2021-07-23T14:49:37","guid":{"rendered":"https:\/\/dev.eunitecidos.pt\/?post_type=product&#038;p=4596"},"modified":"2021-08-24T21:49:39","modified_gmt":"2021-08-24T21:49:39","slug":"zipper-cursor-malha-3-turquesa-607","status":"publish","type":"product","link":"https:\/\/dev.eunitecidos.pt\/es\/loja\/retrosaria\/zippers-cursores\/zipper-cursor-malha-3-turquesa-607\/","title":{"rendered":"Cremallera | Cursor | Malla 3 | Turquesa 607"},"content":{"rendered":"","protected":false},"excerpt":{"rendered":"","protected":false},"featured_media":4008,"comment_status":"open","ping_status":"closed","template":"","meta":{"_seopress_robots_primary_cat":"0","_seopress_titles_title":"Compre j\u00e1 o Zipper Cursor de Malha 3 Turquesa na nossa loja!","_seopress_titles_desc":"Descubra o Cursor de Fecho e Malha 3 Turquesa na nossa loja online - qualidade e eleg\u00e2ncia numa s\u00f3 pe\u00e7a! Veja j\u00e1 as nossas op\u00e7\u00f5es de zipper.","_seopress_robots_index":""},"product_brand":[],"product_cat":[179],"product_tag":[],"class_list":{"0":"post-4596","1":"product","2":"type-product","3":"status-publish","4":"has-post-thumbnail","6":"product_cat-zippers-cursores","8":"first","9":"instock","10":"taxable","11":"shipping-taxable","12":"product-type-grouped"},"_links":{"self":[{"href":"https:\/\/dev.eunitecidos.pt\/es\/wp-json\/wp\/v2\/product\/4596","targetHints":{"allow":["GET"]}}],"collection":[{"href":"https:\/\/dev.eunitecidos.pt\/es\/wp-json\/wp\/v2\/product"}],"about":[{"href":"https:\/\/dev.eunitecidos.pt\/es\/wp-json\/wp\/v2\/types\/product"}],"replies":[{"embeddable":true,"href":"https:\/\/dev.eunitecidos.pt\/es\/wp-json\/wp\/v2\/comments?post=4596"}],"wp:featuredmedia":[{"embeddable":true,"href":"https:\/\/dev.eunitecidos.pt\/es\/wp-json\/wp\/v2\/media\/4008"}],"wp:attachment":[{"href":"https:\/\/dev.eunitecidos.pt\/es\/wp-json\/wp\/v2\/media?parent=4596"}],"wp:term":[{"taxonomy":"product_brand","embeddable":true,"href":"https:\/\/dev.eunitecidos.pt\/es\/wp-json\/wp\/v2\/product_brand?post=4596"},{"taxonomy":"product_cat","embeddable":true,"href":"https:\/\/dev.eunitecidos.pt\/es\/wp-json\/wp\/v2\/product_cat?post=4596"},{"taxonomy":"product_tag","embeddable":true,"href":"https:\/\/dev.eunitecidos.pt\/es\/wp-json\/wp\/v2\/product_tag?post=4596"}],"curies":[{"name":"wp","href":"https:\/\/api.w.org\/{rel}","templated":true}]}}