
{"id":5841,"date":"2021-08-10T23:32:43","date_gmt":"2021-08-10T23:32:43","guid":{"rendered":"https:\/\/dev.eunitecidos.pt\/?post_type=product&#038;p=5841"},"modified":"2023-10-09T12:57:40","modified_gmt":"2023-10-09T12:57:40","slug":"tecidos-100-algodao-1-10-largura-gatos-caes-lacos-2","status":"publish","type":"product","link":"https:\/\/dev.eunitecidos.pt\/es\/loja\/cores\/tecidos-100-algodao-1-10-largura-gatos-caes-lacos-2\/","title":{"rendered":"Tela 100% Algod\u00f3n | 1.10 Ancho | Gatos | Perros | Corbatas"},"content":{"rendered":"<p>Tela 100% Algod\u00f3n | 1.10 Ancho | Gatos | Perros | Corbatas<\/p>\n<p>1.10 Anchura<\/p>\n<div class=\"wp-menu-arrow\">\n<div><\/div>\n<\/div>\n<div class=\"wp-menu-image dashicons-before\" aria-hidden=\"true\"><\/div>\n<div class=\"wp-menu-name\"><\/div>\n<p>&nbsp;<\/p>","protected":false},"excerpt":{"rendered":"<p>Tela 100% Algod\u00f3n | 1.10 Ancho | Gatos | Perros | Lazos 1.10 Ancho &nbsp;<\/p>","protected":false},"featured_media":5775,"comment_status":"open","ping_status":"closed","template":"","meta":{"_seopress_robots_primary_cat":"122","_seopress_titles_title":"Tecidos 100% Algod\u00e3o | 1.10 Largura | Gatos | C\u00e3es | La\u00e7os","_seopress_titles_desc":"Explore a nossa vasta cole\u00e7\u00e3o de tecidos 100% algod\u00e3o com ador\u00e1veis estampas de gatos, c\u00e3es e la\u00e7os, todos com 1.10 de largura. Qualidade garantida!","_seopress_robots_index":""},"product_brand":[],"product_cat":[123,124,775,131,130,128,122,127,139,213,69],"product_tag":[488,315,307,298,319,778,1208,516,351,431,1198,491,118],"class_list":{"0":"post-5841","1":"product","2":"type-product","3":"status-publish","4":"has-post-thumbnail","6":"product_cat-amarelo","7":"product_cat-azul","8":"product_cat-bordo","9":"product_cat-branco","10":"product_cat-castanho","11":"product_cat-cinzento","12":"product_cat-cores","13":"product_cat-preto","14":"product_cat-tecidos-110m-largura","15":"product_cat-tematicos-110largura","16":"product_cat-texteis","17":"product_tag-1-10-largura","18":"product_tag-100-algodao","19":"product_tag-amarelo","20":"product_tag-azul","21":"product_tag-bege","22":"product_tag-bordo","23":"product_tag-caes","24":"product_tag-castanho","25":"product_tag-cinza","26":"product_tag-gatos","27":"product_tag-lacos","28":"product_tag-preto","29":"product_tag-promocao","31":"first","32":"instock","33":"taxable","34":"shipping-taxable","35":"purchasable","36":"product-type-simple"},"_links":{"self":[{"href":"https:\/\/dev.eunitecidos.pt\/es\/wp-json\/wp\/v2\/product\/5841","targetHints":{"allow":["GET"]}}],"collection":[{"href":"https:\/\/dev.eunitecidos.pt\/es\/wp-json\/wp\/v2\/product"}],"about":[{"href":"https:\/\/dev.eunitecidos.pt\/es\/wp-json\/wp\/v2\/types\/product"}],"replies":[{"embeddable":true,"href":"https:\/\/dev.eunitecidos.pt\/es\/wp-json\/wp\/v2\/comments?post=5841"}],"wp:featuredmedia":[{"embeddable":true,"href":"https:\/\/dev.eunitecidos.pt\/es\/wp-json\/wp\/v2\/media\/5775"}],"wp:attachment":[{"href":"https:\/\/dev.eunitecidos.pt\/es\/wp-json\/wp\/v2\/media?parent=5841"}],"wp:term":[{"taxonomy":"product_brand","embeddable":true,"href":"https:\/\/dev.eunitecidos.pt\/es\/wp-json\/wp\/v2\/product_brand?post=5841"},{"taxonomy":"product_cat","embeddable":true,"href":"https:\/\/dev.eunitecidos.pt\/es\/wp-json\/wp\/v2\/product_cat?post=5841"},{"taxonomy":"product_tag","embeddable":true,"href":"https:\/\/dev.eunitecidos.pt\/es\/wp-json\/wp\/v2\/product_tag?post=5841"}],"curies":[{"name":"wp","href":"https:\/\/api.w.org\/{rel}","templated":true}]}}