
{"id":6676,"date":"2021-09-21T13:27:52","date_gmt":"2021-09-21T13:27:52","guid":{"rendered":"https:\/\/dev.eunitecidos.pt\/?post_type=product&#038;p=6676"},"modified":"2025-02-13T15:40:24","modified_gmt":"2025-02-13T15:40:24","slug":"tecidos-100-algodao-oculos","status":"publish","type":"product","link":"https:\/\/dev.eunitecidos.pt\/es\/loja\/cores\/tecidos-100-algodao-oculos\/","title":{"rendered":"Telas 100% Algod\u00f3n | Gafas"},"content":{"rendered":"<p>Telas 100% Algod\u00f3n | Gafas<\/p>\n<p>100% Algod\u00f3n<\/p>\n<p>1,50 Anchura<\/p>\n<p>Profesiones<\/p>","protected":false},"excerpt":{"rendered":"<p>Tecidos 100% Algod\u00e3o | \u00d3culos 100% Algod\u00e3o 1,50 Largura Profiss\u00f5es<\/p>","protected":false},"featured_media":6659,"comment_status":"closed","ping_status":"closed","template":"","meta":{"_seopress_robots_primary_cat":"122","_seopress_titles_title":"Tecidos 100% Algod\u00e3o | \u00d3culos 100% Algod\u00e3o 1,50 Largura Profiss\u00f5es","_seopress_titles_desc":"Encontre tecidos e \u00f3culos 100% algod\u00e3o para profiss\u00f5es em nossa loja. Produtos de qualidade com 1,50m de largura. Confira j\u00e1!","_seopress_robots_index":""},"product_brand":[],"product_cat":[123,124,131,122,127,132,135,199,69,125,126],"product_tag":[315,307,298,321,853,491,1599,320,289,453],"class_list":{"0":"post-6676","1":"product","2":"type-product","3":"status-publish","4":"has-post-thumbnail","6":"product_cat-amarelo","7":"product_cat-azul","8":"product_cat-branco","9":"product_cat-cores","10":"product_cat-preto","11":"product_cat-rosa","12":"product_cat-tecido-100-algodao","13":"product_cat-tematicos","14":"product_cat-texteis","15":"product_cat-verde","16":"product_cat-vermelho","17":"product_tag-100-algodao","18":"product_tag-amarelo","19":"product_tag-azul","20":"product_tag-branco","21":"product_tag-oculos-de-sol","22":"product_tag-preto","23":"product_tag-profissoes","24":"product_tag-rosa","25":"product_tag-tecido","26":"product_tag-vermelho","28":"first","29":"instock","30":"taxable","31":"shipping-taxable","32":"purchasable","33":"product-type-simple"},"_links":{"self":[{"href":"https:\/\/dev.eunitecidos.pt\/es\/wp-json\/wp\/v2\/product\/6676","targetHints":{"allow":["GET"]}}],"collection":[{"href":"https:\/\/dev.eunitecidos.pt\/es\/wp-json\/wp\/v2\/product"}],"about":[{"href":"https:\/\/dev.eunitecidos.pt\/es\/wp-json\/wp\/v2\/types\/product"}],"replies":[{"embeddable":true,"href":"https:\/\/dev.eunitecidos.pt\/es\/wp-json\/wp\/v2\/comments?post=6676"}],"wp:featuredmedia":[{"embeddable":true,"href":"https:\/\/dev.eunitecidos.pt\/es\/wp-json\/wp\/v2\/media\/6659"}],"wp:attachment":[{"href":"https:\/\/dev.eunitecidos.pt\/es\/wp-json\/wp\/v2\/media?parent=6676"}],"wp:term":[{"taxonomy":"product_brand","embeddable":true,"href":"https:\/\/dev.eunitecidos.pt\/es\/wp-json\/wp\/v2\/product_brand?post=6676"},{"taxonomy":"product_cat","embeddable":true,"href":"https:\/\/dev.eunitecidos.pt\/es\/wp-json\/wp\/v2\/product_cat?post=6676"},{"taxonomy":"product_tag","embeddable":true,"href":"https:\/\/dev.eunitecidos.pt\/es\/wp-json\/wp\/v2\/product_tag?post=6676"}],"curies":[{"name":"wp","href":"https:\/\/api.w.org\/{rel}","templated":true}]}}