
{"id":6791,"date":"2021-09-22T19:48:04","date_gmt":"2021-09-22T19:48:04","guid":{"rendered":"https:\/\/dev.eunitecidos.pt\/?post_type=product&#038;p=6791"},"modified":"2022-10-13T21:03:15","modified_gmt":"2022-10-13T21:03:15","slug":"xadrez-escoces-tartan-18","status":"publish","type":"product","link":"https:\/\/dev.eunitecidos.pt\/es\/loja\/cores\/xadrez-escoces-tartan-18\/","title":{"rendered":"Ajedrez escoc\u00e9s | Tart\u00e1n"},"content":{"rendered":"<p>Ajedrez escoc\u00e9s | Tart\u00e1n<\/p>\n<p><span style=\"font-size: 14.4px\">1,50 Anchura<\/span><\/p>\n<p>80% Poli\u00e9ster<\/p>\n<p>18% Ray\u00f3n<\/p>\n<p>2% Spandex<\/p>\n<p>Certificado OEKO-TEX<\/p>","protected":false},"excerpt":{"rendered":"<p>Cuadros escoceses | Tart\u00e1n 1,50 Ancho 80% Poli\u00e9ster 18% Ray\u00f3n 2% Spandex Certificado OEKO-TEX<\/p>","protected":false},"featured_media":6754,"comment_status":"closed","ping_status":"closed","template":"","meta":{"_seopress_robots_primary_cat":"122","_seopress_titles_title":"Xadrez Escoc\u00eas Tartan 1.50 Largura 80% Poli\u00e9ster","_seopress_titles_desc":"Obtenha tecido xadrez escoc\u00eas Tartan 1.50 largura 80% poli\u00e9ster 18% rayon 2% spandex Certificado OEKO-TEX. Perfeito para o seu pr\u00f3ximo projeto de costura!","_seopress_robots_index":""},"product_brand":[],"product_cat":[123,124,131,122,127,69,126,1611],"product_tag":[307,298,321,721,1612,491,1613,453,444],"class_list":{"0":"post-6791","1":"product","2":"type-product","3":"status-publish","4":"has-post-thumbnail","6":"product_cat-amarelo","7":"product_cat-azul","8":"product_cat-branco","9":"product_cat-cores","10":"product_cat-preto","11":"product_cat-texteis","12":"product_cat-vermelho","13":"product_cat-xadres-escoces","14":"product_tag-amarelo","15":"product_tag-azul","16":"product_tag-branco","17":"product_tag-certificado-oeko-tex","18":"product_tag-escoces","19":"product_tag-preto","20":"product_tag-tartan","21":"product_tag-vermelho","22":"product_tag-xadrez","24":"first","25":"instock","26":"taxable","27":"shipping-taxable","28":"purchasable","29":"product-type-simple"},"_links":{"self":[{"href":"https:\/\/dev.eunitecidos.pt\/es\/wp-json\/wp\/v2\/product\/6791","targetHints":{"allow":["GET"]}}],"collection":[{"href":"https:\/\/dev.eunitecidos.pt\/es\/wp-json\/wp\/v2\/product"}],"about":[{"href":"https:\/\/dev.eunitecidos.pt\/es\/wp-json\/wp\/v2\/types\/product"}],"replies":[{"embeddable":true,"href":"https:\/\/dev.eunitecidos.pt\/es\/wp-json\/wp\/v2\/comments?post=6791"}],"wp:featuredmedia":[{"embeddable":true,"href":"https:\/\/dev.eunitecidos.pt\/es\/wp-json\/wp\/v2\/media\/6754"}],"wp:attachment":[{"href":"https:\/\/dev.eunitecidos.pt\/es\/wp-json\/wp\/v2\/media?parent=6791"}],"wp:term":[{"taxonomy":"product_brand","embeddable":true,"href":"https:\/\/dev.eunitecidos.pt\/es\/wp-json\/wp\/v2\/product_brand?post=6791"},{"taxonomy":"product_cat","embeddable":true,"href":"https:\/\/dev.eunitecidos.pt\/es\/wp-json\/wp\/v2\/product_cat?post=6791"},{"taxonomy":"product_tag","embeddable":true,"href":"https:\/\/dev.eunitecidos.pt\/es\/wp-json\/wp\/v2\/product_tag?post=6791"}],"curies":[{"name":"wp","href":"https:\/\/api.w.org\/{rel}","templated":true}]}}