
{"id":6830,"date":"2021-09-23T11:50:41","date_gmt":"2021-09-23T11:50:41","guid":{"rendered":"https:\/\/dev.eunitecidos.pt\/?post_type=product&#038;p=6830"},"modified":"2024-02-20T10:11:27","modified_gmt":"2024-02-20T10:11:27","slug":"xadrez-escoces-tartan-35","status":"publish","type":"product","link":"https:\/\/dev.eunitecidos.pt\/es\/loja\/cores\/xadrez-escoces-tartan-35\/","title":{"rendered":"Ajedrez escoc\u00e9s | Tart\u00e1n"},"content":{"rendered":"<p>Ajedrez escoc\u00e9s | Tart\u00e1n<\/p>\n<p>1,50 Anchura<\/p>\n<p>80% Poli\u00e9ster<\/p>\n<p>18% Ray\u00f3n<\/p>\n<p>7% Spandex<\/p>\n<p>&nbsp;<\/p>","protected":false},"excerpt":{"rendered":"<p>Cuadros escoceses | Tart\u00e1n 1.50 Ancho 80% Poli\u00e9ster 18% Ray\u00f3n 7% Spandex &nbsp;<\/p>","protected":false},"featured_media":6716,"comment_status":"closed","ping_status":"closed","template":"","meta":{"_seopress_robots_primary_cat":"122","_seopress_titles_title":"Xadrez Escoc\u00eas Tartan | 1.50 Largura 80% Poli\u00e9ster","_seopress_titles_desc":"Descubra o tecido Xadrez Escoc\u00eas Tartan com 1.50m de largura e composi\u00e7\u00e3o 80% poli\u00e9ster, 18% rayon e 7% spandex. Perfeito para criar pe\u00e7as \u00fanicas!","_seopress_robots_index":""},"product_brand":[],"product_cat":[325,130,122,129,127,132,69,1611],"product_tag":[319,516,457,1612,424,491,1613,444],"class_list":{"0":"post-6830","1":"product","2":"type-product","3":"status-publish","4":"has-post-thumbnail","6":"product_cat-bege","7":"product_cat-castanho","8":"product_cat-cores","9":"product_cat-laranja","10":"product_cat-preto","11":"product_cat-rosa","12":"product_cat-texteis","13":"product_cat-xadres-escoces","14":"product_tag-bege","15":"product_tag-castanho","16":"product_tag-cor-de-rosa","17":"product_tag-escoces","18":"product_tag-laranja","19":"product_tag-preto","20":"product_tag-tartan","21":"product_tag-xadrez","23":"first","24":"instock","25":"taxable","26":"shipping-taxable","27":"purchasable","28":"product-type-simple"},"_links":{"self":[{"href":"https:\/\/dev.eunitecidos.pt\/es\/wp-json\/wp\/v2\/product\/6830","targetHints":{"allow":["GET"]}}],"collection":[{"href":"https:\/\/dev.eunitecidos.pt\/es\/wp-json\/wp\/v2\/product"}],"about":[{"href":"https:\/\/dev.eunitecidos.pt\/es\/wp-json\/wp\/v2\/types\/product"}],"replies":[{"embeddable":true,"href":"https:\/\/dev.eunitecidos.pt\/es\/wp-json\/wp\/v2\/comments?post=6830"}],"wp:featuredmedia":[{"embeddable":true,"href":"https:\/\/dev.eunitecidos.pt\/es\/wp-json\/wp\/v2\/media\/6716"}],"wp:attachment":[{"href":"https:\/\/dev.eunitecidos.pt\/es\/wp-json\/wp\/v2\/media?parent=6830"}],"wp:term":[{"taxonomy":"product_brand","embeddable":true,"href":"https:\/\/dev.eunitecidos.pt\/es\/wp-json\/wp\/v2\/product_brand?post=6830"},{"taxonomy":"product_cat","embeddable":true,"href":"https:\/\/dev.eunitecidos.pt\/es\/wp-json\/wp\/v2\/product_cat?post=6830"},{"taxonomy":"product_tag","embeddable":true,"href":"https:\/\/dev.eunitecidos.pt\/es\/wp-json\/wp\/v2\/product_tag?post=6830"}],"curies":[{"name":"wp","href":"https:\/\/api.w.org\/{rel}","templated":true}]}}