
{"id":6835,"date":"2021-09-23T11:48:45","date_gmt":"2021-09-23T11:48:45","guid":{"rendered":"https:\/\/dev.eunitecidos.pt\/?post_type=product&#038;p=6835"},"modified":"2022-10-13T21:04:43","modified_gmt":"2022-10-13T21:04:43","slug":"xadrez-escoces-tartan-33","status":"publish","type":"product","link":"https:\/\/dev.eunitecidos.pt\/es\/loja\/cores\/xadrez-escoces-tartan-33\/","title":{"rendered":"Ajedrez escoc\u00e9s | Tart\u00e1n"},"content":{"rendered":"<p>Ajedrez escoc\u00e9s | Tart\u00e1n<\/p>\n<p>1,50 Anchura<\/p>\n<p>80% Poli\u00e9ster<\/p>\n<p>18% Ray\u00f3n<\/p>\n<p>7% Spandex<\/p>\n<p>&nbsp;<\/p>","protected":false},"excerpt":{"rendered":"<p>Cuadros escoceses | Tart\u00e1n 1.50 Ancho 80% Poli\u00e9ster 18% Ray\u00f3n 7% Spandex &nbsp;<\/p>","protected":false},"featured_media":6710,"comment_status":"closed","ping_status":"closed","template":"","meta":{"_seopress_robots_primary_cat":"122","_seopress_titles_title":"Xadrez Escoc\u00eas Tartan 1.50 | Tecido Poli\u00e9ster, Rayon e Spandex","_seopress_titles_desc":"Descubra o tecido xadrez escoc\u00eas Tartan com 1.50 de largura. Feito com materiais de qualidade, perfeito para criar pe\u00e7as \u00fanicas. Compre j\u00e1!","_seopress_robots_index":""},"product_brand":[],"product_cat":[131,128,122,127,69,126,1611],"product_tag":[321,318,1612,491,1613,453,444],"class_list":{"0":"post-6835","1":"product","2":"type-product","3":"status-publish","4":"has-post-thumbnail","6":"product_cat-branco","7":"product_cat-cinzento","8":"product_cat-cores","9":"product_cat-preto","10":"product_cat-texteis","11":"product_cat-vermelho","12":"product_cat-xadres-escoces","13":"product_tag-branco","14":"product_tag-cinzento","15":"product_tag-escoces","16":"product_tag-preto","17":"product_tag-tartan","18":"product_tag-vermelho","19":"product_tag-xadrez","21":"first","22":"instock","23":"taxable","24":"shipping-taxable","25":"purchasable","26":"product-type-simple"},"_links":{"self":[{"href":"https:\/\/dev.eunitecidos.pt\/es\/wp-json\/wp\/v2\/product\/6835","targetHints":{"allow":["GET"]}}],"collection":[{"href":"https:\/\/dev.eunitecidos.pt\/es\/wp-json\/wp\/v2\/product"}],"about":[{"href":"https:\/\/dev.eunitecidos.pt\/es\/wp-json\/wp\/v2\/types\/product"}],"replies":[{"embeddable":true,"href":"https:\/\/dev.eunitecidos.pt\/es\/wp-json\/wp\/v2\/comments?post=6835"}],"wp:featuredmedia":[{"embeddable":true,"href":"https:\/\/dev.eunitecidos.pt\/es\/wp-json\/wp\/v2\/media\/6710"}],"wp:attachment":[{"href":"https:\/\/dev.eunitecidos.pt\/es\/wp-json\/wp\/v2\/media?parent=6835"}],"wp:term":[{"taxonomy":"product_brand","embeddable":true,"href":"https:\/\/dev.eunitecidos.pt\/es\/wp-json\/wp\/v2\/product_brand?post=6835"},{"taxonomy":"product_cat","embeddable":true,"href":"https:\/\/dev.eunitecidos.pt\/es\/wp-json\/wp\/v2\/product_cat?post=6835"},{"taxonomy":"product_tag","embeddable":true,"href":"https:\/\/dev.eunitecidos.pt\/es\/wp-json\/wp\/v2\/product_tag?post=6835"}],"curies":[{"name":"wp","href":"https:\/\/api.w.org\/{rel}","templated":true}]}}