
{"id":7225,"date":"2021-10-01T09:51:40","date_gmt":"2021-10-01T09:51:40","guid":{"rendered":"https:\/\/dev.eunitecidos.pt\/?post_type=product&#038;p=7225"},"modified":"2024-11-26T15:51:35","modified_gmt":"2024-11-26T15:51:35","slug":"tecido-minky-vermelho","status":"publish","type":"product","link":"https:\/\/dev.eunitecidos.pt\/es\/loja\/cores\/tecido-minky-vermelho\/","title":{"rendered":"Tejido Minky | Rojo"},"content":{"rendered":"<p>Tejido Minky | Rojo<\/p>\n<p>Tejido muy suave, con un tacto extremadamente suave y aterciopelado, similar al terciopelo y al coral.<\/p>\n<p>Tiene algunos puntos elevados y no suelta pelo.<\/p>\n<p>Ideal para hacer art\u00edculos para beb\u00e9s.<\/p>\n<p>Debe lavarse a una temperatura m\u00e1xima de 30 grados, a mano o a m\u00e1quina.<\/p>\n<p>100% Poli\u00e9ster<\/p>\n<p>1,50 Anchura<\/p>","protected":false},"excerpt":{"rendered":"<p>Tecido Minky | Vermelho Tecido muito suave, com um toque extremamente macio e aveludado, parecido com o veludo e a coralina. Apresenta umas bolinhas em relevo e n\u00e3o larga p\u00ealo. Ideal para a confe\u00e7\u00e3o de artigos de beb\u00e9. Deve ser lavado a uma temperatura m\u00e1xima de 30 graus, \u00e1 m\u00e3o ou \u00e1 m\u00e1quina. 100% Poli\u00e9ster [&hellip;]<\/p>","protected":false},"featured_media":7236,"comment_status":"closed","ping_status":"closed","template":"","meta":{"_seopress_robots_primary_cat":"122","_seopress_titles_title":"Tecido Minky Vermelho | Suave e Aveludado para Artigos de Beb\u00e9","_seopress_titles_desc":"Tecido Minky vermelho extremamente macio e aveludado, perfeito para artigos de beb\u00e9. 100% Poli\u00e9ster, n\u00e3o larga p\u00ealo. Lavagem f\u00e1cil a 30\u00baC.","_seopress_robots_index":""},"product_brand":[],"product_cat":[122,143,69,126],"product_tag":[707,677,1647,453],"class_list":{"0":"post-7225","1":"product","2":"type-product","3":"status-publish","4":"has-post-thumbnail","6":"product_cat-cores","7":"product_cat-minkys","8":"product_cat-texteis","9":"product_cat-vermelho","10":"product_tag-100-poliester","11":"product_tag-liso","12":"product_tag-tecido-minky","13":"product_tag-vermelho","15":"first","16":"instock","17":"taxable","18":"shipping-taxable","19":"purchasable","20":"product-type-simple"},"_links":{"self":[{"href":"https:\/\/dev.eunitecidos.pt\/es\/wp-json\/wp\/v2\/product\/7225","targetHints":{"allow":["GET"]}}],"collection":[{"href":"https:\/\/dev.eunitecidos.pt\/es\/wp-json\/wp\/v2\/product"}],"about":[{"href":"https:\/\/dev.eunitecidos.pt\/es\/wp-json\/wp\/v2\/types\/product"}],"replies":[{"embeddable":true,"href":"https:\/\/dev.eunitecidos.pt\/es\/wp-json\/wp\/v2\/comments?post=7225"}],"wp:featuredmedia":[{"embeddable":true,"href":"https:\/\/dev.eunitecidos.pt\/es\/wp-json\/wp\/v2\/media\/7236"}],"wp:attachment":[{"href":"https:\/\/dev.eunitecidos.pt\/es\/wp-json\/wp\/v2\/media?parent=7225"}],"wp:term":[{"taxonomy":"product_brand","embeddable":true,"href":"https:\/\/dev.eunitecidos.pt\/es\/wp-json\/wp\/v2\/product_brand?post=7225"},{"taxonomy":"product_cat","embeddable":true,"href":"https:\/\/dev.eunitecidos.pt\/es\/wp-json\/wp\/v2\/product_cat?post=7225"},{"taxonomy":"product_tag","embeddable":true,"href":"https:\/\/dev.eunitecidos.pt\/es\/wp-json\/wp\/v2\/product_tag?post=7225"}],"curies":[{"name":"wp","href":"https:\/\/api.w.org\/{rel}","templated":true}]}}