
{"id":7792,"date":"2021-10-06T20:51:38","date_gmt":"2021-10-06T20:51:38","guid":{"rendered":"https:\/\/dev.eunitecidos.pt\/?post_type=product&#038;p=7792"},"modified":"2025-07-30T10:21:59","modified_gmt":"2025-07-30T10:21:59","slug":"tecido-100-algodao-marmoreado-rosa-4","status":"publish","type":"product","link":"https:\/\/dev.eunitecidos.pt\/es\/loja\/cores\/rosa\/tecido-100-algodao-marmoreado-rosa-4\/","title":{"rendered":"Tecido 100% Algod\u00e3o | Marmoreado | Rosa (4000)"},"content":{"rendered":"<p>Tela 100% Algod\u00f3n | Jaspeado | Rosa 4<\/p>\n<p>100% Algod\u00f3n<\/p>\n<p>Algod\u00f3n org\u00e1nico<\/p>\n<p>Certificado Oeko-Tex<\/p>\n<p>Certificado GOTS<\/p>\n<p>1,50 Anchura<\/p>","protected":false},"excerpt":{"rendered":"<p>Tecido 100% Algod\u00e3o | Marmoreado | Rosa 4 100% Algod\u00e3o Algod\u00e3o Org\u00e2nico Certificado Oeko-Tex Certificado GOTS 1,50 Largura<\/p>","protected":false},"featured_media":7781,"comment_status":"closed","ping_status":"closed","template":"","meta":{"_seopress_robots_primary_cat":"132","_seopress_titles_title":"Tecido 100% Algod\u00e3o Marmoreado Rosa | Certificados Oeko-Tex e GOTS","_seopress_titles_desc":"Descubra o tecido 100% Algod\u00e3o Org\u00e2nico Certificado, com padr\u00e3o marmoreado em rosa. Largura de 1,50m. Garanta qualidade e sustentabilidade para os seus projetos!","_seopress_robots_index":""},"product_brand":[],"product_cat":[194,122,188,132,135,69],"product_tag":[315,443,1656,721,1687,1686,723,289],"class_list":{"0":"post-7792","1":"product","2":"type-product","3":"status-publish","4":"has-post-thumbnail","6":"product_cat-algodao-organico","7":"product_cat-cores","8":"product_cat-marmoreados","9":"product_cat-rosa","10":"product_cat-tecido-100-algodao","11":"product_cat-texteis","12":"product_tag-100-algodao","13":"product_tag-algodao-organico","14":"product_tag-certificado-gots","15":"product_tag-certificado-oeko-tex","16":"product_tag-falsos-lisos","17":"product_tag-marmoreado","18":"product_tag-rosa-fuscia","19":"product_tag-tecido","21":"first","22":"instock","23":"taxable","24":"shipping-taxable","25":"purchasable","26":"product-type-simple"},"_links":{"self":[{"href":"https:\/\/dev.eunitecidos.pt\/es\/wp-json\/wp\/v2\/product\/7792","targetHints":{"allow":["GET"]}}],"collection":[{"href":"https:\/\/dev.eunitecidos.pt\/es\/wp-json\/wp\/v2\/product"}],"about":[{"href":"https:\/\/dev.eunitecidos.pt\/es\/wp-json\/wp\/v2\/types\/product"}],"replies":[{"embeddable":true,"href":"https:\/\/dev.eunitecidos.pt\/es\/wp-json\/wp\/v2\/comments?post=7792"}],"wp:featuredmedia":[{"embeddable":true,"href":"https:\/\/dev.eunitecidos.pt\/es\/wp-json\/wp\/v2\/media\/7781"}],"wp:attachment":[{"href":"https:\/\/dev.eunitecidos.pt\/es\/wp-json\/wp\/v2\/media?parent=7792"}],"wp:term":[{"taxonomy":"product_brand","embeddable":true,"href":"https:\/\/dev.eunitecidos.pt\/es\/wp-json\/wp\/v2\/product_brand?post=7792"},{"taxonomy":"product_cat","embeddable":true,"href":"https:\/\/dev.eunitecidos.pt\/es\/wp-json\/wp\/v2\/product_cat?post=7792"},{"taxonomy":"product_tag","embeddable":true,"href":"https:\/\/dev.eunitecidos.pt\/es\/wp-json\/wp\/v2\/product_tag?post=7792"}],"curies":[{"name":"wp","href":"https:\/\/api.w.org\/{rel}","templated":true}]}}