
{"id":7809,"date":"2021-10-06T20:04:00","date_gmt":"2021-10-06T20:04:00","guid":{"rendered":"https:\/\/dev.eunitecidos.pt\/?post_type=product&#038;p=7809"},"modified":"2025-07-30T10:31:05","modified_gmt":"2025-07-30T10:31:05","slug":"tecido-100-algodao-marmoreado-castanho-2","status":"publish","type":"product","link":"https:\/\/dev.eunitecidos.pt\/es\/loja\/cores\/tecido-100-algodao-marmoreado-castanho-2\/","title":{"rendered":"Tecido 100% Algod\u00e3o | Marmoreado | Castanho (2001)"},"content":{"rendered":"<p>Tela 100% Algod\u00f3n | Jaspeado | Marr\u00f3n 2<\/p>\n<p>100% Algod\u00f3n<\/p>\n<p>Algod\u00f3n org\u00e1nico<\/p>\n<p>Certificado Oeko-Tex<\/p>\n<p>Certificado GOTS<\/p>\n<p>1,50 Anchura<\/p>","protected":false},"excerpt":{"rendered":"<p>Tejido 100% Algod\u00f3n | Jaspeado | Marr\u00f3n 2 100% Algod\u00f3n Ecol\u00f3gico Certificado Oeko-Tex GOTS 1,50 Ancho<\/p>","protected":false},"featured_media":7764,"comment_status":"closed","ping_status":"closed","template":"","meta":{"_seopress_robots_primary_cat":"122","_seopress_titles_title":"Tecido 100% Algod\u00e3o Marmoreado Castanho | Org\u00e2nico Certificado","_seopress_titles_desc":"Descubra o tecido de 100% algod\u00e3o org\u00e2nico certificado, com padr\u00e3o marmoreado em tons de castanho. Largura de 1,50m. Economize na sua next project!","_seopress_robots_index":""},"product_brand":[],"product_cat":[194,130,122,188,135,69],"product_tag":[315,443,516,1656,721,1687,1686,289],"class_list":{"0":"post-7809","1":"product","2":"type-product","3":"status-publish","4":"has-post-thumbnail","6":"product_cat-algodao-organico","7":"product_cat-castanho","8":"product_cat-cores","9":"product_cat-marmoreados","10":"product_cat-tecido-100-algodao","11":"product_cat-texteis","12":"product_tag-100-algodao","13":"product_tag-algodao-organico","14":"product_tag-castanho","15":"product_tag-certificado-gots","16":"product_tag-certificado-oeko-tex","17":"product_tag-falsos-lisos","18":"product_tag-marmoreado","19":"product_tag-tecido","21":"first","22":"instock","23":"taxable","24":"shipping-taxable","25":"purchasable","26":"product-type-simple"},"_links":{"self":[{"href":"https:\/\/dev.eunitecidos.pt\/es\/wp-json\/wp\/v2\/product\/7809","targetHints":{"allow":["GET"]}}],"collection":[{"href":"https:\/\/dev.eunitecidos.pt\/es\/wp-json\/wp\/v2\/product"}],"about":[{"href":"https:\/\/dev.eunitecidos.pt\/es\/wp-json\/wp\/v2\/types\/product"}],"replies":[{"embeddable":true,"href":"https:\/\/dev.eunitecidos.pt\/es\/wp-json\/wp\/v2\/comments?post=7809"}],"wp:featuredmedia":[{"embeddable":true,"href":"https:\/\/dev.eunitecidos.pt\/es\/wp-json\/wp\/v2\/media\/7764"}],"wp:attachment":[{"href":"https:\/\/dev.eunitecidos.pt\/es\/wp-json\/wp\/v2\/media?parent=7809"}],"wp:term":[{"taxonomy":"product_brand","embeddable":true,"href":"https:\/\/dev.eunitecidos.pt\/es\/wp-json\/wp\/v2\/product_brand?post=7809"},{"taxonomy":"product_cat","embeddable":true,"href":"https:\/\/dev.eunitecidos.pt\/es\/wp-json\/wp\/v2\/product_cat?post=7809"},{"taxonomy":"product_tag","embeddable":true,"href":"https:\/\/dev.eunitecidos.pt\/es\/wp-json\/wp\/v2\/product_tag?post=7809"}],"curies":[{"name":"wp","href":"https:\/\/api.w.org\/{rel}","templated":true}]}}