
{"id":8571,"date":"2021-10-18T14:48:42","date_gmt":"2021-10-18T14:48:42","guid":{"rendered":"https:\/\/dev.eunitecidos.pt\/?post_type=product&#038;p=8571"},"modified":"2025-08-27T15:22:48","modified_gmt":"2025-08-27T15:22:48","slug":"tecido-loneta-estampado-natal-3","status":"publish","type":"product","link":"https:\/\/dev.eunitecidos.pt\/es\/loja\/cores\/tecido-loneta-estampado-natal-3\/","title":{"rendered":"Tejido Loneta | Estampado | Navidad\u00a0"},"content":{"rendered":"<p>Tejido Loneta | Estampado | Navidad<\/p>\n<p>Hilo de l\u00farex dorado<\/p>\n<p>Composici\u00f3n: 65% Algod\u00f3n\/35% Poli\u00e9ster<\/p>\n<p>2,80 Anchura<\/p>","protected":false},"excerpt":{"rendered":"<p>Tecido Loneta | Estampado | Natal Fio de Lurex Dourado Composi\u00e7\u00e3o: 65% Algod\u00e3o\/35% Poli\u00e9ster 2,80 Largura<\/p>","protected":false},"featured_media":8562,"comment_status":"closed","ping_status":"closed","template":"","meta":{"_seopress_robots_primary_cat":"122","_seopress_titles_title":"Tecido Loneta Estampado Natal Fio de Lurex Dourado","_seopress_titles_desc":"","_seopress_robots_index":""},"product_brand":[],"product_cat":[124,325,130,122,244,242,2518,159,199,69,126],"product_tag":[772,1578,319,823,885,706,340,1580,1575,1658,1659,1172],"class_list":{"0":"post-8571","1":"product","2":"type-product","3":"status-publish","4":"has-post-thumbnail","6":"product_cat-azul","7":"product_cat-bege","8":"product_cat-castanho","9":"product_cat-cores","10":"product_cat-estampadas-lonetas","11":"product_cat-lonetas","12":"product_cat-natal","13":"product_cat-tecidos-decoracao","14":"product_cat-tematicos","15":"product_cat-texteis","16":"product_cat-vermelho","17":"product_tag-almofadas","18":"product_tag-azevinho","19":"product_tag-bege","20":"product_tag-cortinados","21":"product_tag-cru","22":"product_tag-decoracao","23":"product_tag-estampado","24":"product_tag-flocos-de-neve","25":"product_tag-natal","26":"product_tag-rena","27":"product_tag-tecido-loneta","28":"product_tag-tons-azuis","30":"first","31":"instock","32":"taxable","33":"shipping-taxable","34":"purchasable","35":"product-type-simple"},"_links":{"self":[{"href":"https:\/\/dev.eunitecidos.pt\/es\/wp-json\/wp\/v2\/product\/8571","targetHints":{"allow":["GET"]}}],"collection":[{"href":"https:\/\/dev.eunitecidos.pt\/es\/wp-json\/wp\/v2\/product"}],"about":[{"href":"https:\/\/dev.eunitecidos.pt\/es\/wp-json\/wp\/v2\/types\/product"}],"replies":[{"embeddable":true,"href":"https:\/\/dev.eunitecidos.pt\/es\/wp-json\/wp\/v2\/comments?post=8571"}],"wp:featuredmedia":[{"embeddable":true,"href":"https:\/\/dev.eunitecidos.pt\/es\/wp-json\/wp\/v2\/media\/8562"}],"wp:attachment":[{"href":"https:\/\/dev.eunitecidos.pt\/es\/wp-json\/wp\/v2\/media?parent=8571"}],"wp:term":[{"taxonomy":"product_brand","embeddable":true,"href":"https:\/\/dev.eunitecidos.pt\/es\/wp-json\/wp\/v2\/product_brand?post=8571"},{"taxonomy":"product_cat","embeddable":true,"href":"https:\/\/dev.eunitecidos.pt\/es\/wp-json\/wp\/v2\/product_cat?post=8571"},{"taxonomy":"product_tag","embeddable":true,"href":"https:\/\/dev.eunitecidos.pt\/es\/wp-json\/wp\/v2\/product_tag?post=8571"}],"curies":[{"name":"wp","href":"https:\/\/api.w.org\/{rel}","templated":true}]}}