
{"id":8574,"date":"2021-10-18T17:54:10","date_gmt":"2021-10-18T17:54:10","guid":{"rendered":"https:\/\/dev.eunitecidos.pt\/?post_type=product&#038;p=8574"},"modified":"2023-02-12T21:10:55","modified_gmt":"2023-02-12T21:10:55","slug":"tecido-loneta-estampado-tradicional-azulejo","status":"publish","type":"product","link":"https:\/\/dev.eunitecidos.pt\/es\/loja\/cores\/tecido-loneta-estampado-tradicional-azulejo\/","title":{"rendered":"Tejido Loneta | Estampado | Tradicional | Teja"},"content":{"rendered":"<p>Tejido Loneta | Estampado | Tradicional | Teja<\/p>\n<p>Composici\u00f3n: 70% Algod\u00f3n\/30% Poli\u00e9ster<\/p>\n<p>2,80 Anchura<\/p>","protected":false},"excerpt":{"rendered":"<p>Tejido Loneta | Estampado | Tradicional | Teja Composici\u00f3n: 70% Algod\u00f3n\/30% Poli\u00e9ster 2.80 Ancho<\/p>","protected":false},"featured_media":8543,"comment_status":"closed","ping_status":"closed","template":"","meta":{"_seopress_robots_primary_cat":"122","_seopress_titles_title":"Tecido Loneta Tradicional Estampado Azulejo | 70% Algod\u00e3o\/30% Poli\u00e9ster","_seopress_titles_desc":"Descubra o tecido loneta estampado tradicional de azulejo, composto por 70% algod\u00e3o e 30% poli\u00e9ster. Largura de 2,80m. Aproveite j\u00e1!","_seopress_robots_index":""},"product_brand":[],"product_cat":[124,325,775,131,130,128,122,244,129,242,159,69],"product_tag":[772,298,821,778,321,516,318,823,706,340,424,1659,1779],"class_list":{"0":"post-8574","1":"product","2":"type-product","3":"status-publish","4":"has-post-thumbnail","6":"product_cat-azul","7":"product_cat-bege","8":"product_cat-bordo","9":"product_cat-branco","10":"product_cat-castanho","11":"product_cat-cinzento","12":"product_cat-cores","13":"product_cat-estampadas-lonetas","14":"product_cat-laranja","15":"product_cat-lonetas","16":"product_cat-tecidos-decoracao","17":"product_cat-texteis","18":"product_tag-almofadas","19":"product_tag-azul","20":"product_tag-azulejos","21":"product_tag-bordo","22":"product_tag-branco","23":"product_tag-castanho","24":"product_tag-cinzento","25":"product_tag-cortinados","26":"product_tag-decoracao","27":"product_tag-estampado","28":"product_tag-laranja","29":"product_tag-tecido-loneta","30":"product_tag-tradicional","32":"first","33":"instock","34":"taxable","35":"shipping-taxable","36":"purchasable","37":"product-type-simple"},"_links":{"self":[{"href":"https:\/\/dev.eunitecidos.pt\/es\/wp-json\/wp\/v2\/product\/8574","targetHints":{"allow":["GET"]}}],"collection":[{"href":"https:\/\/dev.eunitecidos.pt\/es\/wp-json\/wp\/v2\/product"}],"about":[{"href":"https:\/\/dev.eunitecidos.pt\/es\/wp-json\/wp\/v2\/types\/product"}],"replies":[{"embeddable":true,"href":"https:\/\/dev.eunitecidos.pt\/es\/wp-json\/wp\/v2\/comments?post=8574"}],"wp:featuredmedia":[{"embeddable":true,"href":"https:\/\/dev.eunitecidos.pt\/es\/wp-json\/wp\/v2\/media\/8543"}],"wp:attachment":[{"href":"https:\/\/dev.eunitecidos.pt\/es\/wp-json\/wp\/v2\/media?parent=8574"}],"wp:term":[{"taxonomy":"product_brand","embeddable":true,"href":"https:\/\/dev.eunitecidos.pt\/es\/wp-json\/wp\/v2\/product_brand?post=8574"},{"taxonomy":"product_cat","embeddable":true,"href":"https:\/\/dev.eunitecidos.pt\/es\/wp-json\/wp\/v2\/product_cat?post=8574"},{"taxonomy":"product_tag","embeddable":true,"href":"https:\/\/dev.eunitecidos.pt\/es\/wp-json\/wp\/v2\/product_tag?post=8574"}],"curies":[{"name":"wp","href":"https:\/\/api.w.org\/{rel}","templated":true}]}}