
{"id":8632,"date":"2021-10-20T20:26:35","date_gmt":"2021-10-20T20:26:35","guid":{"rendered":"https:\/\/dev.eunitecidos.pt\/?post_type=product&#038;p=8632"},"modified":"2026-01-23T05:04:30","modified_gmt":"2026-01-23T05:04:30","slug":"napa-liso-dolaro-25-camel","status":"publish","type":"product","link":"https:\/\/dev.eunitecidos.pt\/es\/loja\/cores\/napa-liso-dolaro-25-camel\/","title":{"rendered":"Napa | Liso | Dolaro 25 | Camel"},"content":{"rendered":"<p>Napa | Liso | Dolaro 25 | Camel<\/p>\n<p>Datos t\u00e9cnicos:<\/p>\n<p>Grosor: 0,8 mm<\/p>\n<p>Anchura: 137 cm<\/p>\n<p>Capa superior: PVC 100%<\/p>\n<p>Capa inferior: 100% Poli\u00e9ster<\/p>\n<p>Peso: 500+8% gr\/m2<\/p>\n<p>Superficie antibacteriana (con certificaci\u00f3n ISO22196-2011)<\/p>\n<p>Ign\u00edfugo aprobado<\/p>","protected":false},"excerpt":{"rendered":"<p>Napa | Liso | Dolaro 25 | Camel Datos t\u00e9cnicos: Grosor: 0,8 mm Anchura: 137 cm Capa superior: 100% PVC Capa inferior: 100% Poli\u00e9ster Peso: 500+8% gr\/m2 Superficie antibacteriana (certificado ISO22196-2011) Ign\u00edfugo aprobado<\/p>","protected":false},"featured_media":8610,"comment_status":"closed","ping_status":"closed","template":"","meta":{"_seopress_robots_primary_cat":"122","_seopress_titles_title":"Tecido Napa Liso Dolaro 25 Camel | Ficha T\u00e9cnica e Especifica\u00e7\u00f5es","_seopress_titles_desc":"Conhe\u00e7a o tecido Napa Liso Dolaro 25 na cor Camel. Espessura de 0.8 mm, largura de 137 cm e peso de 500+8% gr\/m2. Superf\u00edcie antibacteriana e retardamento de chamas aprovado.","_seopress_robots_index":""},"product_brand":[],"product_cat":[130,122,1756,1755,69],"product_tag":[602,770,706,1752,677,1751,1753],"class_list":{"0":"post-8632","1":"product","2":"type-product","3":"status-publish","4":"has-post-thumbnail","6":"product_cat-castanho","7":"product_cat-cores","8":"product_cat-lisas-napas","9":"product_cat-napas","10":"product_cat-texteis","11":"product_tag-camel","12":"product_tag-costura-criativa","13":"product_tag-decoracao","14":"product_tag-dolaro","15":"product_tag-liso","16":"product_tag-napa","17":"product_tag-pvc","19":"first","20":"instock","21":"taxable","22":"shipping-taxable","23":"purchasable","24":"product-type-simple"},"_links":{"self":[{"href":"https:\/\/dev.eunitecidos.pt\/es\/wp-json\/wp\/v2\/product\/8632","targetHints":{"allow":["GET"]}}],"collection":[{"href":"https:\/\/dev.eunitecidos.pt\/es\/wp-json\/wp\/v2\/product"}],"about":[{"href":"https:\/\/dev.eunitecidos.pt\/es\/wp-json\/wp\/v2\/types\/product"}],"replies":[{"embeddable":true,"href":"https:\/\/dev.eunitecidos.pt\/es\/wp-json\/wp\/v2\/comments?post=8632"}],"wp:featuredmedia":[{"embeddable":true,"href":"https:\/\/dev.eunitecidos.pt\/es\/wp-json\/wp\/v2\/media\/8610"}],"wp:attachment":[{"href":"https:\/\/dev.eunitecidos.pt\/es\/wp-json\/wp\/v2\/media?parent=8632"}],"wp:term":[{"taxonomy":"product_brand","embeddable":true,"href":"https:\/\/dev.eunitecidos.pt\/es\/wp-json\/wp\/v2\/product_brand?post=8632"},{"taxonomy":"product_cat","embeddable":true,"href":"https:\/\/dev.eunitecidos.pt\/es\/wp-json\/wp\/v2\/product_cat?post=8632"},{"taxonomy":"product_tag","embeddable":true,"href":"https:\/\/dev.eunitecidos.pt\/es\/wp-json\/wp\/v2\/product_tag?post=8632"}],"curies":[{"name":"wp","href":"https:\/\/api.w.org\/{rel}","templated":true}]}}