
{"id":8708,"date":"2021-10-21T12:13:30","date_gmt":"2021-10-21T12:13:30","guid":{"rendered":"https:\/\/dev.eunitecidos.pt\/?post_type=product&#038;p=8708"},"modified":"2024-09-12T13:14:17","modified_gmt":"2024-09-12T13:14:17","slug":"coralina-estampado-xadrez-2","status":"publish","type":"product","link":"https:\/\/dev.eunitecidos.pt\/es\/loja\/cores\/coralina-estampado-xadrez-2\/","title":{"rendered":"Coralina | Estampado| A cuadros"},"content":{"rendered":"<p>Coralina | Estampado| A cuadros<\/p>\n<p>Tejido de pelo corto en ambos lados, con un alto nivel de protecci\u00f3n contra el fr\u00edo.<\/p>\n<p>Tacto suave y liso, muy agradable al contacto con la piel<\/p>\n<p>Ideal para confeccionar art\u00edculos para beb\u00e9s y ni\u00f1os, como mantas, pijamas, jerseys, fundas de almohada, etc.<\/p>\n<p>100% Poli\u00e9ster<\/p>\n<p>1,50 Anchura<\/p>","protected":false},"excerpt":{"rendered":"<p>Coralina | Estampado| Xadrez Tecido de p\u00ealo curto nas duas faces, com elevado n\u00edvel de prote\u00e7\u00e3o contra o frio. Toque macio e suave muito agrad\u00e1vel no contacto com a pele Ideal para a confe\u00e7\u00e3o de pe\u00e7as para beb\u00e9s e crian\u00e7as, como por exemplo: mantinhas, pijamas, agasalhos, fronhas, etc&#8230; 100% Polyester 1,50 Largura<\/p>","protected":false},"featured_media":8678,"comment_status":"closed","ping_status":"closed","template":"","meta":{"_seopress_robots_primary_cat":"122","_seopress_titles_title":"Tecido de p\u00ealo curto Coralina Estampada Xadrez 100% Poli\u00e9ster 1,50m","_seopress_titles_desc":"Tecido de p\u00ealo curto nas duas faces, macio e suave ao toque. Ideal para pe\u00e7as de beb\u00e9s e crian\u00e7as. Prote\u00e7\u00e3o contra o frio. Confe\u00e7\u00e3o de mantinhas, pijamas, agasalhos, etc.","_seopress_robots_index":""},"product_brand":[],"product_cat":[124,145,122,231,129,127,69],"product_tag":[707,298,1692,1618,340,1451,1671,424,989,491,444],"class_list":{"0":"post-8708","1":"product","2":"type-product","3":"status-publish","4":"has-post-thumbnail","6":"product_cat-azul","7":"product_cat-coralinas","8":"product_cat-cores","9":"product_cat-estampadas-coralinas","10":"product_cat-laranja","11":"product_cat-preto","12":"product_cat-texteis","13":"product_tag-100-poliester","14":"product_tag-azul","15":"product_tag-conforto","16":"product_tag-coralina","17":"product_tag-estampado","18":"product_tag-frio","19":"product_tag-inverno","20":"product_tag-laranja","21":"product_tag-petroleo","22":"product_tag-preto","23":"product_tag-xadrez","25":"first","26":"instock","27":"taxable","28":"shipping-taxable","29":"purchasable","30":"product-type-simple"},"_links":{"self":[{"href":"https:\/\/dev.eunitecidos.pt\/es\/wp-json\/wp\/v2\/product\/8708","targetHints":{"allow":["GET"]}}],"collection":[{"href":"https:\/\/dev.eunitecidos.pt\/es\/wp-json\/wp\/v2\/product"}],"about":[{"href":"https:\/\/dev.eunitecidos.pt\/es\/wp-json\/wp\/v2\/types\/product"}],"replies":[{"embeddable":true,"href":"https:\/\/dev.eunitecidos.pt\/es\/wp-json\/wp\/v2\/comments?post=8708"}],"wp:featuredmedia":[{"embeddable":true,"href":"https:\/\/dev.eunitecidos.pt\/es\/wp-json\/wp\/v2\/media\/8678"}],"wp:attachment":[{"href":"https:\/\/dev.eunitecidos.pt\/es\/wp-json\/wp\/v2\/media?parent=8708"}],"wp:term":[{"taxonomy":"product_brand","embeddable":true,"href":"https:\/\/dev.eunitecidos.pt\/es\/wp-json\/wp\/v2\/product_brand?post=8708"},{"taxonomy":"product_cat","embeddable":true,"href":"https:\/\/dev.eunitecidos.pt\/es\/wp-json\/wp\/v2\/product_cat?post=8708"},{"taxonomy":"product_tag","embeddable":true,"href":"https:\/\/dev.eunitecidos.pt\/es\/wp-json\/wp\/v2\/product_tag?post=8708"}],"curies":[{"name":"wp","href":"https:\/\/api.w.org\/{rel}","templated":true}]}}