
{"id":8830,"date":"2021-10-21T20:59:02","date_gmt":"2021-10-21T20:59:02","guid":{"rendered":"https:\/\/dev.eunitecidos.pt\/?post_type=product&#038;p=8830"},"modified":"2024-05-28T13:42:27","modified_gmt":"2024-05-28T13:42:27","slug":"cordao-de-lurex-4mm-prateado","status":"publish","type":"product","link":"https:\/\/dev.eunitecidos.pt\/es\/loja\/cores\/cordao-de-lurex-4mm-prateado\/","title":{"rendered":"Cord\u00f3n Lurex | 4mm | Plata"},"content":{"rendered":"<p>Cord\u00f3n Lurex | 4mm | Plata<\/p>\n<p>Cord\u00f3n de l\u00farex<\/p>\n<p>Espesor 4 mm<\/p>\n<p>Ideal para bolsos, taleigos, etc...<\/p>\n<p>&nbsp;<\/p>","protected":false},"excerpt":{"rendered":"<p>Cord\u00e3o De Lurex | 4mm | Prateado Cord\u00e3o de Lurex Espessura 4mm Cord\u00e3o Ideal para sacos, taleigos, etc&#8230; &nbsp;<\/p>","protected":false},"featured_media":8737,"comment_status":"closed","ping_status":"closed","template":"","meta":{"_seopress_robots_primary_cat":"122","_seopress_titles_title":"Cord\u00e3o de Lurex Prateado 4mm para sacos e taleigos","_seopress_titles_desc":"Descobre o cord\u00e3o de lurex prateado, espessura 4mm, ideal para dar um toque especial aos teus sacos e taleigos. Encomenda j\u00e1!","_seopress_robots_index":""},"product_brand":[],"product_cat":[128,182,122,72],"product_tag":[1095,903,1705,612],"class_list":{"0":"post-8830","1":"product","2":"type-product","3":"status-publish","4":"has-post-thumbnail","6":"product_cat-cinzento","7":"product_cat-cordao-algodao","8":"product_cat-cores","9":"product_cat-retrosaria","10":"product_tag-4mm","11":"product_tag-cordao","12":"product_tag-lurex-prateado","13":"product_tag-retrosaria","15":"first","16":"instock","17":"taxable","18":"shipping-taxable","19":"purchasable","20":"product-type-simple"},"_links":{"self":[{"href":"https:\/\/dev.eunitecidos.pt\/es\/wp-json\/wp\/v2\/product\/8830","targetHints":{"allow":["GET"]}}],"collection":[{"href":"https:\/\/dev.eunitecidos.pt\/es\/wp-json\/wp\/v2\/product"}],"about":[{"href":"https:\/\/dev.eunitecidos.pt\/es\/wp-json\/wp\/v2\/types\/product"}],"replies":[{"embeddable":true,"href":"https:\/\/dev.eunitecidos.pt\/es\/wp-json\/wp\/v2\/comments?post=8830"}],"wp:featuredmedia":[{"embeddable":true,"href":"https:\/\/dev.eunitecidos.pt\/es\/wp-json\/wp\/v2\/media\/8737"}],"wp:attachment":[{"href":"https:\/\/dev.eunitecidos.pt\/es\/wp-json\/wp\/v2\/media?parent=8830"}],"wp:term":[{"taxonomy":"product_brand","embeddable":true,"href":"https:\/\/dev.eunitecidos.pt\/es\/wp-json\/wp\/v2\/product_brand?post=8830"},{"taxonomy":"product_cat","embeddable":true,"href":"https:\/\/dev.eunitecidos.pt\/es\/wp-json\/wp\/v2\/product_cat?post=8830"},{"taxonomy":"product_tag","embeddable":true,"href":"https:\/\/dev.eunitecidos.pt\/es\/wp-json\/wp\/v2\/product_tag?post=8830"}],"curies":[{"name":"wp","href":"https:\/\/api.w.org\/{rel}","templated":true}]}}