
{"id":8904,"date":"2021-10-23T13:04:50","date_gmt":"2021-10-23T13:04:50","guid":{"rendered":"https:\/\/dev.eunitecidos.pt\/?post_type=product&#038;p=8904"},"modified":"2023-12-11T09:58:18","modified_gmt":"2023-12-11T09:58:18","slug":"malha-boneca-jersey-liso-2","status":"publish","type":"product","link":"https:\/\/dev.eunitecidos.pt\/es\/loja\/cores\/malha-boneca-jersey-liso-2\/","title":{"rendered":"Punto de mu\u00f1eca | Jersey | Liso"},"content":{"rendered":"<p>Punto de mu\u00f1eca | Jersey | Liso<\/p>\n<p>Punto supersuave en tres tonos de piel.<\/p>\n<p>Se utiliza sobre todo para fabricar mu\u00f1ecas y art\u00edculos para beb\u00e9s.<\/p>\n<p>Punto jersey 100% Algod\u00f3n ligeramente el\u00e1stico.<\/p>\n<p>1,50 Anchura<\/p>","protected":false},"excerpt":{"rendered":"<p>Malha Boneca | Jersey | Liso Malha super suave, em tr\u00eas tons de pele. Maioritariamente utilizada para a confe\u00e7\u00e3o de bonecas e artigos de beb\u00e9. Malha Jersey 100% Algod\u00e3o com ligeira elasticidade. 1,50 Largura<\/p>","protected":false},"featured_media":8900,"comment_status":"closed","ping_status":"closed","template":"","meta":{"_seopress_robots_primary_cat":"122","_seopress_titles_title":"Malha Boneca | Jersey | Liso | 100% Algod\u00e3o","_seopress_titles_desc":"Malha super suave ideal para bonecas e artigos de beb\u00e9. Confe\u00e7\u00e3o perfeita com ligeira elasticidade. Descubra agora!","_seopress_robots_index":""},"product_brand":[],"product_cat":[130,122,140,216,69],"product_tag":[315,677,1800,1673,1803],"class_list":{"0":"post-8904","1":"product","2":"type-product","3":"status-publish","4":"has-post-thumbnail","6":"product_cat-castanho","7":"product_cat-cores","8":"product_cat-jerseys","9":"product_cat-malha-boneca","10":"product_cat-texteis","11":"product_tag-100-algodao","12":"product_tag-liso","13":"product_tag-malha-de-boneca","14":"product_tag-malha-jersey","15":"product_tag-tom-de-pele-castanho","17":"first","18":"instock","19":"taxable","20":"shipping-taxable","21":"purchasable","22":"product-type-simple"},"_links":{"self":[{"href":"https:\/\/dev.eunitecidos.pt\/es\/wp-json\/wp\/v2\/product\/8904","targetHints":{"allow":["GET"]}}],"collection":[{"href":"https:\/\/dev.eunitecidos.pt\/es\/wp-json\/wp\/v2\/product"}],"about":[{"href":"https:\/\/dev.eunitecidos.pt\/es\/wp-json\/wp\/v2\/types\/product"}],"replies":[{"embeddable":true,"href":"https:\/\/dev.eunitecidos.pt\/es\/wp-json\/wp\/v2\/comments?post=8904"}],"wp:featuredmedia":[{"embeddable":true,"href":"https:\/\/dev.eunitecidos.pt\/es\/wp-json\/wp\/v2\/media\/8900"}],"wp:attachment":[{"href":"https:\/\/dev.eunitecidos.pt\/es\/wp-json\/wp\/v2\/media?parent=8904"}],"wp:term":[{"taxonomy":"product_brand","embeddable":true,"href":"https:\/\/dev.eunitecidos.pt\/es\/wp-json\/wp\/v2\/product_brand?post=8904"},{"taxonomy":"product_cat","embeddable":true,"href":"https:\/\/dev.eunitecidos.pt\/es\/wp-json\/wp\/v2\/product_cat?post=8904"},{"taxonomy":"product_tag","embeddable":true,"href":"https:\/\/dev.eunitecidos.pt\/es\/wp-json\/wp\/v2\/product_tag?post=8904"}],"curies":[{"name":"wp","href":"https:\/\/api.w.org\/{rel}","templated":true}]}}