
{"id":9067,"date":"2021-11-01T19:04:37","date_gmt":"2021-11-01T19:04:37","guid":{"rendered":"https:\/\/dev.eunitecidos.pt\/?post_type=product&#038;p=9067"},"modified":"2021-11-01T19:11:49","modified_gmt":"2021-11-01T19:11:49","slug":"tecido-hp-estampado-lurex-prateado","status":"publish","type":"product","link":"https:\/\/dev.eunitecidos.pt\/es\/loja\/cores\/tecido-hp-estampado-lurex-prateado\/","title":{"rendered":"Hp Tela | Impreso | Lurex | Plata"},"content":{"rendered":"<p>Hp Tela | Impreso | Lurex | Plata<\/p>\n<p>Hilo de l\u00farex plateado<\/p>\n<p>Composici\u00f3n: 65% Algod\u00f3n\/35% Poli\u00e9ster<\/p>\n<p>2,80 Anchura<\/p>","protected":false},"excerpt":{"rendered":"<p>Tecido Hp | Estampado | Lurex | Prateado Fio de Lurex Prateado Composi\u00e7\u00e3o: 65% Algod\u00e3o\/35% Poli\u00e9ster 2,80 Largura<\/p>","protected":false},"featured_media":9019,"comment_status":"closed","ping_status":"closed","template":"","meta":{"_seopress_robots_primary_cat":"122","_seopress_titles_title":"Tecido Hp Estampado Lurex Prateado | Composi\u00e7\u00e3o 65% Algod\u00e3o\/35% Poli\u00e9ster | 2,80 Largura","_seopress_titles_desc":"Descubra o fascinante tecido HP estampado com fio de lurex prateado, perfeito para os seus projetos de costura. Composi\u00e7\u00e3o de 65% algod\u00e3o e 35% poli\u00e9ster, largura de 2,80 metros.","_seopress_robots_index":""},"product_brand":[],"product_cat":[131,128,122,244,242,159,69],"product_tag":[319,321,823,706,340,1793,1575,897,1809,1659,591],"class_list":{"0":"post-9067","1":"product","2":"type-product","3":"status-publish","4":"has-post-thumbnail","6":"product_cat-branco","7":"product_cat-cinzento","8":"product_cat-cores","9":"product_cat-estampadas-lonetas","10":"product_cat-lonetas","11":"product_cat-tecidos-decoracao","12":"product_cat-texteis","13":"product_tag-bege","14":"product_tag-branco","15":"product_tag-cortinados","16":"product_tag-decoracao","17":"product_tag-estampado","18":"product_tag-lurex","19":"product_tag-natal","20":"product_tag-prateado","21":"product_tag-prateado-lurex","22":"product_tag-tecido-loneta","23":"product_tag-toalhas","25":"first","26":"instock","27":"taxable","28":"shipping-taxable","29":"purchasable","30":"product-type-simple"},"_links":{"self":[{"href":"https:\/\/dev.eunitecidos.pt\/es\/wp-json\/wp\/v2\/product\/9067","targetHints":{"allow":["GET"]}}],"collection":[{"href":"https:\/\/dev.eunitecidos.pt\/es\/wp-json\/wp\/v2\/product"}],"about":[{"href":"https:\/\/dev.eunitecidos.pt\/es\/wp-json\/wp\/v2\/types\/product"}],"replies":[{"embeddable":true,"href":"https:\/\/dev.eunitecidos.pt\/es\/wp-json\/wp\/v2\/comments?post=9067"}],"wp:featuredmedia":[{"embeddable":true,"href":"https:\/\/dev.eunitecidos.pt\/es\/wp-json\/wp\/v2\/media\/9019"}],"wp:attachment":[{"href":"https:\/\/dev.eunitecidos.pt\/es\/wp-json\/wp\/v2\/media?parent=9067"}],"wp:term":[{"taxonomy":"product_brand","embeddable":true,"href":"https:\/\/dev.eunitecidos.pt\/es\/wp-json\/wp\/v2\/product_brand?post=9067"},{"taxonomy":"product_cat","embeddable":true,"href":"https:\/\/dev.eunitecidos.pt\/es\/wp-json\/wp\/v2\/product_cat?post=9067"},{"taxonomy":"product_tag","embeddable":true,"href":"https:\/\/dev.eunitecidos.pt\/es\/wp-json\/wp\/v2\/product_tag?post=9067"}],"curies":[{"name":"wp","href":"https:\/\/api.w.org\/{rel}","templated":true}]}}