
{"id":9491,"date":"2021-11-12T17:53:04","date_gmt":"2021-11-12T17:53:04","guid":{"rendered":"https:\/\/dev.eunitecidos.pt\/?post_type=product&#038;p=9491"},"modified":"2025-07-30T09:52:57","modified_gmt":"2025-07-30T09:52:57","slug":"musselinas-algodao-organico-vermelho","status":"publish","type":"product","link":"https:\/\/dev.eunitecidos.pt\/es\/loja\/cores\/musselinas-algodao-organico-vermelho\/","title":{"rendered":"Musselinas | Algod\u00e3o Org\u00e2nico | Vermelho (4001)"},"content":{"rendered":"<p>Muselina | Algod\u00f3n org\u00e1nico | Rojo<\/p>\n<p>Algod\u00f3n org\u00e1nico<\/p>\n<p>1,40 Anchura<\/p>\n<p>Certificado Oeko-tex<\/p>\n<p>Doble muselina de algod\u00f3n, adecuada para diversos usos como ropa, pa\u00f1ales, mantas de verano, doudous.<\/p>","protected":false},"excerpt":{"rendered":"<p>Musselinas | Algod\u00e3o Org\u00e2nico | Vermelho Algod\u00e3o Org\u00e2nico 1.40 Largura Certificado Oeko-tex Musselina Dupla de Algod\u00e3o, indicada para v\u00e1rias utiliza\u00e7\u00f5es como vestu\u00e1rio, fraldas, mantas de ver\u00e3o, doudous.<\/p>","protected":false},"featured_media":9485,"comment_status":"closed","ping_status":"closed","template":"","meta":{"_seopress_robots_primary_cat":"122","_seopress_titles_title":"Musselina Dupla de Algod\u00e3o Org\u00e2nico Vermelho 1.40 Largura","_seopress_titles_desc":"Descubra a versatilidade da musselina dupla de algod\u00e3o org\u00e2nico em vermelho. Certificada Oeko-tex, ideal para vestu\u00e1rio, fraldas e mantas de ver\u00e3o.","_seopress_robots_index":""},"product_brand":[],"product_cat":[122,217,141,69,126],"product_tag":[315,443,1638,733,453],"class_list":{"0":"post-9491","1":"product","2":"type-product","3":"status-publish","4":"has-post-thumbnail","6":"product_cat-cores","7":"product_cat-lisas","8":"product_cat-musselines","9":"product_cat-texteis","10":"product_cat-vermelho","11":"product_tag-100-algodao","12":"product_tag-algodao-organico","13":"product_tag-lisa","14":"product_tag-musselinas","15":"product_tag-vermelho","17":"first","18":"instock","19":"taxable","20":"shipping-taxable","21":"purchasable","22":"product-type-simple"},"_links":{"self":[{"href":"https:\/\/dev.eunitecidos.pt\/es\/wp-json\/wp\/v2\/product\/9491","targetHints":{"allow":["GET"]}}],"collection":[{"href":"https:\/\/dev.eunitecidos.pt\/es\/wp-json\/wp\/v2\/product"}],"about":[{"href":"https:\/\/dev.eunitecidos.pt\/es\/wp-json\/wp\/v2\/types\/product"}],"replies":[{"embeddable":true,"href":"https:\/\/dev.eunitecidos.pt\/es\/wp-json\/wp\/v2\/comments?post=9491"}],"wp:featuredmedia":[{"embeddable":true,"href":"https:\/\/dev.eunitecidos.pt\/es\/wp-json\/wp\/v2\/media\/9485"}],"wp:attachment":[{"href":"https:\/\/dev.eunitecidos.pt\/es\/wp-json\/wp\/v2\/media?parent=9491"}],"wp:term":[{"taxonomy":"product_brand","embeddable":true,"href":"https:\/\/dev.eunitecidos.pt\/es\/wp-json\/wp\/v2\/product_brand?post=9491"},{"taxonomy":"product_cat","embeddable":true,"href":"https:\/\/dev.eunitecidos.pt\/es\/wp-json\/wp\/v2\/product_cat?post=9491"},{"taxonomy":"product_tag","embeddable":true,"href":"https:\/\/dev.eunitecidos.pt\/es\/wp-json\/wp\/v2\/product_tag?post=9491"}],"curies":[{"name":"wp","href":"https:\/\/api.w.org\/{rel}","templated":true}]}}