
{"id":9732,"date":"2021-11-17T19:25:29","date_gmt":"2021-11-17T19:25:29","guid":{"rendered":"https:\/\/dev.eunitecidos.pt\/?post_type=product&#038;p=9732"},"modified":"2025-01-22T13:50:54","modified_gmt":"2025-01-22T13:50:54","slug":"melton-liso-cinza-claro","status":"publish","type":"product","link":"https:\/\/dev.eunitecidos.pt\/es\/loja\/texteis\/melton-liso-cinza-claro\/","title":{"rendered":"Melton | Liso | Gris claro"},"content":{"rendered":"<p>Melton | Liso | Gris claro<\/p>\n<p><span style=\"font-size: 14.4px\">Tejido c\u00e1lido y grueso, ideal para capas, abrigos, mantas, etc.<\/span><\/p>\n<p>Composici\u00f3n: 80% Poli\u00e9ster 18% Viscosa 2% Elastano<\/p>\n<p>1,50 Anchura 370 gr\/m2<\/p>","protected":false},"excerpt":{"rendered":"<p>Melton | Liso | Cinza Claro Tecido quente e pesado, ideal para capas, casacos, mantas, etc&#8230; Composi\u00e7\u00e3o: 80% Poli\u00e9ster 18% Viscose 2% Elastano 1,50 Largura 370 gr\/m2<\/p>","protected":false},"featured_media":9712,"comment_status":"closed","ping_status":"closed","template":"","meta":{"_seopress_robots_primary_cat":"69","_seopress_titles_title":"Tecido Melton Cinza Claro para Casacos e Mantas","_seopress_titles_desc":"Descubra o tecido Melton cinza claro, perfeito para casacos, capas, mantas, etc. Confeccionado com 80% Poli\u00e9ster, 18% Viscose e 2% Elastano. Descubra mais!","_seopress_robots_index":""},"product_brand":[],"product_cat":[1696,1855,1695,69],"product_tag":[1677,1701,1631,1676,677,1854,1693,378],"class_list":{"0":"post-9732","1":"product","2":"type-product","3":"status-publish","4":"has-post-thumbnail","6":"product_cat-lisos-tecidos-de-vestuario","7":"product_cat-tecidos-de-vestuario-lisos-tecidos-de-vestuario","8":"product_cat-tecidos-de-vestuario","9":"product_cat-texteis","10":"product_tag-capas","11":"product_tag-casacos","12":"product_tag-cinza-claro","13":"product_tag-colecao-outono-inverno","14":"product_tag-liso","15":"product_tag-melton","16":"product_tag-tecido-confecao","17":"product_tag-vestuario","19":"first","20":"instock","21":"taxable","22":"shipping-taxable","23":"purchasable","24":"product-type-simple"},"_links":{"self":[{"href":"https:\/\/dev.eunitecidos.pt\/es\/wp-json\/wp\/v2\/product\/9732","targetHints":{"allow":["GET"]}}],"collection":[{"href":"https:\/\/dev.eunitecidos.pt\/es\/wp-json\/wp\/v2\/product"}],"about":[{"href":"https:\/\/dev.eunitecidos.pt\/es\/wp-json\/wp\/v2\/types\/product"}],"replies":[{"embeddable":true,"href":"https:\/\/dev.eunitecidos.pt\/es\/wp-json\/wp\/v2\/comments?post=9732"}],"wp:featuredmedia":[{"embeddable":true,"href":"https:\/\/dev.eunitecidos.pt\/es\/wp-json\/wp\/v2\/media\/9712"}],"wp:attachment":[{"href":"https:\/\/dev.eunitecidos.pt\/es\/wp-json\/wp\/v2\/media?parent=9732"}],"wp:term":[{"taxonomy":"product_brand","embeddable":true,"href":"https:\/\/dev.eunitecidos.pt\/es\/wp-json\/wp\/v2\/product_brand?post=9732"},{"taxonomy":"product_cat","embeddable":true,"href":"https:\/\/dev.eunitecidos.pt\/es\/wp-json\/wp\/v2\/product_cat?post=9732"},{"taxonomy":"product_tag","embeddable":true,"href":"https:\/\/dev.eunitecidos.pt\/es\/wp-json\/wp\/v2\/product_tag?post=9732"}],"curies":[{"name":"wp","href":"https:\/\/api.w.org\/{rel}","templated":true}]}}