
{"id":9736,"date":"2021-11-17T19:31:06","date_gmt":"2021-11-17T19:31:06","guid":{"rendered":"https:\/\/dev.eunitecidos.pt\/?post_type=product&#038;p=9736"},"modified":"2025-12-11T10:45:41","modified_gmt":"2025-12-11T10:45:41","slug":"melton-liso-verde-escuro","status":"publish","type":"product","link":"https:\/\/dev.eunitecidos.pt\/es\/loja\/texteis\/melton-liso-verde-escuro\/","title":{"rendered":"Melton | Liso | Verde oscuro"},"content":{"rendered":"<p>Melton | Liso | Verde oscuro<\/p>\n<p><span style=\"font-size: 14.4px\">Tejido c\u00e1lido y grueso, ideal para capas, abrigos, mantas, etc.<\/span><\/p>\n<p>Composici\u00f3n: 80% Poli\u00e9ster 18% Viscosa 2% Elastano<\/p>\n<p>1,50 Anchura 370 gr\/m2<\/p>\n<p>Descubra o tecido quente Melton verde escuro, perfeito para capas, casacos e mantas. Composi\u00e7\u00e3o: 80% Poli\u00e9ster, 18% Viscose, 2% Elastano. Encomende j\u00e1!<\/p>","protected":false},"excerpt":{"rendered":"<p>Melton | Liso | Verde Escuro Tecido quente e pesado, ideal para capas, casacos, mantas, etc&#8230; Composi\u00e7\u00e3o: 80% Poli\u00e9ster 18% Viscose 2% Elastano 1,50 Largura 370 gr\/m2 Descubra o tecido quente Melton verde escuro, perfeito para capas, casacos e mantas. Composi\u00e7\u00e3o: 80% Poli\u00e9ster, 18% Viscose, 2% Elastano. Encomende j\u00e1!<\/p>","protected":false},"featured_media":9708,"comment_status":"closed","ping_status":"closed","template":"","meta":{"_seopress_robots_primary_cat":"69","_seopress_titles_title":"Tecido Melton Verde Escuro - Ideal para Capas e Casacos","_seopress_titles_desc":"Descubra o tecido quente Melton verde escuro, perfeito para capas, casacos e mantas. Composi\u00e7\u00e3o: 80% Poli\u00e9ster, 18% Viscose, 2% Elastano. Encomende j\u00e1!","_seopress_robots_index":""},"product_brand":[],"product_cat":[1696,1855,1695,69],"product_tag":[1676,677,1854,1693,1472,378],"class_list":{"0":"post-9736","1":"product","2":"type-product","3":"status-publish","4":"has-post-thumbnail","6":"product_cat-lisos-tecidos-de-vestuario","7":"product_cat-tecidos-de-vestuario-lisos-tecidos-de-vestuario","8":"product_cat-tecidos-de-vestuario","9":"product_cat-texteis","10":"product_tag-colecao-outono-inverno","11":"product_tag-liso","12":"product_tag-melton","13":"product_tag-tecido-confecao","14":"product_tag-verde-escuro","15":"product_tag-vestuario","17":"first","18":"instock","19":"taxable","20":"shipping-taxable","21":"purchasable","22":"product-type-simple"},"_links":{"self":[{"href":"https:\/\/dev.eunitecidos.pt\/es\/wp-json\/wp\/v2\/product\/9736","targetHints":{"allow":["GET"]}}],"collection":[{"href":"https:\/\/dev.eunitecidos.pt\/es\/wp-json\/wp\/v2\/product"}],"about":[{"href":"https:\/\/dev.eunitecidos.pt\/es\/wp-json\/wp\/v2\/types\/product"}],"replies":[{"embeddable":true,"href":"https:\/\/dev.eunitecidos.pt\/es\/wp-json\/wp\/v2\/comments?post=9736"}],"wp:featuredmedia":[{"embeddable":true,"href":"https:\/\/dev.eunitecidos.pt\/es\/wp-json\/wp\/v2\/media\/9708"}],"wp:attachment":[{"href":"https:\/\/dev.eunitecidos.pt\/es\/wp-json\/wp\/v2\/media?parent=9736"}],"wp:term":[{"taxonomy":"product_brand","embeddable":true,"href":"https:\/\/dev.eunitecidos.pt\/es\/wp-json\/wp\/v2\/product_brand?post=9736"},{"taxonomy":"product_cat","embeddable":true,"href":"https:\/\/dev.eunitecidos.pt\/es\/wp-json\/wp\/v2\/product_cat?post=9736"},{"taxonomy":"product_tag","embeddable":true,"href":"https:\/\/dev.eunitecidos.pt\/es\/wp-json\/wp\/v2\/product_tag?post=9736"}],"curies":[{"name":"wp","href":"https:\/\/api.w.org\/{rel}","templated":true}]}}