
{"id":10601,"date":"2021-12-14T20:26:44","date_gmt":"2021-12-14T20:26:44","guid":{"rendered":"https:\/\/dev.eunitecidos.pt\/?post_type=product&#038;p=10601"},"modified":"2025-09-25T13:14:36","modified_gmt":"2025-09-25T13:14:36","slug":"tecidos-resinados-lisos-cinza-claro-50","status":"publish","type":"product","link":"https:\/\/dev.eunitecidos.pt\/fr\/loja\/plastificados\/resinados\/tecidos-resinados-lisos-cinza-claro-50\/","title":{"rendered":"Tissus en r\u00e9sine | uni | gris clair 50"},"content":{"rendered":"<p>Tissus en r\u00e9sine | uni | gris clair 50<\/p>\n<p>1.40 Largeur<\/p>\n<p>Tissus imperm\u00e9ables, parfaits pour l'ext\u00e9rieur, tissus r\u00e9sistants, qui ne chauffent pas au soleil.<\/p>\n<p>Tissus doux et confortables au toucher.<\/p>","protected":false},"excerpt":{"rendered":"<p>Tissus en r\u00e9sine | Uni | Gris clair 50 1.40 Largeur Tissus imperm\u00e9ables, parfaits pour l'ext\u00e9rieur, tissus r\u00e9sistants, ne chauffent pas au soleil. Doux et confortable au toucher.<\/p>","protected":false},"featured_media":10594,"comment_status":"closed","ping_status":"closed","template":"","meta":{"_seopress_robots_primary_cat":"163","_seopress_titles_title":"Tecidos Resinados Cinza Claro - Imperme\u00e1veis e Confort\u00e1veis","_seopress_titles_desc":"Descubra os tecidos resinados lisos em cinza claro para exteriores. Leves, resistentes e male\u00e1veis, ideais para o seu projeto. Compre j\u00e1!","_seopress_robots_index":""},"product_brand":[],"product_cat":[254,163],"product_tag":[1631,951,677,784],"class_list":{"0":"post-10601","1":"product","2":"type-product","3":"status-publish","4":"has-post-thumbnail","6":"product_cat-lisos-resinados","7":"product_cat-resinados","8":"product_tag-cinza-claro","9":"product_tag-impermeavel","10":"product_tag-liso","11":"product_tag-tecidos-resinados","13":"first","14":"instock","15":"taxable","16":"shipping-taxable","17":"purchasable","18":"product-type-simple"},"_links":{"self":[{"href":"https:\/\/dev.eunitecidos.pt\/fr\/wp-json\/wp\/v2\/product\/10601","targetHints":{"allow":["GET"]}}],"collection":[{"href":"https:\/\/dev.eunitecidos.pt\/fr\/wp-json\/wp\/v2\/product"}],"about":[{"href":"https:\/\/dev.eunitecidos.pt\/fr\/wp-json\/wp\/v2\/types\/product"}],"replies":[{"embeddable":true,"href":"https:\/\/dev.eunitecidos.pt\/fr\/wp-json\/wp\/v2\/comments?post=10601"}],"wp:featuredmedia":[{"embeddable":true,"href":"https:\/\/dev.eunitecidos.pt\/fr\/wp-json\/wp\/v2\/media\/10594"}],"wp:attachment":[{"href":"https:\/\/dev.eunitecidos.pt\/fr\/wp-json\/wp\/v2\/media?parent=10601"}],"wp:term":[{"taxonomy":"product_brand","embeddable":true,"href":"https:\/\/dev.eunitecidos.pt\/fr\/wp-json\/wp\/v2\/product_brand?post=10601"},{"taxonomy":"product_cat","embeddable":true,"href":"https:\/\/dev.eunitecidos.pt\/fr\/wp-json\/wp\/v2\/product_cat?post=10601"},{"taxonomy":"product_tag","embeddable":true,"href":"https:\/\/dev.eunitecidos.pt\/fr\/wp-json\/wp\/v2\/product_tag?post=10601"}],"curies":[{"name":"wp","href":"https:\/\/api.w.org\/{rel}","templated":true}]}}