
{"id":10619,"date":"2021-12-11T20:39:44","date_gmt":"2021-12-11T20:39:44","guid":{"rendered":"https:\/\/dev.eunitecidos.pt\/?post_type=product&#038;p=10619"},"modified":"2021-12-11T20:39:44","modified_gmt":"2021-12-11T20:39:44","slug":"tecido-toalha-anti-nodoa-bananas","status":"publish","type":"product","link":"https:\/\/dev.eunitecidos.pt\/fr\/loja\/texteis\/tecido-toalha-anti-nodoa-bananas\/","title":{"rendered":"Tissu \u00e9ponge | Anti-taches | Bananes"},"content":{"rendered":"<p>Tissu \u00e9ponge | Anti-taches | Bananes<\/p>\n<p>Tissu fluide, id\u00e9al pour les nappes.<\/p>\n<p>S\u00e9chage rapide, r\u00e9sistant aux taches.<\/p>\n<p>100% Polyester<\/p>\n<p>1,50 Largeur<\/p>","protected":false},"excerpt":{"rendered":"<p>Tissu \u00e9ponge | Anti-taches | Bananes Tissu fluide, id\u00e9al pour les nappes. S\u00e8che rapidement et r\u00e9siste aux taches. 100% Polyester 1.50 Largeur<\/p>","protected":false},"featured_media":0,"comment_status":"closed","ping_status":"closed","template":"","meta":{"_seopress_robots_primary_cat":"69","_seopress_titles_title":"Tecido Toalha Anti N\u00f3doa | 100% Poli\u00e9ster","_seopress_titles_desc":"","_seopress_robots_index":""},"product_brand":[],"product_cat":[1665,69],"product_tag":[307,1810,1885,523],"class_list":{"0":"post-10619","1":"product","2":"type-product","3":"status-publish","5":"product_cat-atoalhados","6":"product_cat-texteis","7":"product_tag-amarelo","8":"product_tag-anti-nodoa","9":"product_tag-atoalhado","10":"product_tag-bananas","12":"first","13":"instock","14":"taxable","15":"shipping-taxable","16":"purchasable","17":"product-type-simple"},"_links":{"self":[{"href":"https:\/\/dev.eunitecidos.pt\/fr\/wp-json\/wp\/v2\/product\/10619","targetHints":{"allow":["GET"]}}],"collection":[{"href":"https:\/\/dev.eunitecidos.pt\/fr\/wp-json\/wp\/v2\/product"}],"about":[{"href":"https:\/\/dev.eunitecidos.pt\/fr\/wp-json\/wp\/v2\/types\/product"}],"replies":[{"embeddable":true,"href":"https:\/\/dev.eunitecidos.pt\/fr\/wp-json\/wp\/v2\/comments?post=10619"}],"wp:attachment":[{"href":"https:\/\/dev.eunitecidos.pt\/fr\/wp-json\/wp\/v2\/media?parent=10619"}],"wp:term":[{"taxonomy":"product_brand","embeddable":true,"href":"https:\/\/dev.eunitecidos.pt\/fr\/wp-json\/wp\/v2\/product_brand?post=10619"},{"taxonomy":"product_cat","embeddable":true,"href":"https:\/\/dev.eunitecidos.pt\/fr\/wp-json\/wp\/v2\/product_cat?post=10619"},{"taxonomy":"product_tag","embeddable":true,"href":"https:\/\/dev.eunitecidos.pt\/fr\/wp-json\/wp\/v2\/product_tag?post=10619"}],"curies":[{"name":"wp","href":"https:\/\/api.w.org\/{rel}","templated":true}]}}