
{"id":11244,"date":"2022-01-17T21:04:14","date_gmt":"2022-01-17T21:04:14","guid":{"rendered":"https:\/\/dev.eunitecidos.pt\/?post_type=product&#038;p=11244"},"modified":"2025-11-08T12:02:26","modified_gmt":"2025-11-08T12:02:26","slug":"linho-alentejano-basico-amarelo","status":"publish","type":"product","link":"https:\/\/dev.eunitecidos.pt\/fr\/loja\/texteis\/linho-alentejano-basico-amarelo\/","title":{"rendered":"Alentejo Linen | Basic | Jaune"},"content":{"rendered":"<p>Alentejo Linen | Basic | Jaune<\/p>\n<p>Tissu \u00e9pais id\u00e9al pour recouvrir les chaises et les canap\u00e9s. \u00c9galement largement utilis\u00e9<\/p>\n<p>couture cr\u00e9ative sur les valises, les sacs \u00e0 dos, les sacs, etc.<\/p>\n<p>Composition 90% Coton 10% Polyester 200gr\/M2<\/p>\n<p>2.80 Largeur<\/p>","protected":false},"excerpt":{"rendered":"<p>Alentejo Linen | Basic | Yellow Tissu \u00e9pais id\u00e9al pour le rev\u00eatement de chaises et de canap\u00e9s. Il est \u00e9galement tr\u00e8s utilis\u00e9 pour la couture cr\u00e9ative de valises, sacs \u00e0 dos, sacs, etc. Composition 90% Coton 10% Polyester 200gr\/M2 2.80 Largeur<\/p>","protected":false},"featured_media":11210,"comment_status":"closed","ping_status":"closed","template":"","meta":{"_seopress_robots_primary_cat":"69","_seopress_titles_title":"Tecido de Linho Alentejano Amarelo | Ideal para Estofar | Composi\u00e7\u00e3o 90% Algod\u00e3o 10% Linho","_seopress_titles_desc":"Descubra o tecido grosso perfeito para estofar m\u00f3veis e criar pe\u00e7as criativas em costura com o Linho Alentejano de cor amarela. Encomende j\u00e1!","_seopress_robots_index":""},"product_brand":[],"product_cat":[245,247,159,69],"product_tag":[772,307,771,823,770,706,2334,763,1980,1758],"class_list":{"0":"post-11244","1":"product","2":"type-product","3":"status-publish","4":"has-post-thumbnail","6":"product_cat-linho-alentejano","7":"product_cat-sem-brilho","8":"product_cat-tecidos-decoracao","9":"product_cat-texteis","10":"product_tag-almofadas","11":"product_tag-amarelo","12":"product_tag-colchas","13":"product_tag-cortinados","14":"product_tag-costura-criativa","15":"product_tag-decoracao","16":"product_tag-estofo","17":"product_tag-linho-alentejano","18":"product_tag-linho-sem-brilho","19":"product_tag-tecido-decoracao","21":"first","22":"instock","23":"taxable","24":"shipping-taxable","25":"purchasable","26":"product-type-simple"},"_links":{"self":[{"href":"https:\/\/dev.eunitecidos.pt\/fr\/wp-json\/wp\/v2\/product\/11244","targetHints":{"allow":["GET"]}}],"collection":[{"href":"https:\/\/dev.eunitecidos.pt\/fr\/wp-json\/wp\/v2\/product"}],"about":[{"href":"https:\/\/dev.eunitecidos.pt\/fr\/wp-json\/wp\/v2\/types\/product"}],"replies":[{"embeddable":true,"href":"https:\/\/dev.eunitecidos.pt\/fr\/wp-json\/wp\/v2\/comments?post=11244"}],"wp:featuredmedia":[{"embeddable":true,"href":"https:\/\/dev.eunitecidos.pt\/fr\/wp-json\/wp\/v2\/media\/11210"}],"wp:attachment":[{"href":"https:\/\/dev.eunitecidos.pt\/fr\/wp-json\/wp\/v2\/media?parent=11244"}],"wp:term":[{"taxonomy":"product_brand","embeddable":true,"href":"https:\/\/dev.eunitecidos.pt\/fr\/wp-json\/wp\/v2\/product_brand?post=11244"},{"taxonomy":"product_cat","embeddable":true,"href":"https:\/\/dev.eunitecidos.pt\/fr\/wp-json\/wp\/v2\/product_cat?post=11244"},{"taxonomy":"product_tag","embeddable":true,"href":"https:\/\/dev.eunitecidos.pt\/fr\/wp-json\/wp\/v2\/product_tag?post=11244"}],"curies":[{"name":"wp","href":"https:\/\/api.w.org\/{rel}","templated":true}]}}